{"id":24991,"date":"2026-01-09T10:48:10","date_gmt":"2026-01-09T09:48:10","guid":{"rendered":"https:\/\/stmmedicali.eu\/unita-terminali-gas-medicali\/"},"modified":"2026-03-27T09:49:26","modified_gmt":"2026-03-27T08:49:26","slug":"unites-terminales-gaz-medicaux","status":"publish","type":"page","link":"https:\/\/stmmedicali.eu\/fr\/unites-terminales-gaz-medicaux\/","title":{"rendered":"Unit\u00e9s terminales pour gaz m\u00e9dicaux"},"content":{"rendered":"\t\t<div data-elementor-type=\"wp-page\" data-elementor-id=\"24991\" class=\"elementor elementor-24991 elementor-23755\" data-elementor-post-type=\"page\">\n\t\t\t\t\t\t<section class=\"elementor-section elementor-top-section elementor-element elementor-element-84f944f elementor-section-boxed elementor-section-height-default elementor-section-height-default\" data-id=\"84f944f\" data-element_type=\"section\" data-e-type=\"section\">\n\t\t\t\t\t\t<div class=\"elementor-container elementor-column-gap-default\">\n\t\t\t\t\t<div class=\"elementor-column elementor-col-100 elementor-top-column elementor-element elementor-element-4e772f8\" data-id=\"4e772f8\" data-element_type=\"column\" data-e-type=\"column\">\n\t\t\t<div class=\"elementor-widget-wrap elementor-element-populated\">\n\t\t\t\t\t\t<div class=\"elementor-element elementor-element-11808a3 elementor-widget elementor-widget-text-editor\" data-id=\"11808a3\" data-element_type=\"widget\" data-e-type=\"widget\" data-widget_type=\"text-editor.default\">\n\t\t\t\t<div class=\"elementor-widget-container\">\n\t\t\t\t\t\t\t\t\t<p style=\"text-align: left;\">Les <strong>unit\u00e9s terminales pour gaz m\u00e9dicaux<\/strong> repr\u00e9sentent l&rsquo;\u00e9l\u00e9ment final du syst\u00e8me de distribution de gaz m\u00e9dicaux et d&rsquo;aspiration, constituant le point d&rsquo;utilisation direct sur lequel le professionnel de la sant\u00e9 pr\u00e9l\u00e8ve le gaz (consid\u00e9r\u00e9 comme m\u00e9dicament) via les embouts normalis\u00e9s correspondants. Au sein des \u00e9tablissements de sant\u00e9, les unit\u00e9s terminales pour gaz m\u00e9dicinaux sont install\u00e9es en combinaison avec d&rsquo;autres dispositifs m\u00e9dicaux tels que, par exemple, les gaines t\u00eates de lit et les colonnes suspendues.<\/p><p style=\"text-align: left;\">Chaque prise est d\u00e9di\u00e9e \u00e0 un gaz sp\u00e9cifique et est con\u00e7ue avec des profils diff\u00e9renci\u00e9s, de mani\u00e8re \u00e0 garantir une totale non-interchangeabilit\u00e9 entre les prises et les embouts. Ce principe de construction assure que chaque embout ne puisse \u00eatre connect\u00e9 qu&rsquo;\u00e0 la prise correcte, augmentant ainsi le niveau de s\u00e9curit\u00e9 de l&rsquo;installation. Tous les mat\u00e9riaux utilis\u00e9s sont compatibles avec l&rsquo;oxyg\u00e8ne, fournis propres et exempts de traces d&rsquo;huile, de graisse ou de poussi\u00e8res.<\/p><p style=\"text-align: left;\">D&rsquo;un point de vue fonctionnel, l&rsquo;unit\u00e9 terminale se caract\u00e9rise par une interface gaz sp\u00e9cifique qui permet la connexion au bloc de base. L&#8217;embout du gaz m\u00e9dical, fabriqu\u00e9 en laiton nickel\u00e9, pr\u00e9sente une g\u00e9om\u00e9trie d\u00e9di\u00e9e au mod\u00e8le d&rsquo;unit\u00e9 terminale et au gaz \u00e0 distribuer, garantissant une connexion s\u00fbre et imm\u00e9diatement reconnaissable, gr\u00e2ce \u00e9galement aux codes couleurs sp\u00e9cifiques aux gaz, au moment du branchement.<\/p><p style=\"text-align: left;\">Les <strong>unit\u00e9s terminales pour gaz m\u00e9dicaux<\/strong> sont disponibles en plusieurs configurations pour s&rsquo;adapter aux exigences de l&rsquo;installation et aux standards requis dans les divers environnements de sant\u00e9, y compris les applications encastr\u00e9es, en saillie et pour t\u00eates de lit. La gamme comprend des mod\u00e8les conformes aux principales normes internationales, dont les unit\u00e9s terminales <strong>AFNOR, UNI et NIST<\/strong>, ainsi que les versions <strong>BS et DIN.<\/strong><\/p>\t\t\t\t\t\t\t\t<\/div>\n\t\t\t\t<\/div>\n\t\t\t\t\t<\/div>\n\t\t<\/div>\n\t\t\t\t\t<\/div>\n\t\t<\/section>\n\t\t\t\t<section class=\"elementor-section elementor-top-section elementor-element elementor-element-d7b8b48 elementor-section-boxed elementor-section-height-default elementor-section-height-default\" data-id=\"d7b8b48\" data-element_type=\"section\" data-e-type=\"section\">\n\t\t\t\t\t\t<div class=\"elementor-container elementor-column-gap-default\">\n\t\t\t\t\t<div class=\"elementor-column elementor-col-100 elementor-top-column elementor-element elementor-element-8a756aa\" data-id=\"8a756aa\" data-element_type=\"column\" data-e-type=\"column\">\n\t\t\t<div class=\"elementor-widget-wrap elementor-element-populated\">\n\t\t\t\t\t\t<div class=\"elementor-element elementor-element-3684305 listing-pagination-border-style-gradient listing-pagination-background-style-solid elementor-widget elementor-widget-neuros_projects_listing\" data-id=\"3684305\" data-element_type=\"widget\" data-e-type=\"widget\" data-widget_type=\"neuros_projects_listing.default\">\n\t\t\t\t<div class=\"elementor-widget-container\">\n\t\t\t\t\t\n        <div class=\"neuros-projects-listing-widget\">\n\n            \n            \n            \n            <div class=\"archive-listing\" data-ajax='{&quot;post_type&quot;:&quot;neuros_project&quot;,&quot;post_status&quot;:&quot;publish&quot;,&quot;ignore_sticky_posts&quot;:true,&quot;suppress_filters&quot;:false,&quot;orderby&quot;:&quot;date&quot;,&quot;order&quot;:&quot;desc&quot;,&quot;link_base&quot;:&quot;https:\\\/\\\/stmmedicali.eu\\\/fr\\\/wp-json\\\/wp\\\/v2\\\/pages\\\/24991\\\/&quot;,&quot;neuros_project_category&quot;:[&quot;unita-termali-gas-medicali&quot;],&quot;posts_per_page&quot;:6,&quot;columns_number&quot;:2,&quot;paged&quot;:1}' data-widget='{&quot;item_class&quot;:&quot;project-item-wrapper&quot;,&quot;columns_number&quot;:2,&quot;listing_type&quot;:&quot;grid&quot;,&quot;text_position&quot;:&quot;inside&quot;,&quot;show_pagination&quot;:&quot;yes&quot;}'>\n                <div class=\"archive-listing-wrapper project-listing-wrapper text-position-inside project-grid-listing columns-2\">\n                    \n<div class=\"project-item-wrapper post-25173 neuros_project type-neuros_project status-publish has-post-thumbnail hentry neuros_project_category-unites-terminales-pour-gaz-medicaux\">\n    <div class=\"project-item\">\n    \t    \t\t\t<a href=\"https:\/\/stmmedicali.eu\/fr\/unites-terminales-agss-actif\" class=\"project-item-link\">\n\t\t            <span class=\"project-item-media\"><img decoding=\"async\" alt=\"_DSC7102 ATTIVA\" srcset=\"https:\/\/stmmedicali.eu\/wp-content\/uploads\/2026\/01\/DSC7102-ATTIVA.jpg 575w, https:\/\/stmmedicali.eu\/wp-content\/uploads\/2026\/01\/DSC7102-ATTIVA-500x500.jpg 991w, https:\/\/stmmedicali.eu\/wp-content\/uploads\/2026\/01\/DSC7102-ATTIVA.jpg 1340w\" sizes=\"(max-width: 575px) 575px, (max-width: 991px) 991px\" src=\"https:\/\/stmmedicali.eu\/wp-content\/uploads\/2026\/01\/DSC7102-ATTIVA.jpg\" class=\"attachment-neuros_portfolio_grid_2_columns size-neuros_portfolio_grid_2_columns wp-post-image\" \/><\/span><span class=\"project-item-content-wrapper\"><span class=\"project-item-content\"><span class=\"post-title\">Unit\u00e9s terminales AGSS \u2013 actif<\/span><\/span><\/span>\t\t        <\/a>\n\t\t            \t\t        \n    <\/div>\n<\/div>\n<div class=\"project-item-wrapper post-25169 neuros_project type-neuros_project status-publish has-post-thumbnail hentry neuros_project_category-unites-terminales-pour-gaz-medicaux\">\n    <div class=\"project-item\">\n    \t    \t\t\t<a href=\"https:\/\/stmmedicali.eu\/fr\/unites-terminales-agss-passif\" class=\"project-item-link\">\n\t\t            <span class=\"project-item-media\"><img decoding=\"async\" alt=\"UT AGSS PASSIVA\" srcset=\"https:\/\/stmmedicali.eu\/wp-content\/uploads\/2026\/01\/UT-AGSS-PASSIVA_DSC7113_STM.jpg 575w, https:\/\/stmmedicali.eu\/wp-content\/uploads\/2026\/01\/UT-AGSS-PASSIVA_DSC7113_STM-500x500.jpg 991w, https:\/\/stmmedicali.eu\/wp-content\/uploads\/2026\/01\/UT-AGSS-PASSIVA_DSC7113_STM.jpg 1340w\" sizes=\"(max-width: 575px) 575px, (max-width: 991px) 991px\" src=\"https:\/\/stmmedicali.eu\/wp-content\/uploads\/2026\/01\/UT-AGSS-PASSIVA_DSC7113_STM.jpg\" class=\"attachment-neuros_portfolio_grid_2_columns size-neuros_portfolio_grid_2_columns wp-post-image\" \/><\/span><span class=\"project-item-content-wrapper\"><span class=\"project-item-content\"><span class=\"post-title\">Unit\u00e9s terminales AGSS \u2013 passif<\/span><\/span><\/span>\t\t        <\/a>\n\t\t            \t\t        \n    <\/div>\n<\/div>\n<div class=\"project-item-wrapper post-25165 neuros_project type-neuros_project status-publish has-post-thumbnail hentry neuros_project_category-unites-terminales-pour-gaz-medicaux\">\n    <div class=\"project-item\">\n    \t    \t\t\t<a href=\"https:\/\/stmmedicali.eu\/fr\/unites-terminales-afnor\" class=\"project-item-link\">\n\t\t            <span class=\"project-item-media\"><img decoding=\"async\" alt=\"Unita\u0300 terminali AFNOR1_STM\" srcset=\"https:\/\/stmmedicali.eu\/wp-content\/uploads\/2026\/01\/Unita-terminali-AFNOR1_STM.jpg 575w, https:\/\/stmmedicali.eu\/wp-content\/uploads\/2026\/01\/Unita-terminali-AFNOR1_STM-500x500.jpg 991w, https:\/\/stmmedicali.eu\/wp-content\/uploads\/2026\/01\/Unita-terminali-AFNOR1_STM.jpg 1340w\" sizes=\"(max-width: 575px) 575px, (max-width: 991px) 991px\" src=\"https:\/\/stmmedicali.eu\/wp-content\/uploads\/2026\/01\/Unita-terminali-AFNOR1_STM.jpg\" class=\"attachment-neuros_portfolio_grid_2_columns size-neuros_portfolio_grid_2_columns wp-post-image\" \/><\/span><span class=\"project-item-content-wrapper\"><span class=\"project-item-content\"><span class=\"post-title\">Unit\u00e9s terminales AFNOR<\/span><\/span><\/span>\t\t        <\/a>\n\t\t            \t\t        \n    <\/div>\n<\/div>\n<div class=\"project-item-wrapper post-25160 neuros_project type-neuros_project status-publish has-post-thumbnail hentry neuros_project_category-unites-terminales-pour-gaz-medicaux\">\n    <div class=\"project-item\">\n    \t    \t\t\t<a href=\"https:\/\/stmmedicali.eu\/fr\/unites-terminales-afnor-monobloc\" class=\"project-item-link\">\n\t\t            <span class=\"project-item-media\"><img decoding=\"async\" alt=\"Unita\u0300 terminali AFNOR MONOBLOCCO1_STM\" srcset=\"https:\/\/stmmedicali.eu\/wp-content\/uploads\/2026\/01\/Unita-terminali-AFNOR-MONOBLOCCO1_STM.jpg 575w, https:\/\/stmmedicali.eu\/wp-content\/uploads\/2026\/01\/Unita-terminali-AFNOR-MONOBLOCCO1_STM-500x500.jpg 991w, https:\/\/stmmedicali.eu\/wp-content\/uploads\/2026\/01\/Unita-terminali-AFNOR-MONOBLOCCO1_STM.jpg 1340w\" sizes=\"(max-width: 575px) 575px, (max-width: 991px) 991px\" src=\"https:\/\/stmmedicali.eu\/wp-content\/uploads\/2026\/01\/Unita-terminali-AFNOR-MONOBLOCCO1_STM.jpg\" class=\"attachment-neuros_portfolio_grid_2_columns size-neuros_portfolio_grid_2_columns wp-post-image\" \/><\/span><span class=\"project-item-content-wrapper\"><span class=\"project-item-content\"><span class=\"post-title\">Unit\u00e9s terminales AFNOR  monobloc<\/span><\/span><\/span>\t\t        <\/a>\n\t\t            \t\t        \n    <\/div>\n<\/div>\n<div class=\"project-item-wrapper post-25156 neuros_project type-neuros_project status-publish has-post-thumbnail hentry neuros_project_category-unites-terminales-pour-gaz-medicaux\">\n    <div class=\"project-item\">\n    \t    \t\t\t<a href=\"https:\/\/stmmedicali.eu\/fr\/unites-terminales-bs\" class=\"project-item-link\">\n\t\t            <span class=\"project-item-media\"><img decoding=\"async\" alt=\"Unita\u0300 terminali BS_STM_DSC7394-Edit\" srcset=\"https:\/\/stmmedicali.eu\/wp-content\/uploads\/2026\/01\/Unita-terminali-BS_STM_DSC7394-Edit.jpg 575w, https:\/\/stmmedicali.eu\/wp-content\/uploads\/2026\/01\/Unita-terminali-BS_STM_DSC7394-Edit-500x500.jpg 991w, https:\/\/stmmedicali.eu\/wp-content\/uploads\/2026\/01\/Unita-terminali-BS_STM_DSC7394-Edit.jpg 1340w\" sizes=\"(max-width: 575px) 575px, (max-width: 991px) 991px\" src=\"https:\/\/stmmedicali.eu\/wp-content\/uploads\/2026\/01\/Unita-terminali-BS_STM_DSC7394-Edit.jpg\" class=\"attachment-neuros_portfolio_grid_2_columns size-neuros_portfolio_grid_2_columns wp-post-image\" \/><\/span><span class=\"project-item-content-wrapper\"><span class=\"project-item-content\"><span class=\"post-title\">Unit\u00e9s terminales BS<\/span><\/span><\/span>\t\t        <\/a>\n\t\t            \t\t        \n    <\/div>\n<\/div>\n<div class=\"project-item-wrapper post-25152 neuros_project type-neuros_project status-publish has-post-thumbnail hentry neuros_project_category-unites-terminales-pour-gaz-medicaux\">\n    <div class=\"project-item\">\n    \t    \t\t\t<a href=\"https:\/\/stmmedicali.eu\/fr\/unites-terminales-din\" class=\"project-item-link\">\n\t\t            <span class=\"project-item-media\"><img decoding=\"async\" alt=\"Unita\u0300 terminali DIN_STM_02_12_2022-064\" srcset=\"https:\/\/stmmedicali.eu\/wp-content\/uploads\/2026\/01\/Unita-terminali-DIN_STM_02_12_2022-064.jpg 575w, https:\/\/stmmedicali.eu\/wp-content\/uploads\/2026\/01\/Unita-terminali-DIN_STM_02_12_2022-064-500x500.jpg 991w, https:\/\/stmmedicali.eu\/wp-content\/uploads\/2026\/01\/Unita-terminali-DIN_STM_02_12_2022-064.jpg 1340w\" sizes=\"(max-width: 575px) 575px, (max-width: 991px) 991px\" src=\"https:\/\/stmmedicali.eu\/wp-content\/uploads\/2026\/01\/Unita-terminali-DIN_STM_02_12_2022-064.jpg\" class=\"attachment-neuros_portfolio_grid_2_columns size-neuros_portfolio_grid_2_columns wp-post-image\" \/><\/span><span class=\"project-item-content-wrapper\"><span class=\"project-item-content\"><span class=\"post-title\">Unit\u00e9s terminales DIN<\/span><\/span><\/span>\t\t        <\/a>\n\t\t            \t\t        \n    <\/div>\n<\/div>                <\/div>\n\n                <div class=\"content-pagination\"><nav class=\"navigation pagination\" role=\"navigation\"><h2 class=\"screen-reader-text\">Pagination<\/h2><div class=\"nav-links\"><span aria-current=\"page\" class=\"page-numbers current\"><span class=\"button-inner\"><\/span>1<\/span>\n<a class=\"page-numbers\" href=\"https:\/\/stmmedicali.eu\/fr\/wp-json\/wp\/v2\/pages\/24991\/?3684305-paged=2\"><span class=\"button-inner\"><\/span>2<\/a>\n<a class=\"next page-numbers\" href=\"https:\/\/stmmedicali.eu\/fr\/wp-json\/wp\/v2\/pages\/24991\/?3684305-paged=2\">Next<span class=\"button-inner\"><\/span><span class=\"icon-button-arrow left\"><\/span><span class=\"icon-button-arrow right\"><\/span><\/a><\/div><\/nav><\/div>            <\/div>\n\n            \n        <\/div>\n        \t\t\t\t<\/div>\n\t\t\t\t<\/div>\n\t\t\t\t\t<\/div>\n\t\t<\/div>\n\t\t\t\t\t<\/div>\n\t\t<\/section>\n\t\t\t\t<\/div>\n\t\t","protected":false},"excerpt":{"rendered":"<p>Les unit\u00e9s terminales pour gaz m\u00e9dicaux repr\u00e9sentent l&rsquo;\u00e9l\u00e9ment final du syst\u00e8me de distribution de gaz m\u00e9dicaux et d&rsquo;aspiration, constituant le point d&rsquo;utilisation direct sur lequel le professionnel de la sant\u00e9 pr\u00e9l\u00e8ve le gaz (consid\u00e9r\u00e9 comme m\u00e9dicament) via les embouts normalis\u00e9s correspondants&#8230;.<\/p>\n","protected":false},"author":2,"featured_media":0,"parent":0,"menu_order":0,"comment_status":"closed","ping_status":"closed","template":"","meta":{"footnotes":""},"class_list":["post-24991","page","type-page","status-publish","hentry"],"yoast_head":"<!-- This site is optimized with the Yoast SEO plugin v27.4 - https:\/\/yoast.com\/product\/yoast-seo-wordpress\/ -->\n<title>Unit\u00e9s terminales pour gaz m\u00e9dicaux et oxyg\u00e8ne | STM<\/title>\n<meta name=\"description\" content=\"Unit\u00e9s terminales gaz m\u00e9dicaux conformes aux normes internationales, disponibles en diverses configurations pour installations et applications hospitali\u00e8res.\" \/>\n<meta name=\"robots\" content=\"index, follow, max-snippet:-1, max-image-preview:large, max-video-preview:-1\" \/>\n<link rel=\"canonical\" href=\"https:\/\/stmmedicali.eu\/fr\/unites-terminales-gaz-medicaux\/\" \/>\n<meta property=\"og:locale\" content=\"fr_FR\" \/>\n<meta property=\"og:type\" content=\"article\" \/>\n<meta property=\"og:title\" content=\"Unit\u00e9s terminales pour gaz m\u00e9dicaux et oxyg\u00e8ne | STM\" \/>\n<meta property=\"og:description\" content=\"Unit\u00e9s terminales gaz m\u00e9dicaux conformes aux normes internationales, disponibles en diverses configurations pour installations et applications hospitali\u00e8res.\" \/>\n<meta property=\"og:url\" content=\"https:\/\/stmmedicali.eu\/fr\/unites-terminales-gaz-medicaux\/\" \/>\n<meta property=\"og:site_name\" content=\"STM Medicali\" \/>\n<meta property=\"article:modified_time\" content=\"2026-03-27T08:49:26+00:00\" \/>\n<meta name=\"twitter:card\" content=\"summary_large_image\" \/>\n<meta name=\"twitter:label1\" content=\"Dur\u00e9e de lecture estim\u00e9e\" \/>\n\t<meta name=\"twitter:data1\" content=\"2 minutes\" \/>\n<script type=\"application\/ld+json\" class=\"yoast-schema-graph\">{\"@context\":\"https:\\\/\\\/schema.org\",\"@graph\":[{\"@type\":\"WebPage\",\"@id\":\"https:\\\/\\\/stmmedicali.eu\\\/fr\\\/unites-terminales-gaz-medicaux\\\/\",\"url\":\"https:\\\/\\\/stmmedicali.eu\\\/fr\\\/unites-terminales-gaz-medicaux\\\/\",\"name\":\"Unit\u00e9s terminales pour gaz m\u00e9dicaux et oxyg\u00e8ne | STM\",\"isPartOf\":{\"@id\":\"https:\\\/\\\/stmmedicali.eu\\\/fr\\\/#website\"},\"datePublished\":\"2026-01-09T09:48:10+00:00\",\"dateModified\":\"2026-03-27T08:49:26+00:00\",\"description\":\"Unit\u00e9s terminales gaz m\u00e9dicaux conformes aux normes internationales, disponibles en diverses configurations pour installations et applications hospitali\u00e8res.\",\"breadcrumb\":{\"@id\":\"https:\\\/\\\/stmmedicali.eu\\\/fr\\\/unites-terminales-gaz-medicaux\\\/#breadcrumb\"},\"inLanguage\":\"fr-FR\",\"potentialAction\":[{\"@type\":\"ReadAction\",\"target\":[\"https:\\\/\\\/stmmedicali.eu\\\/fr\\\/unites-terminales-gaz-medicaux\\\/\"]}]},{\"@type\":\"BreadcrumbList\",\"@id\":\"https:\\\/\\\/stmmedicali.eu\\\/fr\\\/unites-terminales-gaz-medicaux\\\/#breadcrumb\",\"itemListElement\":[{\"@type\":\"ListItem\",\"position\":1,\"name\":\"Home\",\"item\":\"https:\\\/\\\/stmmedicali.eu\\\/fr\\\/\"},{\"@type\":\"ListItem\",\"position\":2,\"name\":\"Unit\u00e9s terminales pour gaz m\u00e9dicaux\"}]},{\"@type\":\"WebSite\",\"@id\":\"https:\\\/\\\/stmmedicali.eu\\\/fr\\\/#website\",\"url\":\"https:\\\/\\\/stmmedicali.eu\\\/fr\\\/\",\"name\":\"STM Medicali\",\"description\":\"\",\"publisher\":{\"@id\":\"https:\\\/\\\/stmmedicali.eu\\\/fr\\\/#organization\"},\"potentialAction\":[{\"@type\":\"SearchAction\",\"target\":{\"@type\":\"EntryPoint\",\"urlTemplate\":\"https:\\\/\\\/stmmedicali.eu\\\/fr\\\/?s={search_term_string}\"},\"query-input\":{\"@type\":\"PropertyValueSpecification\",\"valueRequired\":true,\"valueName\":\"search_term_string\"}}],\"inLanguage\":\"fr-FR\"},{\"@type\":\"Organization\",\"@id\":\"https:\\\/\\\/stmmedicali.eu\\\/fr\\\/#organization\",\"name\":\"STM Medicali\",\"url\":\"https:\\\/\\\/stmmedicali.eu\\\/fr\\\/\",\"logo\":{\"@type\":\"ImageObject\",\"inLanguage\":\"fr-FR\",\"@id\":\"https:\\\/\\\/stmmedicali.eu\\\/fr\\\/#\\\/schema\\\/logo\\\/image\\\/\",\"url\":\"https:\\\/\\\/stmmedicali.eu\\\/wp-content\\\/uploads\\\/2025\\\/11\\\/cropped-favicon.png\",\"contentUrl\":\"https:\\\/\\\/stmmedicali.eu\\\/wp-content\\\/uploads\\\/2025\\\/11\\\/cropped-favicon.png\",\"width\":512,\"height\":512,\"caption\":\"STM Medicali\"},\"image\":{\"@id\":\"https:\\\/\\\/stmmedicali.eu\\\/fr\\\/#\\\/schema\\\/logo\\\/image\\\/\"}}]}<\/script>\n<!-- \/ Yoast SEO plugin. -->","yoast_head_json":{"title":"Unit\u00e9s terminales pour gaz m\u00e9dicaux et oxyg\u00e8ne | STM","description":"Unit\u00e9s terminales gaz m\u00e9dicaux conformes aux normes internationales, disponibles en diverses configurations pour installations et applications hospitali\u00e8res.","robots":{"index":"index","follow":"follow","max-snippet":"max-snippet:-1","max-image-preview":"max-image-preview:large","max-video-preview":"max-video-preview:-1"},"canonical":"https:\/\/stmmedicali.eu\/fr\/unites-terminales-gaz-medicaux\/","og_locale":"fr_FR","og_type":"article","og_title":"Unit\u00e9s terminales pour gaz m\u00e9dicaux et oxyg\u00e8ne | STM","og_description":"Unit\u00e9s terminales gaz m\u00e9dicaux conformes aux normes internationales, disponibles en diverses configurations pour installations et applications hospitali\u00e8res.","og_url":"https:\/\/stmmedicali.eu\/fr\/unites-terminales-gaz-medicaux\/","og_site_name":"STM Medicali","article_modified_time":"2026-03-27T08:49:26+00:00","twitter_card":"summary_large_image","twitter_misc":{"Dur\u00e9e de lecture estim\u00e9e":"2 minutes"},"schema":{"@context":"https:\/\/schema.org","@graph":[{"@type":"WebPage","@id":"https:\/\/stmmedicali.eu\/fr\/unites-terminales-gaz-medicaux\/","url":"https:\/\/stmmedicali.eu\/fr\/unites-terminales-gaz-medicaux\/","name":"Unit\u00e9s terminales pour gaz m\u00e9dicaux et oxyg\u00e8ne | STM","isPartOf":{"@id":"https:\/\/stmmedicali.eu\/fr\/#website"},"datePublished":"2026-01-09T09:48:10+00:00","dateModified":"2026-03-27T08:49:26+00:00","description":"Unit\u00e9s terminales gaz m\u00e9dicaux conformes aux normes internationales, disponibles en diverses configurations pour installations et applications hospitali\u00e8res.","breadcrumb":{"@id":"https:\/\/stmmedicali.eu\/fr\/unites-terminales-gaz-medicaux\/#breadcrumb"},"inLanguage":"fr-FR","potentialAction":[{"@type":"ReadAction","target":["https:\/\/stmmedicali.eu\/fr\/unites-terminales-gaz-medicaux\/"]}]},{"@type":"BreadcrumbList","@id":"https:\/\/stmmedicali.eu\/fr\/unites-terminales-gaz-medicaux\/#breadcrumb","itemListElement":[{"@type":"ListItem","position":1,"name":"Home","item":"https:\/\/stmmedicali.eu\/fr\/"},{"@type":"ListItem","position":2,"name":"Unit\u00e9s terminales pour gaz m\u00e9dicaux"}]},{"@type":"WebSite","@id":"https:\/\/stmmedicali.eu\/fr\/#website","url":"https:\/\/stmmedicali.eu\/fr\/","name":"STM Medicali","description":"","publisher":{"@id":"https:\/\/stmmedicali.eu\/fr\/#organization"},"potentialAction":[{"@type":"SearchAction","target":{"@type":"EntryPoint","urlTemplate":"https:\/\/stmmedicali.eu\/fr\/?s={search_term_string}"},"query-input":{"@type":"PropertyValueSpecification","valueRequired":true,"valueName":"search_term_string"}}],"inLanguage":"fr-FR"},{"@type":"Organization","@id":"https:\/\/stmmedicali.eu\/fr\/#organization","name":"STM Medicali","url":"https:\/\/stmmedicali.eu\/fr\/","logo":{"@type":"ImageObject","inLanguage":"fr-FR","@id":"https:\/\/stmmedicali.eu\/fr\/#\/schema\/logo\/image\/","url":"https:\/\/stmmedicali.eu\/wp-content\/uploads\/2025\/11\/cropped-favicon.png","contentUrl":"https:\/\/stmmedicali.eu\/wp-content\/uploads\/2025\/11\/cropped-favicon.png","width":512,"height":512,"caption":"STM Medicali"},"image":{"@id":"https:\/\/stmmedicali.eu\/fr\/#\/schema\/logo\/image\/"}}]}},"_links":{"self":[{"href":"https:\/\/stmmedicali.eu\/fr\/wp-json\/wp\/v2\/pages\/24991","targetHints":{"allow":["GET"]}}],"collection":[{"href":"https:\/\/stmmedicali.eu\/fr\/wp-json\/wp\/v2\/pages"}],"about":[{"href":"https:\/\/stmmedicali.eu\/fr\/wp-json\/wp\/v2\/types\/page"}],"author":[{"embeddable":true,"href":"https:\/\/stmmedicali.eu\/fr\/wp-json\/wp\/v2\/users\/2"}],"replies":[{"embeddable":true,"href":"https:\/\/stmmedicali.eu\/fr\/wp-json\/wp\/v2\/comments?post=24991"}],"version-history":[{"count":5,"href":"https:\/\/stmmedicali.eu\/fr\/wp-json\/wp\/v2\/pages\/24991\/revisions"}],"predecessor-version":[{"id":25036,"href":"https:\/\/stmmedicali.eu\/fr\/wp-json\/wp\/v2\/pages\/24991\/revisions\/25036"}],"wp:attachment":[{"href":"https:\/\/stmmedicali.eu\/fr\/wp-json\/wp\/v2\/media?parent=24991"}],"curies":[{"name":"wp","href":"https:\/\/api.w.org\/{rel}","templated":true}]}}