{"id":25020,"date":"2025-12-07T11:23:11","date_gmt":"2025-12-07T10:23:11","guid":{"rendered":"https:\/\/stmmedicali.eu\/certificazioni-gas-medicali\/"},"modified":"2026-03-27T09:42:48","modified_gmt":"2026-03-27T08:42:48","slug":"certifications-gaz-medicaux","status":"publish","type":"page","link":"https:\/\/stmmedicali.eu\/fr\/certifications-gaz-medicaux\/","title":{"rendered":"Certifications"},"content":{"rendered":"\t\t<div data-elementor-type=\"wp-page\" data-elementor-id=\"25020\" class=\"elementor elementor-25020 elementor-23133\" data-elementor-post-type=\"page\">\n\t\t\t\t\t\t<section class=\"elementor-section elementor-top-section elementor-element elementor-element-ee28df2 elementor-section-boxed elementor-section-height-default elementor-section-height-default\" data-id=\"ee28df2\" data-element_type=\"section\" data-e-type=\"section\">\n\t\t\t\t\t\t<div class=\"elementor-container elementor-column-gap-default\">\n\t\t\t\t\t<div class=\"elementor-column elementor-col-100 elementor-top-column elementor-element elementor-element-971206e\" data-id=\"971206e\" data-element_type=\"column\" data-e-type=\"column\">\n\t\t\t<div class=\"elementor-widget-wrap elementor-element-populated\">\n\t\t\t\t\t\t<div class=\"elementor-element elementor-element-20305eb elementor-widget elementor-widget-neuros_heading\" data-id=\"20305eb\" data-element_type=\"widget\" data-e-type=\"widget\" data-widget_type=\"neuros_heading.default\">\n\t\t\t\t<div class=\"elementor-widget-container\">\n\t\t\t\t\t<div class=\"neuros-heading-widget\"><h2 class=\"neuros-heading\"><span class=\"neuros-subheading\">Certifications<\/span><span class=\"neuros-heading-content has_gradient_color_text\">Qualit\u00e9 et s\u00e9curit\u00e9 garanties<\/span><\/h2><\/div>\t\t\t\t<\/div>\n\t\t\t\t<\/div>\n\t\t\t\t<div class=\"elementor-element elementor-element-6c00e41 elementor-widget elementor-widget-text-editor\" data-id=\"6c00e41\" data-element_type=\"widget\" data-e-type=\"widget\" data-widget_type=\"text-editor.default\">\n\t\t\t\t<div class=\"elementor-widget-container\">\n\t\t\t\t\t\t\t\t\t<p>La qualit\u00e9 et la s\u00e9curit\u00e9 sont au c\u0153ur de chaque activit\u00e9 de STM. C&rsquo;est pourquoi l&rsquo;entreprise op\u00e8re dans le strict respect de la <strong>r\u00e9glementation sur les gaz m\u00e9dicaux<\/strong> et des normes internationales applicables au secteur de la sant\u00e9, en adoptant des processus certifi\u00e9s et constamment mis \u00e0 jour.<br \/>Les certifications obtenues attestent de la conformit\u00e9 des syst\u00e8mes, des dispositifs et des services aux exigences requises pour les <strong>dispositifs m\u00e9dicaux CE<\/strong>, offrant aux \u00e9tablissements hospitaliers, aux professionnels de la sant\u00e9 et aux distributeurs la garantie de solutions fiables, tra\u00e7ables et conformes aux prescriptions techniques et r\u00e9glementaires les plus strictes.<\/p>\t\t\t\t\t\t\t\t<\/div>\n\t\t\t\t<\/div>\n\t\t\t\t<section class=\"elementor-section elementor-inner-section elementor-element elementor-element-b51a9d0 elementor-section-boxed elementor-section-height-default elementor-section-height-default\" data-id=\"b51a9d0\" data-element_type=\"section\" data-e-type=\"section\">\n\t\t\t\t\t\t<div class=\"elementor-container elementor-column-gap-default\">\n\t\t\t\t\t<div class=\"elementor-column elementor-col-50 elementor-inner-column elementor-element elementor-element-ac3ba36\" data-id=\"ac3ba36\" data-element_type=\"column\" data-e-type=\"column\">\n\t\t\t<div class=\"elementor-widget-wrap elementor-element-populated\">\n\t\t\t\t\t\t<div class=\"elementor-element elementor-element-c97cb7a neuros-button-border-style-gradient neuros-button-bakground-style-solid elementor-widget elementor-widget-neuros_price_item\" data-id=\"c97cb7a\" data-element_type=\"widget\" data-e-type=\"widget\" data-widget_type=\"neuros_price_item.default\">\n\t\t\t\t<div class=\"elementor-widget-container\">\n\t\t\t\t\t\n        <div class=\"neuros-price-item-widget\">\n            <div class=\"price-item price-item-type-standard\">\n                \n                                <div class=\"price-item-inner\">\n\n                    <div class=\"price-item-title\"> Certifi\u00e9 CE<\/div>                        <div class=\"price-item-custom-fields\">\n                                                    <\/div>\n                                                <div class=\"price-item-container price-item-currency-position-before\">\n                            <div class=\"price-wrapper\">\n                                <span class=\"price\"><\/span>                            <\/div>\n\n                                                    <\/div>\n                        \n                                                <div class=\"price-item-button-container\">\n                                <a class=\"neuros-button\" href=\"https:\/\/stmmedicali.eu\/wp-content\/uploads\/2026\/01\/Dichiarazione-di-approvazione-del-sistema-qualita-0449_MDD_2024-05-26.pdf\" target=\"_blank\">T\u00e9l\u00e9charger le PDF                                    <span class=\"icon-button-arrow left\"><\/span><span class=\"icon-button-arrow right\"><\/span><span class=\"button-inner\">                                    \n                                <\/a>\n                            <\/div>\n                                        <\/div>\n            <\/div>\n                    <\/div>\n        \t\t\t\t<\/div>\n\t\t\t\t<\/div>\n\t\t\t\t\t<\/div>\n\t\t<\/div>\n\t\t\t\t<div class=\"elementor-column elementor-col-50 elementor-inner-column elementor-element elementor-element-3fc542b\" data-id=\"3fc542b\" data-element_type=\"column\" data-e-type=\"column\">\n\t\t\t<div class=\"elementor-widget-wrap elementor-element-populated\">\n\t\t\t\t\t\t<div class=\"elementor-element elementor-element-455a5bf neuros-button-border-style-gradient neuros-button-bakground-style-solid elementor-widget elementor-widget-neuros_price_item\" data-id=\"455a5bf\" data-element_type=\"widget\" data-e-type=\"widget\" data-widget_type=\"neuros_price_item.default\">\n\t\t\t\t<div class=\"elementor-widget-container\">\n\t\t\t\t\t\n        <div class=\"neuros-price-item-widget\">\n            <div class=\"price-item price-item-type-standard\">\n                \n                                <div class=\"price-item-inner\">\n\n                    <div class=\"price-item-title\">Lettre de confirmation de l&#039;organisme notifi\u00e9<\/div>                        <div class=\"price-item-custom-fields\">\n                                                    <\/div>\n                                                <div class=\"price-item-container price-item-currency-position-before\">\n                            <div class=\"price-wrapper\">\n                                <span class=\"price\"><\/span>                            <\/div>\n\n                                                    <\/div>\n                        \n                                                <div class=\"price-item-button-container\">\n                                <a class=\"neuros-button\" href=\"https:\/\/stmmedicali.eu\/wp-content\/uploads\/2026\/01\/IMQ_Lettera-di-conferma-dellOrganismo-Notificato1002C00380423C_CL_r0_2024-06-27.pdf\" target=\"_blank\">T\u00e9l\u00e9charger le PDF                                    <span class=\"icon-button-arrow left\"><\/span><span class=\"icon-button-arrow right\"><\/span><span class=\"button-inner\">                                    \n                                <\/a>\n                            <\/div>\n                                        <\/div>\n            <\/div>\n                    <\/div>\n        \t\t\t\t<\/div>\n\t\t\t\t<\/div>\n\t\t\t\t\t<\/div>\n\t\t<\/div>\n\t\t\t\t\t<\/div>\n\t\t<\/section>\n\t\t\t\t<section class=\"elementor-section elementor-inner-section elementor-element elementor-element-0625ee9 elementor-section-boxed elementor-section-height-default elementor-section-height-default\" data-id=\"0625ee9\" data-element_type=\"section\" data-e-type=\"section\">\n\t\t\t\t\t\t<div class=\"elementor-container elementor-column-gap-default\">\n\t\t\t\t\t<div class=\"elementor-column elementor-col-50 elementor-inner-column elementor-element elementor-element-90e74ee\" data-id=\"90e74ee\" data-element_type=\"column\" data-e-type=\"column\">\n\t\t\t<div class=\"elementor-widget-wrap elementor-element-populated\">\n\t\t\t\t\t\t<div class=\"elementor-element elementor-element-6706af1 neuros-button-border-style-gradient neuros-button-bakground-style-solid elementor-widget elementor-widget-neuros_price_item\" data-id=\"6706af1\" data-element_type=\"widget\" data-e-type=\"widget\" data-widget_type=\"neuros_price_item.default\">\n\t\t\t\t<div class=\"elementor-widget-container\">\n\t\t\t\t\t\n        <div class=\"neuros-price-item-widget\">\n            <div class=\"price-item price-item-type-standard\">\n                \n                                <div class=\"price-item-inner\">\n\n                    <div class=\"price-item-title\">ISO 9001<\/div>                        <div class=\"price-item-custom-fields\">\n                                                    <\/div>\n                                                <div class=\"price-item-container price-item-currency-position-before\">\n                            <div class=\"price-wrapper\">\n                                <span class=\"price\"><\/span>                            <\/div>\n\n                                                    <\/div>\n                        \n                                                <div class=\"price-item-button-container\">\n                                <a class=\"neuros-button\" href=\"https:\/\/stmmedicali.eu\/wp-content\/uploads\/2026\/01\/ISO-9001-2015-SCAD-13-09-2027-1.pdf\" target=\"_blank\">T\u00e9l\u00e9charger le PDF                                    <span class=\"icon-button-arrow left\"><\/span><span class=\"icon-button-arrow right\"><\/span><span class=\"button-inner\">                                    \n                                <\/a>\n                            <\/div>\n                                        <\/div>\n            <\/div>\n                    <\/div>\n        \t\t\t\t<\/div>\n\t\t\t\t<\/div>\n\t\t\t\t\t<\/div>\n\t\t<\/div>\n\t\t\t\t<div class=\"elementor-column elementor-col-50 elementor-inner-column elementor-element elementor-element-ef0494d\" data-id=\"ef0494d\" data-element_type=\"column\" data-e-type=\"column\">\n\t\t\t<div class=\"elementor-widget-wrap elementor-element-populated\">\n\t\t\t\t\t\t<div class=\"elementor-element elementor-element-91d51c8 neuros-button-border-style-gradient neuros-button-bakground-style-solid elementor-widget elementor-widget-neuros_price_item\" data-id=\"91d51c8\" data-element_type=\"widget\" data-e-type=\"widget\" data-widget_type=\"neuros_price_item.default\">\n\t\t\t\t<div class=\"elementor-widget-container\">\n\t\t\t\t\t\n        <div class=\"neuros-price-item-widget\">\n            <div class=\"price-item price-item-type-standard\">\n                \n                                <div class=\"price-item-inner\">\n\n                    <div class=\"price-item-title\">ISO 13485<\/div>                        <div class=\"price-item-custom-fields\">\n                                                    <\/div>\n                                                <div class=\"price-item-container price-item-currency-position-before\">\n                            <div class=\"price-wrapper\">\n                                <span class=\"price\"><\/span>                            <\/div>\n\n                                                    <\/div>\n                        \n                                                <div class=\"price-item-button-container\">\n                                <a class=\"neuros-button\" href=\"https:\/\/stmmedicali.eu\/wp-content\/uploads\/2026\/01\/ISO-13485-2016-SCAD-13-09-2027-1.pdf\" target=\"_blank\">T\u00e9l\u00e9charger le PDF                                    <span class=\"icon-button-arrow left\"><\/span><span class=\"icon-button-arrow right\"><\/span><span class=\"button-inner\">                                    \n                                <\/a>\n                            <\/div>\n                                        <\/div>\n            <\/div>\n                    <\/div>\n        \t\t\t\t<\/div>\n\t\t\t\t<\/div>\n\t\t\t\t\t<\/div>\n\t\t<\/div>\n\t\t\t\t\t<\/div>\n\t\t<\/section>\n\t\t\t\t\t<\/div>\n\t\t<\/div>\n\t\t\t\t\t<\/div>\n\t\t<\/section>\n\t\t\t\t<\/div>\n\t\t","protected":false},"excerpt":{"rendered":"<p>La qualit\u00e9 et la s\u00e9curit\u00e9 sont au c\u0153ur de chaque activit\u00e9 de STM. C&rsquo;est pourquoi l&rsquo;entreprise op\u00e8re dans le strict respect de la r\u00e9glementation sur les gaz m\u00e9dicaux et des normes internationales applicables au secteur de la sant\u00e9, en adoptant des&#8230;<\/p>\n","protected":false},"author":1,"featured_media":0,"parent":0,"menu_order":0,"comment_status":"closed","ping_status":"closed","template":"","meta":{"footnotes":""},"class_list":["post-25020","page","type-page","status-publish","hentry"],"yoast_head":"<!-- This site is optimized with the Yoast SEO plugin v27.4 - https:\/\/yoast.com\/product\/yoast-seo-wordpress\/ -->\n<title>Certifications et r\u00e9glementation pour gaz m\u00e9dicaux | STM<\/title>\n<meta name=\"description\" content=\"Certifications et conformit\u00e9 pour syst\u00e8mes et dispositifs de gaz m\u00e9dicaux. STM garantit qualit\u00e9, s\u00e9curit\u00e9 et tra\u00e7abilit\u00e9 pour le secteur de la sant\u00e9.\" \/>\n<meta name=\"robots\" content=\"index, follow, max-snippet:-1, max-image-preview:large, max-video-preview:-1\" \/>\n<link rel=\"canonical\" href=\"https:\/\/stmmedicali.eu\/fr\/certifications-gaz-medicaux\/\" \/>\n<meta property=\"og:locale\" content=\"fr_FR\" \/>\n<meta property=\"og:type\" content=\"article\" \/>\n<meta property=\"og:title\" content=\"Certifications et r\u00e9glementation pour gaz m\u00e9dicaux | STM\" \/>\n<meta property=\"og:description\" content=\"Certifications et conformit\u00e9 pour syst\u00e8mes et dispositifs de gaz m\u00e9dicaux. STM garantit qualit\u00e9, s\u00e9curit\u00e9 et tra\u00e7abilit\u00e9 pour le secteur de la sant\u00e9.\" \/>\n<meta property=\"og:url\" content=\"https:\/\/stmmedicali.eu\/fr\/certifications-gaz-medicaux\/\" \/>\n<meta property=\"og:site_name\" content=\"STM Medicali\" \/>\n<meta property=\"article:modified_time\" content=\"2026-03-27T08:42:48+00:00\" \/>\n<meta name=\"twitter:card\" content=\"summary_large_image\" \/>\n<meta name=\"twitter:label1\" content=\"Dur\u00e9e de lecture estim\u00e9e\" \/>\n\t<meta name=\"twitter:data1\" content=\"1 minute\" \/>\n<script type=\"application\/ld+json\" class=\"yoast-schema-graph\">{\"@context\":\"https:\\\/\\\/schema.org\",\"@graph\":[{\"@type\":\"WebPage\",\"@id\":\"https:\\\/\\\/stmmedicali.eu\\\/fr\\\/certifications-gaz-medicaux\\\/\",\"url\":\"https:\\\/\\\/stmmedicali.eu\\\/fr\\\/certifications-gaz-medicaux\\\/\",\"name\":\"Certifications et r\u00e9glementation pour gaz m\u00e9dicaux | STM\",\"isPartOf\":{\"@id\":\"https:\\\/\\\/stmmedicali.eu\\\/fr\\\/#website\"},\"datePublished\":\"2025-12-07T10:23:11+00:00\",\"dateModified\":\"2026-03-27T08:42:48+00:00\",\"description\":\"Certifications et conformit\u00e9 pour syst\u00e8mes et dispositifs de gaz m\u00e9dicaux. STM garantit qualit\u00e9, s\u00e9curit\u00e9 et tra\u00e7abilit\u00e9 pour le secteur de la sant\u00e9.\",\"breadcrumb\":{\"@id\":\"https:\\\/\\\/stmmedicali.eu\\\/fr\\\/certifications-gaz-medicaux\\\/#breadcrumb\"},\"inLanguage\":\"fr-FR\",\"potentialAction\":[{\"@type\":\"ReadAction\",\"target\":[\"https:\\\/\\\/stmmedicali.eu\\\/fr\\\/certifications-gaz-medicaux\\\/\"]}]},{\"@type\":\"BreadcrumbList\",\"@id\":\"https:\\\/\\\/stmmedicali.eu\\\/fr\\\/certifications-gaz-medicaux\\\/#breadcrumb\",\"itemListElement\":[{\"@type\":\"ListItem\",\"position\":1,\"name\":\"Home\",\"item\":\"https:\\\/\\\/stmmedicali.eu\\\/fr\\\/\"},{\"@type\":\"ListItem\",\"position\":2,\"name\":\"Certifications\"}]},{\"@type\":\"WebSite\",\"@id\":\"https:\\\/\\\/stmmedicali.eu\\\/fr\\\/#website\",\"url\":\"https:\\\/\\\/stmmedicali.eu\\\/fr\\\/\",\"name\":\"STM Medicali\",\"description\":\"\",\"publisher\":{\"@id\":\"https:\\\/\\\/stmmedicali.eu\\\/fr\\\/#organization\"},\"potentialAction\":[{\"@type\":\"SearchAction\",\"target\":{\"@type\":\"EntryPoint\",\"urlTemplate\":\"https:\\\/\\\/stmmedicali.eu\\\/fr\\\/?s={search_term_string}\"},\"query-input\":{\"@type\":\"PropertyValueSpecification\",\"valueRequired\":true,\"valueName\":\"search_term_string\"}}],\"inLanguage\":\"fr-FR\"},{\"@type\":\"Organization\",\"@id\":\"https:\\\/\\\/stmmedicali.eu\\\/fr\\\/#organization\",\"name\":\"STM Medicali\",\"url\":\"https:\\\/\\\/stmmedicali.eu\\\/fr\\\/\",\"logo\":{\"@type\":\"ImageObject\",\"inLanguage\":\"fr-FR\",\"@id\":\"https:\\\/\\\/stmmedicali.eu\\\/fr\\\/#\\\/schema\\\/logo\\\/image\\\/\",\"url\":\"https:\\\/\\\/stmmedicali.eu\\\/wp-content\\\/uploads\\\/2025\\\/11\\\/cropped-favicon.png\",\"contentUrl\":\"https:\\\/\\\/stmmedicali.eu\\\/wp-content\\\/uploads\\\/2025\\\/11\\\/cropped-favicon.png\",\"width\":512,\"height\":512,\"caption\":\"STM Medicali\"},\"image\":{\"@id\":\"https:\\\/\\\/stmmedicali.eu\\\/fr\\\/#\\\/schema\\\/logo\\\/image\\\/\"}}]}<\/script>\n<!-- \/ Yoast SEO plugin. -->","yoast_head_json":{"title":"Certifications et r\u00e9glementation pour gaz m\u00e9dicaux | STM","description":"Certifications et conformit\u00e9 pour syst\u00e8mes et dispositifs de gaz m\u00e9dicaux. STM garantit qualit\u00e9, s\u00e9curit\u00e9 et tra\u00e7abilit\u00e9 pour le secteur de la sant\u00e9.","robots":{"index":"index","follow":"follow","max-snippet":"max-snippet:-1","max-image-preview":"max-image-preview:large","max-video-preview":"max-video-preview:-1"},"canonical":"https:\/\/stmmedicali.eu\/fr\/certifications-gaz-medicaux\/","og_locale":"fr_FR","og_type":"article","og_title":"Certifications et r\u00e9glementation pour gaz m\u00e9dicaux | STM","og_description":"Certifications et conformit\u00e9 pour syst\u00e8mes et dispositifs de gaz m\u00e9dicaux. STM garantit qualit\u00e9, s\u00e9curit\u00e9 et tra\u00e7abilit\u00e9 pour le secteur de la sant\u00e9.","og_url":"https:\/\/stmmedicali.eu\/fr\/certifications-gaz-medicaux\/","og_site_name":"STM Medicali","article_modified_time":"2026-03-27T08:42:48+00:00","twitter_card":"summary_large_image","twitter_misc":{"Dur\u00e9e de lecture estim\u00e9e":"1 minute"},"schema":{"@context":"https:\/\/schema.org","@graph":[{"@type":"WebPage","@id":"https:\/\/stmmedicali.eu\/fr\/certifications-gaz-medicaux\/","url":"https:\/\/stmmedicali.eu\/fr\/certifications-gaz-medicaux\/","name":"Certifications et r\u00e9glementation pour gaz m\u00e9dicaux | STM","isPartOf":{"@id":"https:\/\/stmmedicali.eu\/fr\/#website"},"datePublished":"2025-12-07T10:23:11+00:00","dateModified":"2026-03-27T08:42:48+00:00","description":"Certifications et conformit\u00e9 pour syst\u00e8mes et dispositifs de gaz m\u00e9dicaux. STM garantit qualit\u00e9, s\u00e9curit\u00e9 et tra\u00e7abilit\u00e9 pour le secteur de la sant\u00e9.","breadcrumb":{"@id":"https:\/\/stmmedicali.eu\/fr\/certifications-gaz-medicaux\/#breadcrumb"},"inLanguage":"fr-FR","potentialAction":[{"@type":"ReadAction","target":["https:\/\/stmmedicali.eu\/fr\/certifications-gaz-medicaux\/"]}]},{"@type":"BreadcrumbList","@id":"https:\/\/stmmedicali.eu\/fr\/certifications-gaz-medicaux\/#breadcrumb","itemListElement":[{"@type":"ListItem","position":1,"name":"Home","item":"https:\/\/stmmedicali.eu\/fr\/"},{"@type":"ListItem","position":2,"name":"Certifications"}]},{"@type":"WebSite","@id":"https:\/\/stmmedicali.eu\/fr\/#website","url":"https:\/\/stmmedicali.eu\/fr\/","name":"STM Medicali","description":"","publisher":{"@id":"https:\/\/stmmedicali.eu\/fr\/#organization"},"potentialAction":[{"@type":"SearchAction","target":{"@type":"EntryPoint","urlTemplate":"https:\/\/stmmedicali.eu\/fr\/?s={search_term_string}"},"query-input":{"@type":"PropertyValueSpecification","valueRequired":true,"valueName":"search_term_string"}}],"inLanguage":"fr-FR"},{"@type":"Organization","@id":"https:\/\/stmmedicali.eu\/fr\/#organization","name":"STM Medicali","url":"https:\/\/stmmedicali.eu\/fr\/","logo":{"@type":"ImageObject","inLanguage":"fr-FR","@id":"https:\/\/stmmedicali.eu\/fr\/#\/schema\/logo\/image\/","url":"https:\/\/stmmedicali.eu\/wp-content\/uploads\/2025\/11\/cropped-favicon.png","contentUrl":"https:\/\/stmmedicali.eu\/wp-content\/uploads\/2025\/11\/cropped-favicon.png","width":512,"height":512,"caption":"STM Medicali"},"image":{"@id":"https:\/\/stmmedicali.eu\/fr\/#\/schema\/logo\/image\/"}}]}},"_links":{"self":[{"href":"https:\/\/stmmedicali.eu\/fr\/wp-json\/wp\/v2\/pages\/25020","targetHints":{"allow":["GET"]}}],"collection":[{"href":"https:\/\/stmmedicali.eu\/fr\/wp-json\/wp\/v2\/pages"}],"about":[{"href":"https:\/\/stmmedicali.eu\/fr\/wp-json\/wp\/v2\/types\/page"}],"author":[{"embeddable":true,"href":"https:\/\/stmmedicali.eu\/fr\/wp-json\/wp\/v2\/users\/1"}],"replies":[{"embeddable":true,"href":"https:\/\/stmmedicali.eu\/fr\/wp-json\/wp\/v2\/comments?post=25020"}],"version-history":[{"count":5,"href":"https:\/\/stmmedicali.eu\/fr\/wp-json\/wp\/v2\/pages\/25020\/revisions"}],"predecessor-version":[{"id":25032,"href":"https:\/\/stmmedicali.eu\/fr\/wp-json\/wp\/v2\/pages\/25020\/revisions\/25032"}],"wp:attachment":[{"href":"https:\/\/stmmedicali.eu\/fr\/wp-json\/wp\/v2\/media?parent=25020"}],"curies":[{"name":"wp","href":"https:\/\/api.w.org\/{rel}","templated":true}]}}