{"id":25037,"date":"2026-01-09T10:50:53","date_gmt":"2026-01-09T09:50:53","guid":{"rendered":"https:\/\/stmmedicali.eu\/sistemi-allarme-gas-medicali\/"},"modified":"2026-03-27T09:56:09","modified_gmt":"2026-03-27T08:56:09","slug":"systemes-alarme-gaz-medicaux","status":"publish","type":"page","link":"https:\/\/stmmedicali.eu\/fr\/systemes-alarme-gaz-medicaux\/","title":{"rendered":"Syst\u00e8mes d&rsquo;alarme"},"content":{"rendered":"\t\t<div data-elementor-type=\"wp-page\" data-elementor-id=\"25037\" class=\"elementor elementor-25037 elementor-23763\" data-elementor-post-type=\"page\">\n\t\t\t\t\t\t<section class=\"elementor-section elementor-top-section elementor-element elementor-element-84f944f elementor-section-boxed elementor-section-height-default elementor-section-height-default\" data-id=\"84f944f\" data-element_type=\"section\" data-e-type=\"section\">\n\t\t\t\t\t\t<div class=\"elementor-container elementor-column-gap-default\">\n\t\t\t\t\t<div class=\"elementor-column elementor-col-100 elementor-top-column elementor-element elementor-element-4e772f8\" data-id=\"4e772f8\" data-element_type=\"column\" data-e-type=\"column\">\n\t\t\t<div class=\"elementor-widget-wrap elementor-element-populated\">\n\t\t\t\t\t\t<div class=\"elementor-element elementor-element-3b35a10 elementor-widget elementor-widget-neuros_heading\" data-id=\"3b35a10\" data-element_type=\"widget\" data-e-type=\"widget\" data-widget_type=\"neuros_heading.default\">\n\t\t\t\t<div class=\"elementor-widget-container\">\n\t\t\t\t\t<div class=\"neuros-heading-widget\"><h2 class=\"neuros-heading\"><span class=\"neuros-heading-content has_gradient_color_text\">Syst\u00e8mes d'alarme pour installations de gaz m\u00e9dicaux<\/span><\/h2><\/div>\t\t\t\t<\/div>\n\t\t\t\t<\/div>\n\t\t\t\t<div class=\"elementor-element elementor-element-11808a3 elementor-widget elementor-widget-text-editor\" data-id=\"11808a3\" data-element_type=\"widget\" data-e-type=\"widget\" data-widget_type=\"text-editor.default\">\n\t\t\t\t<div class=\"elementor-widget-container\">\n\t\t\t\t\t\t\t\t\t<p style=\"text-align: left;\">Les syst\u00e8mes d&rsquo;alarme pour installations de gaz m\u00e9dicaux commercialis\u00e9s par STM sont des dispositifs m\u00e9dicaux d\u00e9di\u00e9s au contr\u00f4le et \u00e0 la signalisation des anomalies dans les r\u00e9seaux de distribution. Ces<strong> alarmes pour gaz m\u00e9dicaux<\/strong> sont con\u00e7ues pour garantir une <strong>surveillance des gaz m\u00e9dicaux<\/strong> continue et fiable, permettant ainsi des interventions rapides en cas de variations de pression, d&rsquo;absence de gaz dans le r\u00e9seau ou de conditions de fonctionnement non conformes.<\/p><p style=\"text-align: left;\">Les modules sont conformes au nouveau r\u00e8glement (UE) 2017\/745, \u00e0 la directive 2007\/47\/CE et sont class\u00e9s en Classe IIb selon les prescriptions de l&rsquo;Annexe IX, r\u00e8gle 9.<\/p><p style=\"text-align: left;\">De plus, ils r\u00e9pondent aux exigences de la norme EN 7396-1, r\u00e9f\u00e9rence technique pour la s\u00e9curit\u00e9 et la gestion des r\u00e9seaux de distribution de gaz m\u00e9dicaux. Pour garantir une efficacit\u00e9 op\u00e9rationnelle maximale, chaque <strong>panneau d&rsquo;alarme pour gaz m\u00e9dicaux<\/strong> doit \u00eatre install\u00e9 \u00e0 la fois \u00e0 proximit\u00e9 du dispositif surveill\u00e9 et dans une zone sous surveillance constante (par ex. postes de contr\u00f4le ou zones de supervision), afin de rendre la signalisation imm\u00e9diate et l&rsquo;action corrective rapide.<\/p><p style=\"text-align: left;\">Selon les exigences de l&rsquo;installation, les syst\u00e8mes peuvent \u00eatre configur\u00e9s en version analogique ou num\u00e9rique, en fonction du dispositif de mesure install\u00e9, tel qu&rsquo;un pressostat ou un transducteur. Ils sont disponibles avec une alimentation en 24V ou 220V et avec des interfaces de signalisation \u00e0 LED ou \u00e0 \u00e9cran tactile, pour s&rsquo;adapter \u00e0 diff\u00e9rents contextes de service et niveaux de supervision.<\/p>\t\t\t\t\t\t\t\t<\/div>\n\t\t\t\t<\/div>\n\t\t\t\t\t<\/div>\n\t\t<\/div>\n\t\t\t\t\t<\/div>\n\t\t<\/section>\n\t\t\t\t<section class=\"elementor-section elementor-top-section elementor-element elementor-element-d7b8b48 elementor-section-boxed elementor-section-height-default elementor-section-height-default\" data-id=\"d7b8b48\" data-element_type=\"section\" data-e-type=\"section\">\n\t\t\t\t\t\t<div class=\"elementor-container elementor-column-gap-default\">\n\t\t\t\t\t<div class=\"elementor-column elementor-col-100 elementor-top-column elementor-element elementor-element-8a756aa\" data-id=\"8a756aa\" data-element_type=\"column\" data-e-type=\"column\">\n\t\t\t<div class=\"elementor-widget-wrap elementor-element-populated\">\n\t\t\t\t\t\t<div class=\"elementor-element elementor-element-3684305 listing-pagination-border-style-gradient listing-pagination-background-style-solid elementor-widget elementor-widget-neuros_projects_listing\" data-id=\"3684305\" data-element_type=\"widget\" data-e-type=\"widget\" data-widget_type=\"neuros_projects_listing.default\">\n\t\t\t\t<div class=\"elementor-widget-container\">\n\t\t\t\t\t\n        <div class=\"neuros-projects-listing-widget\">\n\n            \n            \n            \n            <div class=\"archive-listing\" data-ajax='{&quot;post_type&quot;:&quot;neuros_project&quot;,&quot;post_status&quot;:&quot;publish&quot;,&quot;ignore_sticky_posts&quot;:true,&quot;suppress_filters&quot;:false,&quot;orderby&quot;:&quot;date&quot;,&quot;order&quot;:&quot;desc&quot;,&quot;link_base&quot;:&quot;https:\\\/\\\/stmmedicali.eu\\\/fr\\\/wp-json\\\/wp\\\/v2\\\/pages\\\/25037\\\/&quot;,&quot;neuros_project_category&quot;:[&quot;allarmi&quot;],&quot;posts_per_page&quot;:6,&quot;columns_number&quot;:2,&quot;paged&quot;:1}' data-widget='{&quot;item_class&quot;:&quot;project-item-wrapper&quot;,&quot;columns_number&quot;:2,&quot;listing_type&quot;:&quot;grid&quot;,&quot;text_position&quot;:&quot;inside&quot;,&quot;show_pagination&quot;:&quot;yes&quot;}'>\n                <div class=\"archive-listing-wrapper project-listing-wrapper text-position-inside project-grid-listing columns-2\">\n                    \n<div class=\"project-item-wrapper post-25273 neuros_project type-neuros_project status-publish has-post-thumbnail hentry neuros_project_category-alarmes\">\n    <div class=\"project-item\">\n    \t    \t\t\t<a href=\"https:\/\/stmmedicali.eu\/fr\/systeme-de-telemetrie-des-alarmes\" class=\"project-item-link\">\n\t\t            <span class=\"project-item-media\"><img decoding=\"async\" alt=\"S 200_Sistemi Tecnologie Medicali\" srcset=\"https:\/\/stmmedicali.eu\/wp-content\/uploads\/2026\/01\/s200-immagine_rid.jpg 575w, https:\/\/stmmedicali.eu\/wp-content\/uploads\/2026\/01\/s200-immagine_rid-500x500.jpg 991w, https:\/\/stmmedicali.eu\/wp-content\/uploads\/2026\/01\/s200-immagine_rid.jpg 1340w\" sizes=\"(max-width: 575px) 575px, (max-width: 991px) 991px\" src=\"https:\/\/stmmedicali.eu\/wp-content\/uploads\/2026\/01\/s200-immagine_rid.jpg\" class=\"attachment-neuros_portfolio_grid_2_columns size-neuros_portfolio_grid_2_columns wp-post-image\" \/><\/span><span class=\"project-item-content-wrapper\"><span class=\"project-item-content\"><span class=\"post-title\">Syst\u00e8me de t\u00e9l\u00e9m\u00e9trie des alarmes<\/span><\/span><\/span>\t\t        <\/a>\n\t\t            \t\t        \n    <\/div>\n<\/div>\n<div class=\"project-item-wrapper post-25265 neuros_project type-neuros_project status-publish has-post-thumbnail hentry neuros_project_category-alarmes\">\n    <div class=\"project-item\">\n    \t    \t\t\t<a href=\"https:\/\/stmmedicali.eu\/fr\/systemes-alarme-lcd-multifonctions\" class=\"project-item-link\">\n\t\t            <span class=\"project-item-media\"><img decoding=\"async\" alt=\"Sistemi di allarme LCD multifunzione (S140)_STM\" srcset=\"https:\/\/stmmedicali.eu\/wp-content\/uploads\/2026\/01\/ALLARME-S140_rid.jpg 575w, https:\/\/stmmedicali.eu\/wp-content\/uploads\/2026\/01\/ALLARME-S140_rid-500x500.jpg 991w, https:\/\/stmmedicali.eu\/wp-content\/uploads\/2026\/01\/ALLARME-S140_rid.jpg 1340w\" sizes=\"(max-width: 575px) 575px, (max-width: 991px) 991px\" src=\"https:\/\/stmmedicali.eu\/wp-content\/uploads\/2026\/01\/ALLARME-S140_rid.jpg\" class=\"attachment-neuros_portfolio_grid_2_columns size-neuros_portfolio_grid_2_columns wp-post-image\" \/><\/span><span class=\"project-item-content-wrapper\"><span class=\"project-item-content\"><span class=\"post-title\">Syst\u00e8mes d&rsquo;alarme LCD multifonctions<\/span><\/span><\/span>\t\t        <\/a>\n\t\t            \t\t        \n    <\/div>\n<\/div>\n<div class=\"project-item-wrapper post-25309 neuros_project type-neuros_project status-publish has-post-thumbnail hentry neuros_project_category-alarmes\">\n    <div class=\"project-item\">\n    \t    \t\t\t<a href=\"https:\/\/stmmedicali.eu\/fr\/module-systeme-alarme-a-led\" class=\"project-item-link\">\n\t\t            <span class=\"project-item-media\"><img decoding=\"async\" alt=\"Modulo Sistema di Allarme LED_S120 STM\" srcset=\"https:\/\/stmmedicali.eu\/wp-content\/uploads\/2026\/01\/ALLARME-S-120-2_rid.jpg 575w, https:\/\/stmmedicali.eu\/wp-content\/uploads\/2026\/01\/ALLARME-S-120-2_rid-500x500.jpg 991w, https:\/\/stmmedicali.eu\/wp-content\/uploads\/2026\/01\/ALLARME-S-120-2_rid.jpg 1340w\" sizes=\"(max-width: 575px) 575px, (max-width: 991px) 991px\" src=\"https:\/\/stmmedicali.eu\/wp-content\/uploads\/2026\/01\/ALLARME-S-120-2_rid.jpg\" class=\"attachment-neuros_portfolio_grid_2_columns size-neuros_portfolio_grid_2_columns wp-post-image\" \/><\/span><span class=\"project-item-content-wrapper\"><span class=\"project-item-content\"><span class=\"post-title\">Module syst\u00e8me d\u2019alarme \u00e0 LED<\/span><\/span><\/span>\t\t        <\/a>\n\t\t            \t\t        \n    <\/div>\n<\/div>\n<div class=\"project-item-wrapper post-25313 neuros_project type-neuros_project status-publish has-post-thumbnail hentry neuros_project_category-alarmes\">\n    <div class=\"project-item\">\n    \t    \t\t\t<a href=\"https:\/\/stmmedicali.eu\/fr\/module-alarme-lcd\" class=\"project-item-link\">\n\t\t            <span class=\"project-item-media\"><img decoding=\"async\" alt=\"Allarme S100_STM Sistemi tecnologie Medicali\" srcset=\"https:\/\/stmmedicali.eu\/wp-content\/uploads\/2026\/01\/ALLARME-S-100_rid-1.jpg 575w, https:\/\/stmmedicali.eu\/wp-content\/uploads\/2026\/01\/ALLARME-S-100_rid-1-500x500.jpg 991w, https:\/\/stmmedicali.eu\/wp-content\/uploads\/2026\/01\/ALLARME-S-100_rid-1.jpg 1340w\" sizes=\"(max-width: 575px) 575px, (max-width: 991px) 991px\" src=\"https:\/\/stmmedicali.eu\/wp-content\/uploads\/2026\/01\/ALLARME-S-100_rid-1.jpg\" class=\"attachment-neuros_portfolio_grid_2_columns size-neuros_portfolio_grid_2_columns wp-post-image\" \/><\/span><span class=\"project-item-content-wrapper\"><span class=\"project-item-content\"><span class=\"post-title\">Module d\u2019alarme LCD<\/span><\/span><\/span>\t\t        <\/a>\n\t\t            \t\t        \n    <\/div>\n<\/div>\n<div class=\"project-item-wrapper post-25196 neuros_project type-neuros_project status-publish has-post-thumbnail hentry neuros_project_category-alarmes\">\n    <div class=\"project-item\">\n    \t    \t\t\t<a href=\"https:\/\/stmmedicali.eu\/fr\/alarme-lcd-a-ecran-tactile\" class=\"project-item-link\">\n\t\t            <span class=\"project-item-media\"><img decoding=\"async\" alt=\"Allarmi telemedica_DSC7372_STM\" srcset=\"https:\/\/stmmedicali.eu\/wp-content\/uploads\/2026\/01\/Allarmi-telemedica_DSC7372_STM.jpg 575w, https:\/\/stmmedicali.eu\/wp-content\/uploads\/2026\/01\/Allarmi-telemedica_DSC7372_STM-500x500.jpg 991w, https:\/\/stmmedicali.eu\/wp-content\/uploads\/2026\/01\/Allarmi-telemedica_DSC7372_STM.jpg 1340w\" sizes=\"(max-width: 575px) 575px, (max-width: 991px) 991px\" src=\"https:\/\/stmmedicali.eu\/wp-content\/uploads\/2026\/01\/Allarmi-telemedica_DSC7372_STM.jpg\" class=\"attachment-neuros_portfolio_grid_2_columns size-neuros_portfolio_grid_2_columns wp-post-image\" \/><\/span><span class=\"project-item-content-wrapper\"><span class=\"project-item-content\"><span class=\"post-title\">Alarme LCD \u00e0 \u00e9cran tactile<\/span><\/span><\/span>\t\t        <\/a>\n\t\t            \t\t        \n    <\/div>\n<\/div>                <\/div>\n\n                            <\/div>\n\n            \n        <\/div>\n        \t\t\t\t<\/div>\n\t\t\t\t<\/div>\n\t\t\t\t\t<\/div>\n\t\t<\/div>\n\t\t\t\t\t<\/div>\n\t\t<\/section>\n\t\t\t\t<\/div>\n\t\t","protected":false},"excerpt":{"rendered":"<p>Les syst\u00e8mes d&rsquo;alarme pour installations de gaz m\u00e9dicaux commercialis\u00e9s par STM sont des dispositifs m\u00e9dicaux d\u00e9di\u00e9s au contr\u00f4le et \u00e0 la signalisation des anomalies dans les r\u00e9seaux de distribution. Ces alarmes pour gaz m\u00e9dicaux sont con\u00e7ues pour garantir une surveillance des&#8230;<\/p>\n","protected":false},"author":2,"featured_media":25038,"parent":0,"menu_order":0,"comment_status":"closed","ping_status":"closed","template":"","meta":{"footnotes":""},"class_list":["post-25037","page","type-page","status-publish","has-post-thumbnail","hentry"],"yoast_head":"<!-- This site is optimized with the Yoast SEO plugin v27.4 - https:\/\/yoast.com\/product\/yoast-seo-wordpress\/ -->\n<title>Syst\u00e8mes d&#039;alarme et surveillance gaz m\u00e9dicaux | STM<\/title>\n<meta name=\"description\" content=\"Syst\u00e8mes d&#039;alarme pour r\u00e9seaux de gaz m\u00e9dicaux, con\u00e7us pour assurer une surveillance continue et la signalisation rapide des anomalies de fonctionnement.\" \/>\n<meta name=\"robots\" content=\"index, follow, max-snippet:-1, max-image-preview:large, max-video-preview:-1\" \/>\n<link rel=\"canonical\" href=\"https:\/\/stmmedicali.eu\/fr\/systemes-alarme-gaz-medicaux\/\" \/>\n<meta property=\"og:locale\" content=\"fr_FR\" \/>\n<meta property=\"og:type\" content=\"article\" \/>\n<meta property=\"og:title\" content=\"Syst\u00e8mes d&#039;alarme et surveillance gaz m\u00e9dicaux | STM\" \/>\n<meta property=\"og:description\" content=\"Syst\u00e8mes d&#039;alarme pour r\u00e9seaux de gaz m\u00e9dicaux, con\u00e7us pour assurer une surveillance continue et la signalisation rapide des anomalies de fonctionnement.\" \/>\n<meta property=\"og:url\" content=\"https:\/\/stmmedicali.eu\/fr\/systemes-alarme-gaz-medicaux\/\" \/>\n<meta property=\"og:site_name\" content=\"STM Medicali\" \/>\n<meta property=\"article:modified_time\" content=\"2026-03-27T08:56:09+00:00\" \/>\n<meta property=\"og:image\" content=\"https:\/\/stmmedicali.eu\/wp-content\/uploads\/2026\/01\/Allarmi-STM-Sistemi-tecnologie-medicali_DSC7360.jpg\" \/>\n\t<meta property=\"og:image:width\" content=\"1830\" \/>\n\t<meta property=\"og:image:height\" content=\"499\" \/>\n\t<meta property=\"og:image:type\" content=\"image\/jpeg\" \/>\n<meta name=\"twitter:card\" content=\"summary_large_image\" \/>\n<meta name=\"twitter:label1\" content=\"Dur\u00e9e de lecture estim\u00e9e\" \/>\n\t<meta name=\"twitter:data1\" content=\"2 minutes\" \/>\n<script type=\"application\/ld+json\" class=\"yoast-schema-graph\">{\"@context\":\"https:\\\/\\\/schema.org\",\"@graph\":[{\"@type\":\"WebPage\",\"@id\":\"https:\\\/\\\/stmmedicali.eu\\\/fr\\\/systemes-alarme-gaz-medicaux\\\/\",\"url\":\"https:\\\/\\\/stmmedicali.eu\\\/fr\\\/systemes-alarme-gaz-medicaux\\\/\",\"name\":\"Syst\u00e8mes d'alarme et surveillance gaz m\u00e9dicaux | STM\",\"isPartOf\":{\"@id\":\"https:\\\/\\\/stmmedicali.eu\\\/fr\\\/#website\"},\"primaryImageOfPage\":{\"@id\":\"https:\\\/\\\/stmmedicali.eu\\\/fr\\\/systemes-alarme-gaz-medicaux\\\/#primaryimage\"},\"image\":{\"@id\":\"https:\\\/\\\/stmmedicali.eu\\\/fr\\\/systemes-alarme-gaz-medicaux\\\/#primaryimage\"},\"thumbnailUrl\":\"https:\\\/\\\/stmmedicali.eu\\\/wp-content\\\/uploads\\\/2026\\\/01\\\/Allarmi-STM-Sistemi-tecnologie-medicali_DSC7360.jpg\",\"datePublished\":\"2026-01-09T09:50:53+00:00\",\"dateModified\":\"2026-03-27T08:56:09+00:00\",\"description\":\"Syst\u00e8mes d'alarme pour r\u00e9seaux de gaz m\u00e9dicaux, con\u00e7us pour assurer une surveillance continue et la signalisation rapide des anomalies de fonctionnement.\",\"breadcrumb\":{\"@id\":\"https:\\\/\\\/stmmedicali.eu\\\/fr\\\/systemes-alarme-gaz-medicaux\\\/#breadcrumb\"},\"inLanguage\":\"fr-FR\",\"potentialAction\":[{\"@type\":\"ReadAction\",\"target\":[\"https:\\\/\\\/stmmedicali.eu\\\/fr\\\/systemes-alarme-gaz-medicaux\\\/\"]}]},{\"@type\":\"ImageObject\",\"inLanguage\":\"fr-FR\",\"@id\":\"https:\\\/\\\/stmmedicali.eu\\\/fr\\\/systemes-alarme-gaz-medicaux\\\/#primaryimage\",\"url\":\"https:\\\/\\\/stmmedicali.eu\\\/wp-content\\\/uploads\\\/2026\\\/01\\\/Allarmi-STM-Sistemi-tecnologie-medicali_DSC7360.jpg\",\"contentUrl\":\"https:\\\/\\\/stmmedicali.eu\\\/wp-content\\\/uploads\\\/2026\\\/01\\\/Allarmi-STM-Sistemi-tecnologie-medicali_DSC7360.jpg\",\"width\":1830,\"height\":499},{\"@type\":\"BreadcrumbList\",\"@id\":\"https:\\\/\\\/stmmedicali.eu\\\/fr\\\/systemes-alarme-gaz-medicaux\\\/#breadcrumb\",\"itemListElement\":[{\"@type\":\"ListItem\",\"position\":1,\"name\":\"Home\",\"item\":\"https:\\\/\\\/stmmedicali.eu\\\/fr\\\/\"},{\"@type\":\"ListItem\",\"position\":2,\"name\":\"Syst\u00e8mes d&#8217;alarme\"}]},{\"@type\":\"WebSite\",\"@id\":\"https:\\\/\\\/stmmedicali.eu\\\/fr\\\/#website\",\"url\":\"https:\\\/\\\/stmmedicali.eu\\\/fr\\\/\",\"name\":\"STM Medicali\",\"description\":\"\",\"publisher\":{\"@id\":\"https:\\\/\\\/stmmedicali.eu\\\/fr\\\/#organization\"},\"potentialAction\":[{\"@type\":\"SearchAction\",\"target\":{\"@type\":\"EntryPoint\",\"urlTemplate\":\"https:\\\/\\\/stmmedicali.eu\\\/fr\\\/?s={search_term_string}\"},\"query-input\":{\"@type\":\"PropertyValueSpecification\",\"valueRequired\":true,\"valueName\":\"search_term_string\"}}],\"inLanguage\":\"fr-FR\"},{\"@type\":\"Organization\",\"@id\":\"https:\\\/\\\/stmmedicali.eu\\\/fr\\\/#organization\",\"name\":\"STM Medicali\",\"url\":\"https:\\\/\\\/stmmedicali.eu\\\/fr\\\/\",\"logo\":{\"@type\":\"ImageObject\",\"inLanguage\":\"fr-FR\",\"@id\":\"https:\\\/\\\/stmmedicali.eu\\\/fr\\\/#\\\/schema\\\/logo\\\/image\\\/\",\"url\":\"https:\\\/\\\/stmmedicali.eu\\\/wp-content\\\/uploads\\\/2025\\\/11\\\/cropped-favicon.png\",\"contentUrl\":\"https:\\\/\\\/stmmedicali.eu\\\/wp-content\\\/uploads\\\/2025\\\/11\\\/cropped-favicon.png\",\"width\":512,\"height\":512,\"caption\":\"STM Medicali\"},\"image\":{\"@id\":\"https:\\\/\\\/stmmedicali.eu\\\/fr\\\/#\\\/schema\\\/logo\\\/image\\\/\"}}]}<\/script>\n<!-- \/ Yoast SEO plugin. -->","yoast_head_json":{"title":"Syst\u00e8mes d'alarme et surveillance gaz m\u00e9dicaux | STM","description":"Syst\u00e8mes d'alarme pour r\u00e9seaux de gaz m\u00e9dicaux, con\u00e7us pour assurer une surveillance continue et la signalisation rapide des anomalies de fonctionnement.","robots":{"index":"index","follow":"follow","max-snippet":"max-snippet:-1","max-image-preview":"max-image-preview:large","max-video-preview":"max-video-preview:-1"},"canonical":"https:\/\/stmmedicali.eu\/fr\/systemes-alarme-gaz-medicaux\/","og_locale":"fr_FR","og_type":"article","og_title":"Syst\u00e8mes d'alarme et surveillance gaz m\u00e9dicaux | STM","og_description":"Syst\u00e8mes d'alarme pour r\u00e9seaux de gaz m\u00e9dicaux, con\u00e7us pour assurer une surveillance continue et la signalisation rapide des anomalies de fonctionnement.","og_url":"https:\/\/stmmedicali.eu\/fr\/systemes-alarme-gaz-medicaux\/","og_site_name":"STM Medicali","article_modified_time":"2026-03-27T08:56:09+00:00","og_image":[{"width":1830,"height":499,"url":"https:\/\/stmmedicali.eu\/wp-content\/uploads\/2026\/01\/Allarmi-STM-Sistemi-tecnologie-medicali_DSC7360.jpg","type":"image\/jpeg"}],"twitter_card":"summary_large_image","twitter_misc":{"Dur\u00e9e de lecture estim\u00e9e":"2 minutes"},"schema":{"@context":"https:\/\/schema.org","@graph":[{"@type":"WebPage","@id":"https:\/\/stmmedicali.eu\/fr\/systemes-alarme-gaz-medicaux\/","url":"https:\/\/stmmedicali.eu\/fr\/systemes-alarme-gaz-medicaux\/","name":"Syst\u00e8mes d'alarme et surveillance gaz m\u00e9dicaux | STM","isPartOf":{"@id":"https:\/\/stmmedicali.eu\/fr\/#website"},"primaryImageOfPage":{"@id":"https:\/\/stmmedicali.eu\/fr\/systemes-alarme-gaz-medicaux\/#primaryimage"},"image":{"@id":"https:\/\/stmmedicali.eu\/fr\/systemes-alarme-gaz-medicaux\/#primaryimage"},"thumbnailUrl":"https:\/\/stmmedicali.eu\/wp-content\/uploads\/2026\/01\/Allarmi-STM-Sistemi-tecnologie-medicali_DSC7360.jpg","datePublished":"2026-01-09T09:50:53+00:00","dateModified":"2026-03-27T08:56:09+00:00","description":"Syst\u00e8mes d'alarme pour r\u00e9seaux de gaz m\u00e9dicaux, con\u00e7us pour assurer une surveillance continue et la signalisation rapide des anomalies de fonctionnement.","breadcrumb":{"@id":"https:\/\/stmmedicali.eu\/fr\/systemes-alarme-gaz-medicaux\/#breadcrumb"},"inLanguage":"fr-FR","potentialAction":[{"@type":"ReadAction","target":["https:\/\/stmmedicali.eu\/fr\/systemes-alarme-gaz-medicaux\/"]}]},{"@type":"ImageObject","inLanguage":"fr-FR","@id":"https:\/\/stmmedicali.eu\/fr\/systemes-alarme-gaz-medicaux\/#primaryimage","url":"https:\/\/stmmedicali.eu\/wp-content\/uploads\/2026\/01\/Allarmi-STM-Sistemi-tecnologie-medicali_DSC7360.jpg","contentUrl":"https:\/\/stmmedicali.eu\/wp-content\/uploads\/2026\/01\/Allarmi-STM-Sistemi-tecnologie-medicali_DSC7360.jpg","width":1830,"height":499},{"@type":"BreadcrumbList","@id":"https:\/\/stmmedicali.eu\/fr\/systemes-alarme-gaz-medicaux\/#breadcrumb","itemListElement":[{"@type":"ListItem","position":1,"name":"Home","item":"https:\/\/stmmedicali.eu\/fr\/"},{"@type":"ListItem","position":2,"name":"Syst\u00e8mes d&#8217;alarme"}]},{"@type":"WebSite","@id":"https:\/\/stmmedicali.eu\/fr\/#website","url":"https:\/\/stmmedicali.eu\/fr\/","name":"STM Medicali","description":"","publisher":{"@id":"https:\/\/stmmedicali.eu\/fr\/#organization"},"potentialAction":[{"@type":"SearchAction","target":{"@type":"EntryPoint","urlTemplate":"https:\/\/stmmedicali.eu\/fr\/?s={search_term_string}"},"query-input":{"@type":"PropertyValueSpecification","valueRequired":true,"valueName":"search_term_string"}}],"inLanguage":"fr-FR"},{"@type":"Organization","@id":"https:\/\/stmmedicali.eu\/fr\/#organization","name":"STM Medicali","url":"https:\/\/stmmedicali.eu\/fr\/","logo":{"@type":"ImageObject","inLanguage":"fr-FR","@id":"https:\/\/stmmedicali.eu\/fr\/#\/schema\/logo\/image\/","url":"https:\/\/stmmedicali.eu\/wp-content\/uploads\/2025\/11\/cropped-favicon.png","contentUrl":"https:\/\/stmmedicali.eu\/wp-content\/uploads\/2025\/11\/cropped-favicon.png","width":512,"height":512,"caption":"STM Medicali"},"image":{"@id":"https:\/\/stmmedicali.eu\/fr\/#\/schema\/logo\/image\/"}}]}},"_links":{"self":[{"href":"https:\/\/stmmedicali.eu\/fr\/wp-json\/wp\/v2\/pages\/25037","targetHints":{"allow":["GET"]}}],"collection":[{"href":"https:\/\/stmmedicali.eu\/fr\/wp-json\/wp\/v2\/pages"}],"about":[{"href":"https:\/\/stmmedicali.eu\/fr\/wp-json\/wp\/v2\/types\/page"}],"author":[{"embeddable":true,"href":"https:\/\/stmmedicali.eu\/fr\/wp-json\/wp\/v2\/users\/2"}],"replies":[{"embeddable":true,"href":"https:\/\/stmmedicali.eu\/fr\/wp-json\/wp\/v2\/comments?post=25037"}],"version-history":[{"count":5,"href":"https:\/\/stmmedicali.eu\/fr\/wp-json\/wp\/v2\/pages\/25037\/revisions"}],"predecessor-version":[{"id":25043,"href":"https:\/\/stmmedicali.eu\/fr\/wp-json\/wp\/v2\/pages\/25037\/revisions\/25043"}],"wp:featuredmedia":[{"embeddable":true,"href":"https:\/\/stmmedicali.eu\/fr\/wp-json\/wp\/v2\/media\/25038"}],"wp:attachment":[{"href":"https:\/\/stmmedicali.eu\/fr\/wp-json\/wp\/v2\/media?parent=25037"}],"curies":[{"name":"wp","href":"https:\/\/api.w.org\/{rel}","templated":true}]}}