{"id":25044,"date":"2026-01-09T10:50:00","date_gmt":"2026-01-09T09:50:00","guid":{"rendered":"https:\/\/stmmedicali.eu\/serpentini-flessibili-gas-medicali\/"},"modified":"2026-03-27T10:01:37","modified_gmt":"2026-03-27T09:01:37","slug":"tuyaux-flexibles-gaz-medicaux","status":"publish","type":"page","link":"https:\/\/stmmedicali.eu\/fr\/tuyaux-flexibles-gaz-medicaux\/","title":{"rendered":"Tuyaux flexibles basse pression"},"content":{"rendered":"\t\t<div data-elementor-type=\"wp-page\" data-elementor-id=\"25044\" class=\"elementor elementor-25044 elementor-23759\" data-elementor-post-type=\"page\">\n\t\t\t\t\t\t<section class=\"elementor-section elementor-top-section elementor-element elementor-element-84f944f elementor-section-boxed elementor-section-height-default elementor-section-height-default\" data-id=\"84f944f\" data-element_type=\"section\" data-e-type=\"section\">\n\t\t\t\t\t\t<div class=\"elementor-container elementor-column-gap-default\">\n\t\t\t\t\t<div class=\"elementor-column elementor-col-100 elementor-top-column elementor-element elementor-element-4e772f8\" data-id=\"4e772f8\" data-element_type=\"column\" data-e-type=\"column\">\n\t\t\t<div class=\"elementor-widget-wrap elementor-element-populated\">\n\t\t\t\t\t\t<div class=\"elementor-element elementor-element-11808a3 elementor-widget elementor-widget-text-editor\" data-id=\"11808a3\" data-element_type=\"widget\" data-e-type=\"widget\" data-widget_type=\"text-editor.default\">\n\t\t\t\t<div class=\"elementor-widget-container\">\n\t\t\t\t\t\t\t\t\t<p style=\"text-align: left;\">Les <strong>tuyaux flexibles basse pression pour gaz m\u00e9dicaux<\/strong> sont utilis\u00e9s pour raccorder le r\u00e9seau de distribution centralis\u00e9 de gaz et de vide aux \u00e9quipements m\u00e9dicaux employ\u00e9s pour l&rsquo;administration au patient ou pour l&rsquo;alimentation des instruments chirurgicaux. Ces <strong>flexibles pour gaz m\u00e9dicaux<\/strong> sont con\u00e7us pour assurer une connexion stable et s\u00fbre, r\u00e9duisant le risque d&rsquo;erreurs de manipulation et emp\u00eachant l&rsquo;inversion entre les gaz gr\u00e2ce \u00e0 des connexions sp\u00e9cifiques \u00e0 chaque gaz.<\/p><p style=\"text-align: left;\">Le flexible est r\u00e9alis\u00e9 sous forme d&rsquo;assemblage tuyau-prise et\/ou embout et comprend un tube antistatique souple, raccord\u00e9 de mani\u00e8re permanente \u00e0 des connecteurs d&rsquo;entr\u00e9e et de sortie sp\u00e9cifiques au gaz, con\u00e7us pour la distribution de gaz m\u00e9dicinaux \u00e0 des pressions inf\u00e9rieures \u00e0 <strong>1400 kPa<\/strong>. La fabrication antistatique contribue \u00e0 am\u00e9liorer la s\u00e9curit\u00e9 d&rsquo;utilisation, essentielle notamment en milieu clinique.<\/p><p style=\"text-align: left;\">Les configurations standard des tuyaux flexibles pour gaz m\u00e9dicaux pr\u00e9voient des longueurs de <strong>1, 2, 3 et 5 m\u00e8tres.<\/strong> La configuration finale est d\u00e9finie en fonction des unit\u00e9s terminales install\u00e9es sur le r\u00e9seau et des points de connexion disponibles sur les \u00e9quipements m\u00e9dicaux, de mani\u00e8re \u00e0 garantir la compatibilit\u00e9, la praticit\u00e9 op\u00e9rationnelle et la bonne gestion des raccordements dans les diff\u00e9rents environnements de soins.<\/p>\t\t\t\t\t\t\t\t<\/div>\n\t\t\t\t<\/div>\n\t\t\t\t\t<\/div>\n\t\t<\/div>\n\t\t\t\t\t<\/div>\n\t\t<\/section>\n\t\t\t\t<section class=\"elementor-section elementor-top-section elementor-element elementor-element-d7b8b48 elementor-section-boxed elementor-section-height-default elementor-section-height-default\" data-id=\"d7b8b48\" data-element_type=\"section\" data-e-type=\"section\">\n\t\t\t\t\t\t<div class=\"elementor-container elementor-column-gap-default\">\n\t\t\t\t\t<div class=\"elementor-column elementor-col-100 elementor-top-column elementor-element elementor-element-8a756aa\" data-id=\"8a756aa\" data-element_type=\"column\" data-e-type=\"column\">\n\t\t\t<div class=\"elementor-widget-wrap elementor-element-populated\">\n\t\t\t\t\t\t<div class=\"elementor-element elementor-element-3684305 listing-pagination-border-style-gradient listing-pagination-background-style-solid elementor-widget elementor-widget-neuros_projects_listing\" data-id=\"3684305\" data-element_type=\"widget\" data-e-type=\"widget\" data-widget_type=\"neuros_projects_listing.default\">\n\t\t\t\t<div class=\"elementor-widget-container\">\n\t\t\t\t\t\n        <div class=\"neuros-projects-listing-widget\">\n\n            \n            \n            \n            <div class=\"archive-listing\" data-ajax='{&quot;post_type&quot;:&quot;neuros_project&quot;,&quot;post_status&quot;:&quot;publish&quot;,&quot;ignore_sticky_posts&quot;:true,&quot;suppress_filters&quot;:false,&quot;orderby&quot;:&quot;date&quot;,&quot;order&quot;:&quot;desc&quot;,&quot;link_base&quot;:&quot;https:\\\/\\\/stmmedicali.eu\\\/fr\\\/wp-json\\\/wp\\\/v2\\\/pages\\\/25044\\\/&quot;,&quot;neuros_project_category&quot;:[&quot;serpentine-flessibili-bassa-pressione&quot;],&quot;posts_per_page&quot;:6,&quot;columns_number&quot;:2,&quot;paged&quot;:1}' data-widget='{&quot;item_class&quot;:&quot;project-item-wrapper&quot;,&quot;columns_number&quot;:2,&quot;listing_type&quot;:&quot;grid&quot;,&quot;text_position&quot;:&quot;inside&quot;,&quot;show_pagination&quot;:&quot;yes&quot;}'>\n                <div class=\"archive-listing-wrapper project-listing-wrapper text-position-inside project-grid-listing columns-2\">\n                    \n<div class=\"project-item-wrapper post-25277 neuros_project type-neuros_project status-publish has-post-thumbnail hentry neuros_project_category-tuyaux-flexibles-basse-pression\">\n    <div class=\"project-item\">\n    \t    \t\t\t<a href=\"https:\/\/stmmedicali.eu\/fr\/serpentins-flexibles-basse-pression\" class=\"project-item-link\">\n\t\t            <span class=\"project-item-media\"><img decoding=\"async\" alt=\"Serpentini a bassa pressione STM\" srcset=\"https:\/\/stmmedicali.eu\/wp-content\/uploads\/2026\/01\/Serpentini-a-bassa-pressione_STM-Sistemi-tecnologie-Medicali.jpg 575w, https:\/\/stmmedicali.eu\/wp-content\/uploads\/2026\/01\/Serpentini-a-bassa-pressione_STM-Sistemi-tecnologie-Medicali-500x500.jpg 991w, https:\/\/stmmedicali.eu\/wp-content\/uploads\/2026\/01\/Serpentini-a-bassa-pressione_STM-Sistemi-tecnologie-Medicali.jpg 1340w\" sizes=\"(max-width: 575px) 575px, (max-width: 991px) 991px\" src=\"https:\/\/stmmedicali.eu\/wp-content\/uploads\/2026\/01\/Serpentini-a-bassa-pressione_STM-Sistemi-tecnologie-Medicali.jpg\" class=\"attachment-neuros_portfolio_grid_2_columns size-neuros_portfolio_grid_2_columns wp-post-image\" \/><\/span><span class=\"project-item-content-wrapper\"><span class=\"project-item-content\"><span class=\"post-title\">Serpentins flexibles basse pression<\/span><\/span><\/span>\t\t        <\/a>\n\t\t            \t\t        \n    <\/div>\n<\/div>                <\/div>\n\n                            <\/div>\n\n            \n        <\/div>\n        \t\t\t\t<\/div>\n\t\t\t\t<\/div>\n\t\t\t\t\t<\/div>\n\t\t<\/div>\n\t\t\t\t\t<\/div>\n\t\t<\/section>\n\t\t\t\t<\/div>\n\t\t","protected":false},"excerpt":{"rendered":"<p>Les tuyaux flexibles basse pression pour gaz m\u00e9dicaux sont utilis\u00e9s pour raccorder le r\u00e9seau de distribution centralis\u00e9 de gaz et de vide aux \u00e9quipements m\u00e9dicaux employ\u00e9s pour l&rsquo;administration au patient ou pour l&rsquo;alimentation des instruments chirurgicaux. Ces flexibles pour gaz m\u00e9dicaux&#8230;<\/p>\n","protected":false},"author":2,"featured_media":0,"parent":0,"menu_order":0,"comment_status":"closed","ping_status":"closed","template":"","meta":{"footnotes":""},"class_list":["post-25044","page","type-page","status-publish","hentry"],"yoast_head":"<!-- This site is optimized with the Yoast SEO plugin v27.4 - https:\/\/yoast.com\/product\/yoast-seo-wordpress\/ -->\n<title>Tuyaux flexibles basse pression gaz m\u00e9dicaux | STM<\/title>\n<meta name=\"description\" content=\"Tuyaux flexibles et tubes antistatiques pour gaz m\u00e9dicaux en basse pression, con\u00e7us pour raccorder r\u00e9seaux et \u00e9quipements m\u00e9dicaux en toute s\u00e9curit\u00e9.\" \/>\n<meta name=\"robots\" content=\"index, follow, max-snippet:-1, max-image-preview:large, max-video-preview:-1\" \/>\n<link rel=\"canonical\" href=\"https:\/\/stmmedicali.eu\/fr\/tuyaux-flexibles-gaz-medicaux\/\" \/>\n<meta property=\"og:locale\" content=\"fr_FR\" \/>\n<meta property=\"og:type\" content=\"article\" \/>\n<meta property=\"og:title\" content=\"Tuyaux flexibles basse pression gaz m\u00e9dicaux | STM\" \/>\n<meta property=\"og:description\" content=\"Tuyaux flexibles et tubes antistatiques pour gaz m\u00e9dicaux en basse pression, con\u00e7us pour raccorder r\u00e9seaux et \u00e9quipements m\u00e9dicaux en toute s\u00e9curit\u00e9.\" \/>\n<meta property=\"og:url\" content=\"https:\/\/stmmedicali.eu\/fr\/tuyaux-flexibles-gaz-medicaux\/\" \/>\n<meta property=\"og:site_name\" content=\"STM Medicali\" \/>\n<meta property=\"article:modified_time\" content=\"2026-03-27T09:01:37+00:00\" \/>\n<meta name=\"twitter:card\" content=\"summary_large_image\" \/>\n<meta name=\"twitter:label1\" content=\"Dur\u00e9e de lecture estim\u00e9e\" \/>\n\t<meta name=\"twitter:data1\" content=\"1 minute\" \/>\n<script type=\"application\/ld+json\" class=\"yoast-schema-graph\">{\"@context\":\"https:\\\/\\\/schema.org\",\"@graph\":[{\"@type\":\"WebPage\",\"@id\":\"https:\\\/\\\/stmmedicali.eu\\\/fr\\\/tuyaux-flexibles-gaz-medicaux\\\/\",\"url\":\"https:\\\/\\\/stmmedicali.eu\\\/fr\\\/tuyaux-flexibles-gaz-medicaux\\\/\",\"name\":\"Tuyaux flexibles basse pression gaz m\u00e9dicaux | STM\",\"isPartOf\":{\"@id\":\"https:\\\/\\\/stmmedicali.eu\\\/fr\\\/#website\"},\"datePublished\":\"2026-01-09T09:50:00+00:00\",\"dateModified\":\"2026-03-27T09:01:37+00:00\",\"description\":\"Tuyaux flexibles et tubes antistatiques pour gaz m\u00e9dicaux en basse pression, con\u00e7us pour raccorder r\u00e9seaux et \u00e9quipements m\u00e9dicaux en toute s\u00e9curit\u00e9.\",\"breadcrumb\":{\"@id\":\"https:\\\/\\\/stmmedicali.eu\\\/fr\\\/tuyaux-flexibles-gaz-medicaux\\\/#breadcrumb\"},\"inLanguage\":\"fr-FR\",\"potentialAction\":[{\"@type\":\"ReadAction\",\"target\":[\"https:\\\/\\\/stmmedicali.eu\\\/fr\\\/tuyaux-flexibles-gaz-medicaux\\\/\"]}]},{\"@type\":\"BreadcrumbList\",\"@id\":\"https:\\\/\\\/stmmedicali.eu\\\/fr\\\/tuyaux-flexibles-gaz-medicaux\\\/#breadcrumb\",\"itemListElement\":[{\"@type\":\"ListItem\",\"position\":1,\"name\":\"Home\",\"item\":\"https:\\\/\\\/stmmedicali.eu\\\/fr\\\/\"},{\"@type\":\"ListItem\",\"position\":2,\"name\":\"Tuyaux flexibles basse pression\"}]},{\"@type\":\"WebSite\",\"@id\":\"https:\\\/\\\/stmmedicali.eu\\\/fr\\\/#website\",\"url\":\"https:\\\/\\\/stmmedicali.eu\\\/fr\\\/\",\"name\":\"STM Medicali\",\"description\":\"\",\"publisher\":{\"@id\":\"https:\\\/\\\/stmmedicali.eu\\\/fr\\\/#organization\"},\"potentialAction\":[{\"@type\":\"SearchAction\",\"target\":{\"@type\":\"EntryPoint\",\"urlTemplate\":\"https:\\\/\\\/stmmedicali.eu\\\/fr\\\/?s={search_term_string}\"},\"query-input\":{\"@type\":\"PropertyValueSpecification\",\"valueRequired\":true,\"valueName\":\"search_term_string\"}}],\"inLanguage\":\"fr-FR\"},{\"@type\":\"Organization\",\"@id\":\"https:\\\/\\\/stmmedicali.eu\\\/fr\\\/#organization\",\"name\":\"STM Medicali\",\"url\":\"https:\\\/\\\/stmmedicali.eu\\\/fr\\\/\",\"logo\":{\"@type\":\"ImageObject\",\"inLanguage\":\"fr-FR\",\"@id\":\"https:\\\/\\\/stmmedicali.eu\\\/fr\\\/#\\\/schema\\\/logo\\\/image\\\/\",\"url\":\"https:\\\/\\\/stmmedicali.eu\\\/wp-content\\\/uploads\\\/2025\\\/11\\\/cropped-favicon.png\",\"contentUrl\":\"https:\\\/\\\/stmmedicali.eu\\\/wp-content\\\/uploads\\\/2025\\\/11\\\/cropped-favicon.png\",\"width\":512,\"height\":512,\"caption\":\"STM Medicali\"},\"image\":{\"@id\":\"https:\\\/\\\/stmmedicali.eu\\\/fr\\\/#\\\/schema\\\/logo\\\/image\\\/\"}}]}<\/script>\n<!-- \/ Yoast SEO plugin. -->","yoast_head_json":{"title":"Tuyaux flexibles basse pression gaz m\u00e9dicaux | STM","description":"Tuyaux flexibles et tubes antistatiques pour gaz m\u00e9dicaux en basse pression, con\u00e7us pour raccorder r\u00e9seaux et \u00e9quipements m\u00e9dicaux en toute s\u00e9curit\u00e9.","robots":{"index":"index","follow":"follow","max-snippet":"max-snippet:-1","max-image-preview":"max-image-preview:large","max-video-preview":"max-video-preview:-1"},"canonical":"https:\/\/stmmedicali.eu\/fr\/tuyaux-flexibles-gaz-medicaux\/","og_locale":"fr_FR","og_type":"article","og_title":"Tuyaux flexibles basse pression gaz m\u00e9dicaux | STM","og_description":"Tuyaux flexibles et tubes antistatiques pour gaz m\u00e9dicaux en basse pression, con\u00e7us pour raccorder r\u00e9seaux et \u00e9quipements m\u00e9dicaux en toute s\u00e9curit\u00e9.","og_url":"https:\/\/stmmedicali.eu\/fr\/tuyaux-flexibles-gaz-medicaux\/","og_site_name":"STM Medicali","article_modified_time":"2026-03-27T09:01:37+00:00","twitter_card":"summary_large_image","twitter_misc":{"Dur\u00e9e de lecture estim\u00e9e":"1 minute"},"schema":{"@context":"https:\/\/schema.org","@graph":[{"@type":"WebPage","@id":"https:\/\/stmmedicali.eu\/fr\/tuyaux-flexibles-gaz-medicaux\/","url":"https:\/\/stmmedicali.eu\/fr\/tuyaux-flexibles-gaz-medicaux\/","name":"Tuyaux flexibles basse pression gaz m\u00e9dicaux | STM","isPartOf":{"@id":"https:\/\/stmmedicali.eu\/fr\/#website"},"datePublished":"2026-01-09T09:50:00+00:00","dateModified":"2026-03-27T09:01:37+00:00","description":"Tuyaux flexibles et tubes antistatiques pour gaz m\u00e9dicaux en basse pression, con\u00e7us pour raccorder r\u00e9seaux et \u00e9quipements m\u00e9dicaux en toute s\u00e9curit\u00e9.","breadcrumb":{"@id":"https:\/\/stmmedicali.eu\/fr\/tuyaux-flexibles-gaz-medicaux\/#breadcrumb"},"inLanguage":"fr-FR","potentialAction":[{"@type":"ReadAction","target":["https:\/\/stmmedicali.eu\/fr\/tuyaux-flexibles-gaz-medicaux\/"]}]},{"@type":"BreadcrumbList","@id":"https:\/\/stmmedicali.eu\/fr\/tuyaux-flexibles-gaz-medicaux\/#breadcrumb","itemListElement":[{"@type":"ListItem","position":1,"name":"Home","item":"https:\/\/stmmedicali.eu\/fr\/"},{"@type":"ListItem","position":2,"name":"Tuyaux flexibles basse pression"}]},{"@type":"WebSite","@id":"https:\/\/stmmedicali.eu\/fr\/#website","url":"https:\/\/stmmedicali.eu\/fr\/","name":"STM Medicali","description":"","publisher":{"@id":"https:\/\/stmmedicali.eu\/fr\/#organization"},"potentialAction":[{"@type":"SearchAction","target":{"@type":"EntryPoint","urlTemplate":"https:\/\/stmmedicali.eu\/fr\/?s={search_term_string}"},"query-input":{"@type":"PropertyValueSpecification","valueRequired":true,"valueName":"search_term_string"}}],"inLanguage":"fr-FR"},{"@type":"Organization","@id":"https:\/\/stmmedicali.eu\/fr\/#organization","name":"STM Medicali","url":"https:\/\/stmmedicali.eu\/fr\/","logo":{"@type":"ImageObject","inLanguage":"fr-FR","@id":"https:\/\/stmmedicali.eu\/fr\/#\/schema\/logo\/image\/","url":"https:\/\/stmmedicali.eu\/wp-content\/uploads\/2025\/11\/cropped-favicon.png","contentUrl":"https:\/\/stmmedicali.eu\/wp-content\/uploads\/2025\/11\/cropped-favicon.png","width":512,"height":512,"caption":"STM Medicali"},"image":{"@id":"https:\/\/stmmedicali.eu\/fr\/#\/schema\/logo\/image\/"}}]}},"_links":{"self":[{"href":"https:\/\/stmmedicali.eu\/fr\/wp-json\/wp\/v2\/pages\/25044","targetHints":{"allow":["GET"]}}],"collection":[{"href":"https:\/\/stmmedicali.eu\/fr\/wp-json\/wp\/v2\/pages"}],"about":[{"href":"https:\/\/stmmedicali.eu\/fr\/wp-json\/wp\/v2\/types\/page"}],"author":[{"embeddable":true,"href":"https:\/\/stmmedicali.eu\/fr\/wp-json\/wp\/v2\/users\/2"}],"replies":[{"embeddable":true,"href":"https:\/\/stmmedicali.eu\/fr\/wp-json\/wp\/v2\/comments?post=25044"}],"version-history":[{"count":4,"href":"https:\/\/stmmedicali.eu\/fr\/wp-json\/wp\/v2\/pages\/25044\/revisions"}],"predecessor-version":[{"id":25049,"href":"https:\/\/stmmedicali.eu\/fr\/wp-json\/wp\/v2\/pages\/25044\/revisions\/25049"}],"wp:attachment":[{"href":"https:\/\/stmmedicali.eu\/fr\/wp-json\/wp\/v2\/media?parent=25044"}],"curies":[{"name":"wp","href":"https:\/\/api.w.org\/{rel}","templated":true}]}}