{"id":25056,"date":"2026-01-09T10:50:34","date_gmt":"2026-01-09T09:50:34","guid":{"rendered":"https:\/\/stmmedicali.eu\/riduttori-pressione-attacco-bombola\/"},"modified":"2026-03-27T10:22:38","modified_gmt":"2026-03-27T09:22:38","slug":"detendeurs-pression-raccord-bouteille","status":"publish","type":"page","link":"https:\/\/stmmedicali.eu\/fr\/detendeurs-pression-raccord-bouteille\/","title":{"rendered":"D\u00e9tendeurs de pression raccord bouteille pour gaz m\u00e9dicaux"},"content":{"rendered":"\t\t<div data-elementor-type=\"wp-page\" data-elementor-id=\"25056\" class=\"elementor elementor-25056 elementor-23761\" data-elementor-post-type=\"page\">\n\t\t\t\t\t\t<section class=\"elementor-section elementor-top-section elementor-element elementor-element-84f944f elementor-section-boxed elementor-section-height-default elementor-section-height-default\" data-id=\"84f944f\" data-element_type=\"section\" data-e-type=\"section\">\n\t\t\t\t\t\t<div class=\"elementor-container elementor-column-gap-default\">\n\t\t\t\t\t<div class=\"elementor-column elementor-col-100 elementor-top-column elementor-element elementor-element-4e772f8\" data-id=\"4e772f8\" data-element_type=\"column\" data-e-type=\"column\">\n\t\t\t<div class=\"elementor-widget-wrap elementor-element-populated\">\n\t\t\t\t\t\t<div class=\"elementor-element elementor-element-11808a3 elementor-widget elementor-widget-text-editor\" data-id=\"11808a3\" data-element_type=\"widget\" data-e-type=\"widget\" data-widget_type=\"text-editor.default\">\n\t\t\t\t<div class=\"elementor-widget-container\">\n\t\t\t\t\t\t\t\t\t<p style=\"text-align: left;\">Les d\u00e9tendeurs en configuration \u00ab raccord bouteille \u00bb pour O2 (oxyg\u00e8ne), N2O (protoxyde d&rsquo;azote), AIR (air m\u00e9dical), N2 (azote), CO2 (dioxyde de carbone), Ar\/He (Argon\/H\u00e9lium) sont fabriqu\u00e9s avec des connexions sp\u00e9cifiques au gaz conformes aux normes UNI, DIN et BS, afin de garantir une diff\u00e9renciation claire entre les versions d\u00e9di\u00e9es aux diff\u00e9rents gaz. Les manom\u00e8tres d&rsquo;entr\u00e9e varient en fonction du gaz distribu\u00e9.<\/p><p style=\"text-align: left;\">Les manom\u00e8tres d&rsquo;entr\u00e9e et de sortie sont positionn\u00e9s directement sur le corps du d\u00e9tendeur, pour une lecture imm\u00e9diate et un contr\u00f4le op\u00e9rationnel plus simple.<\/p><p style=\"text-align: left;\">Les <strong>d\u00e9tendeurs de pression m\u00e9dicaux<\/strong> de la gamme RBMQ sont disponibles en diff\u00e9rentes configurations, \u00e9galement en fonction des exigences de l&rsquo;installation et du service. Les versions produites par STM peuvent \u00eatre \u00e9quip\u00e9es d&rsquo;une sortie unit\u00e9 terminale selon UNI, NIST ou AFNOR, d&rsquo;une sortie \u00e0 embout cannel\u00e9 et d&rsquo;une configuration d\u00e9tendeur avec d\u00e9bitm\u00e8tre. Ils peuvent \u00e9galement \u00eatre de type r\u00e9glable, avec une plage de r\u00e9glage comprise entre 0 et 10 bar. Les d\u00e9tendeurs de la gamme RBHQ, en revanche, se d\u00e9clinent en versions avec des d\u00e9bits de 100 et 180 m\u00b3\/h, pour les applications n\u00e9cessitant desperformances plus \u00e9lev\u00e9es.<\/p><h2 style=\"text-align: left;\">Vannes \u00e0 sph\u00e8re<\/h2><p style=\"text-align: left;\">Pour la gestion et la s\u00e9curit\u00e9 des r\u00e9seaux, STM propose \u00e9galement des vannes \u00e0 sph\u00e8re avec raccords 3 pi\u00e8ces d\u00e9graiss\u00e9es pour usage oxyg\u00e8ne, utilis\u00e9es pour sectionner des parties de l&rsquo;installation et cr\u00e9er des points d&rsquo;isolement rapides et fiables. Ces solutions font partie des <strong>vannes de sectionnement pour gaz m\u00e9dicaux<\/strong> et sont install\u00e9es comme \u00e9l\u00e9ments fonctionnels pour les activit\u00e9s de contr\u00f4le et de maintenance, permettant d&rsquo;isoler des lignes ou des zones en toute s\u00e9curit\u00e9 et de r\u00e9duire l&rsquo;impact des interventions sur le fonctionnement de l&rsquo;\u00e9tablissement.<\/p>\t\t\t\t\t\t\t\t<\/div>\n\t\t\t\t<\/div>\n\t\t\t\t\t<\/div>\n\t\t<\/div>\n\t\t\t\t\t<\/div>\n\t\t<\/section>\n\t\t\t\t<section class=\"elementor-section elementor-top-section elementor-element elementor-element-d7b8b48 elementor-section-boxed elementor-section-height-default elementor-section-height-default\" data-id=\"d7b8b48\" data-element_type=\"section\" data-e-type=\"section\">\n\t\t\t\t\t\t<div class=\"elementor-container elementor-column-gap-default\">\n\t\t\t\t\t<div class=\"elementor-column elementor-col-100 elementor-top-column elementor-element elementor-element-8a756aa\" data-id=\"8a756aa\" data-element_type=\"column\" data-e-type=\"column\">\n\t\t\t<div class=\"elementor-widget-wrap elementor-element-populated\">\n\t\t\t\t\t\t<div class=\"elementor-element elementor-element-3684305 listing-pagination-border-style-gradient listing-pagination-background-style-solid elementor-widget elementor-widget-neuros_projects_listing\" data-id=\"3684305\" data-element_type=\"widget\" data-e-type=\"widget\" data-widget_type=\"neuros_projects_listing.default\">\n\t\t\t\t<div class=\"elementor-widget-container\">\n\t\t\t\t\t\n        <div class=\"neuros-projects-listing-widget\">\n\n            \n            \n            \n            <div class=\"archive-listing\" data-ajax='{&quot;post_type&quot;:&quot;neuros_project&quot;,&quot;post_status&quot;:&quot;publish&quot;,&quot;ignore_sticky_posts&quot;:true,&quot;suppress_filters&quot;:false,&quot;orderby&quot;:&quot;date&quot;,&quot;order&quot;:&quot;desc&quot;,&quot;link_base&quot;:&quot;https:\\\/\\\/stmmedicali.eu\\\/fr\\\/wp-json\\\/wp\\\/v2\\\/pages\\\/25056\\\/&quot;,&quot;neuros_project_category&quot;:[&quot;riduttori-di-pressione-attacco-bombola-per-gas-medicali&quot;],&quot;posts_per_page&quot;:6,&quot;columns_number&quot;:2,&quot;paged&quot;:1}' data-widget='{&quot;item_class&quot;:&quot;project-item-wrapper&quot;,&quot;columns_number&quot;:2,&quot;listing_type&quot;:&quot;grid&quot;,&quot;text_position&quot;:&quot;inside&quot;,&quot;show_pagination&quot;:&quot;yes&quot;}'>\n                <div class=\"archive-listing-wrapper project-listing-wrapper text-position-inside project-grid-listing columns-2\">\n                    \n<div class=\"project-item-wrapper post-25286 neuros_project type-neuros_project status-publish has-post-thumbnail hentry neuros_project_category-detendeurs-de-pression-raccord-bouteille-pour-gaz-medicaux\">\n    <div class=\"project-item\">\n    \t    \t\t\t<a href=\"https:\/\/stmmedicali.eu\/fr\/raccordement-du-cylindre-rbmq\" class=\"project-item-link\">\n\t\t            <span class=\"project-item-media\"><img decoding=\"async\" alt=\"RBMQ_STM SIstemi Tecnologie Medicali\" srcset=\"https:\/\/stmmedicali.eu\/wp-content\/uploads\/2026\/01\/DSC7267-RBMQ-rid.-attacco-bombola.jpg 575w, https:\/\/stmmedicali.eu\/wp-content\/uploads\/2026\/01\/DSC7267-RBMQ-rid.-attacco-bombola-500x500.jpg 991w, https:\/\/stmmedicali.eu\/wp-content\/uploads\/2026\/01\/DSC7267-RBMQ-rid.-attacco-bombola.jpg 1340w\" sizes=\"(max-width: 575px) 575px, (max-width: 991px) 991px\" src=\"https:\/\/stmmedicali.eu\/wp-content\/uploads\/2026\/01\/DSC7267-RBMQ-rid.-attacco-bombola.jpg\" class=\"attachment-neuros_portfolio_grid_2_columns size-neuros_portfolio_grid_2_columns wp-post-image\" \/><\/span><span class=\"project-item-content-wrapper\"><span class=\"project-item-content\"><span class=\"post-title\">Raccordement du cylindre RBMQ<\/span><\/span><\/span>\t\t        <\/a>\n\t\t            \t\t        \n    <\/div>\n<\/div>\n<div class=\"project-item-wrapper post-25269 neuros_project type-neuros_project status-publish has-post-thumbnail hentry neuros_project_category-detendeurs-de-pression-raccord-bouteille-pour-gaz-medicaux\">\n    <div class=\"project-item\">\n    \t    \t\t\t<a href=\"https:\/\/stmmedicali.eu\/fr\/vannes-a-boisseau-spherique\" class=\"project-item-link\">\n\t\t            <span class=\"project-item-media\"><img decoding=\"async\" alt=\"Valvole a sfera con raccordi\" srcset=\"https:\/\/stmmedicali.eu\/wp-content\/uploads\/2026\/01\/VALVOLE-A-SFERA-TV-CON-RACCORDI.jpg 575w, https:\/\/stmmedicali.eu\/wp-content\/uploads\/2026\/01\/VALVOLE-A-SFERA-TV-CON-RACCORDI-500x500.jpg 991w, https:\/\/stmmedicali.eu\/wp-content\/uploads\/2026\/01\/VALVOLE-A-SFERA-TV-CON-RACCORDI.jpg 1340w\" sizes=\"(max-width: 575px) 575px, (max-width: 991px) 991px\" src=\"https:\/\/stmmedicali.eu\/wp-content\/uploads\/2026\/01\/VALVOLE-A-SFERA-TV-CON-RACCORDI.jpg\" class=\"attachment-neuros_portfolio_grid_2_columns size-neuros_portfolio_grid_2_columns wp-post-image\" \/><\/span><span class=\"project-item-content-wrapper\"><span class=\"project-item-content\"><span class=\"post-title\">Vannes \u00e0 boisseau sph\u00e9rique<\/span><\/span><\/span>\t\t        <\/a>\n\t\t            \t\t        \n    <\/div>\n<\/div>\n<div class=\"project-item-wrapper post-25290 neuros_project type-neuros_project status-publish has-post-thumbnail hentry neuros_project_category-detendeurs-de-pression-raccord-bouteille-pour-gaz-medicaux\">\n    <div class=\"project-item\">\n    \t    \t\t\t<a href=\"https:\/\/stmmedicali.eu\/fr\/accessoire-pour-cylindre-rbhq\" class=\"project-item-link\">\n\t\t            <span class=\"project-item-media\"><img decoding=\"async\" alt=\"RBHQ_DSC7198_STM\" srcset=\"https:\/\/stmmedicali.eu\/wp-content\/uploads\/2026\/01\/RBHQ_DSC7198_STM.jpg 575w, https:\/\/stmmedicali.eu\/wp-content\/uploads\/2026\/01\/RBHQ_DSC7198_STM-500x500.jpg 991w, https:\/\/stmmedicali.eu\/wp-content\/uploads\/2026\/01\/RBHQ_DSC7198_STM.jpg 1340w\" sizes=\"(max-width: 575px) 575px, (max-width: 991px) 991px\" src=\"https:\/\/stmmedicali.eu\/wp-content\/uploads\/2026\/01\/RBHQ_DSC7198_STM.jpg\" class=\"attachment-neuros_portfolio_grid_2_columns size-neuros_portfolio_grid_2_columns wp-post-image\" \/><\/span><span class=\"project-item-content-wrapper\"><span class=\"project-item-content\"><span class=\"post-title\">Accessoire pour cylindre RBHQ<\/span><\/span><\/span>\t\t        <\/a>\n\t\t            \t\t        \n    <\/div>\n<\/div>                <\/div>\n\n                            <\/div>\n\n            \n        <\/div>\n        \t\t\t\t<\/div>\n\t\t\t\t<\/div>\n\t\t\t\t\t<\/div>\n\t\t<\/div>\n\t\t\t\t\t<\/div>\n\t\t<\/section>\n\t\t\t\t<\/div>\n\t\t","protected":false},"excerpt":{"rendered":"<p>Les d\u00e9tendeurs en configuration \u00ab raccord bouteille \u00bb pour O2 (oxyg\u00e8ne), N2O (protoxyde d&rsquo;azote), AIR (air m\u00e9dical), N2 (azote), CO2 (dioxyde de carbone), Ar\/He (Argon\/H\u00e9lium) sont fabriqu\u00e9s avec des connexions sp\u00e9cifiques au gaz conformes aux normes UNI, DIN et BS, afin&#8230;<\/p>\n","protected":false},"author":2,"featured_media":0,"parent":0,"menu_order":0,"comment_status":"closed","ping_status":"closed","template":"","meta":{"footnotes":""},"class_list":["post-25056","page","type-page","status-publish","hentry"],"yoast_head":"<!-- This site is optimized with the Yoast SEO plugin v27.4 - https:\/\/yoast.com\/product\/yoast-seo-wordpress\/ -->\n<title>D\u00e9tendeurs de pression pour gaz m\u00e9dicaux | STM<\/title>\n<meta name=\"description\" content=\"D\u00e9tendeurs de pression pour gaz m\u00e9dicaux en diverses configurations: raccord bouteille, mod\u00e8les r\u00e9glables et solutions pour applications \u00e0 hautes performances.\" \/>\n<meta name=\"robots\" content=\"index, follow, max-snippet:-1, max-image-preview:large, max-video-preview:-1\" \/>\n<link rel=\"canonical\" href=\"https:\/\/stmmedicali.eu\/fr\/detendeurs-pression-raccord-bouteille\/\" \/>\n<meta property=\"og:locale\" content=\"fr_FR\" \/>\n<meta property=\"og:type\" content=\"article\" \/>\n<meta property=\"og:title\" content=\"D\u00e9tendeurs de pression pour gaz m\u00e9dicaux | STM\" \/>\n<meta property=\"og:description\" content=\"D\u00e9tendeurs de pression pour gaz m\u00e9dicaux en diverses configurations: raccord bouteille, mod\u00e8les r\u00e9glables et solutions pour applications \u00e0 hautes performances.\" \/>\n<meta property=\"og:url\" content=\"https:\/\/stmmedicali.eu\/fr\/detendeurs-pression-raccord-bouteille\/\" \/>\n<meta property=\"og:site_name\" content=\"STM Medicali\" \/>\n<meta property=\"article:modified_time\" content=\"2026-03-27T09:22:38+00:00\" \/>\n<meta name=\"twitter:card\" content=\"summary_large_image\" \/>\n<meta name=\"twitter:label1\" content=\"Dur\u00e9e de lecture estim\u00e9e\" \/>\n\t<meta name=\"twitter:data1\" content=\"2 minutes\" \/>\n<script type=\"application\/ld+json\" class=\"yoast-schema-graph\">{\"@context\":\"https:\\\/\\\/schema.org\",\"@graph\":[{\"@type\":\"WebPage\",\"@id\":\"https:\\\/\\\/stmmedicali.eu\\\/fr\\\/detendeurs-pression-raccord-bouteille\\\/\",\"url\":\"https:\\\/\\\/stmmedicali.eu\\\/fr\\\/detendeurs-pression-raccord-bouteille\\\/\",\"name\":\"D\u00e9tendeurs de pression pour gaz m\u00e9dicaux | STM\",\"isPartOf\":{\"@id\":\"https:\\\/\\\/stmmedicali.eu\\\/fr\\\/#website\"},\"datePublished\":\"2026-01-09T09:50:34+00:00\",\"dateModified\":\"2026-03-27T09:22:38+00:00\",\"description\":\"D\u00e9tendeurs de pression pour gaz m\u00e9dicaux en diverses configurations: raccord bouteille, mod\u00e8les r\u00e9glables et solutions pour applications \u00e0 hautes performances.\",\"breadcrumb\":{\"@id\":\"https:\\\/\\\/stmmedicali.eu\\\/fr\\\/detendeurs-pression-raccord-bouteille\\\/#breadcrumb\"},\"inLanguage\":\"fr-FR\",\"potentialAction\":[{\"@type\":\"ReadAction\",\"target\":[\"https:\\\/\\\/stmmedicali.eu\\\/fr\\\/detendeurs-pression-raccord-bouteille\\\/\"]}]},{\"@type\":\"BreadcrumbList\",\"@id\":\"https:\\\/\\\/stmmedicali.eu\\\/fr\\\/detendeurs-pression-raccord-bouteille\\\/#breadcrumb\",\"itemListElement\":[{\"@type\":\"ListItem\",\"position\":1,\"name\":\"Home\",\"item\":\"https:\\\/\\\/stmmedicali.eu\\\/fr\\\/\"},{\"@type\":\"ListItem\",\"position\":2,\"name\":\"D\u00e9tendeurs de pression raccord bouteille pour gaz m\u00e9dicaux\"}]},{\"@type\":\"WebSite\",\"@id\":\"https:\\\/\\\/stmmedicali.eu\\\/fr\\\/#website\",\"url\":\"https:\\\/\\\/stmmedicali.eu\\\/fr\\\/\",\"name\":\"STM Medicali\",\"description\":\"\",\"publisher\":{\"@id\":\"https:\\\/\\\/stmmedicali.eu\\\/fr\\\/#organization\"},\"potentialAction\":[{\"@type\":\"SearchAction\",\"target\":{\"@type\":\"EntryPoint\",\"urlTemplate\":\"https:\\\/\\\/stmmedicali.eu\\\/fr\\\/?s={search_term_string}\"},\"query-input\":{\"@type\":\"PropertyValueSpecification\",\"valueRequired\":true,\"valueName\":\"search_term_string\"}}],\"inLanguage\":\"fr-FR\"},{\"@type\":\"Organization\",\"@id\":\"https:\\\/\\\/stmmedicali.eu\\\/fr\\\/#organization\",\"name\":\"STM Medicali\",\"url\":\"https:\\\/\\\/stmmedicali.eu\\\/fr\\\/\",\"logo\":{\"@type\":\"ImageObject\",\"inLanguage\":\"fr-FR\",\"@id\":\"https:\\\/\\\/stmmedicali.eu\\\/fr\\\/#\\\/schema\\\/logo\\\/image\\\/\",\"url\":\"https:\\\/\\\/stmmedicali.eu\\\/wp-content\\\/uploads\\\/2025\\\/11\\\/cropped-favicon.png\",\"contentUrl\":\"https:\\\/\\\/stmmedicali.eu\\\/wp-content\\\/uploads\\\/2025\\\/11\\\/cropped-favicon.png\",\"width\":512,\"height\":512,\"caption\":\"STM Medicali\"},\"image\":{\"@id\":\"https:\\\/\\\/stmmedicali.eu\\\/fr\\\/#\\\/schema\\\/logo\\\/image\\\/\"}}]}<\/script>\n<!-- \/ Yoast SEO plugin. -->","yoast_head_json":{"title":"D\u00e9tendeurs de pression pour gaz m\u00e9dicaux | STM","description":"D\u00e9tendeurs de pression pour gaz m\u00e9dicaux en diverses configurations: raccord bouteille, mod\u00e8les r\u00e9glables et solutions pour applications \u00e0 hautes performances.","robots":{"index":"index","follow":"follow","max-snippet":"max-snippet:-1","max-image-preview":"max-image-preview:large","max-video-preview":"max-video-preview:-1"},"canonical":"https:\/\/stmmedicali.eu\/fr\/detendeurs-pression-raccord-bouteille\/","og_locale":"fr_FR","og_type":"article","og_title":"D\u00e9tendeurs de pression pour gaz m\u00e9dicaux | STM","og_description":"D\u00e9tendeurs de pression pour gaz m\u00e9dicaux en diverses configurations: raccord bouteille, mod\u00e8les r\u00e9glables et solutions pour applications \u00e0 hautes performances.","og_url":"https:\/\/stmmedicali.eu\/fr\/detendeurs-pression-raccord-bouteille\/","og_site_name":"STM Medicali","article_modified_time":"2026-03-27T09:22:38+00:00","twitter_card":"summary_large_image","twitter_misc":{"Dur\u00e9e de lecture estim\u00e9e":"2 minutes"},"schema":{"@context":"https:\/\/schema.org","@graph":[{"@type":"WebPage","@id":"https:\/\/stmmedicali.eu\/fr\/detendeurs-pression-raccord-bouteille\/","url":"https:\/\/stmmedicali.eu\/fr\/detendeurs-pression-raccord-bouteille\/","name":"D\u00e9tendeurs de pression pour gaz m\u00e9dicaux | STM","isPartOf":{"@id":"https:\/\/stmmedicali.eu\/fr\/#website"},"datePublished":"2026-01-09T09:50:34+00:00","dateModified":"2026-03-27T09:22:38+00:00","description":"D\u00e9tendeurs de pression pour gaz m\u00e9dicaux en diverses configurations: raccord bouteille, mod\u00e8les r\u00e9glables et solutions pour applications \u00e0 hautes performances.","breadcrumb":{"@id":"https:\/\/stmmedicali.eu\/fr\/detendeurs-pression-raccord-bouteille\/#breadcrumb"},"inLanguage":"fr-FR","potentialAction":[{"@type":"ReadAction","target":["https:\/\/stmmedicali.eu\/fr\/detendeurs-pression-raccord-bouteille\/"]}]},{"@type":"BreadcrumbList","@id":"https:\/\/stmmedicali.eu\/fr\/detendeurs-pression-raccord-bouteille\/#breadcrumb","itemListElement":[{"@type":"ListItem","position":1,"name":"Home","item":"https:\/\/stmmedicali.eu\/fr\/"},{"@type":"ListItem","position":2,"name":"D\u00e9tendeurs de pression raccord bouteille pour gaz m\u00e9dicaux"}]},{"@type":"WebSite","@id":"https:\/\/stmmedicali.eu\/fr\/#website","url":"https:\/\/stmmedicali.eu\/fr\/","name":"STM Medicali","description":"","publisher":{"@id":"https:\/\/stmmedicali.eu\/fr\/#organization"},"potentialAction":[{"@type":"SearchAction","target":{"@type":"EntryPoint","urlTemplate":"https:\/\/stmmedicali.eu\/fr\/?s={search_term_string}"},"query-input":{"@type":"PropertyValueSpecification","valueRequired":true,"valueName":"search_term_string"}}],"inLanguage":"fr-FR"},{"@type":"Organization","@id":"https:\/\/stmmedicali.eu\/fr\/#organization","name":"STM Medicali","url":"https:\/\/stmmedicali.eu\/fr\/","logo":{"@type":"ImageObject","inLanguage":"fr-FR","@id":"https:\/\/stmmedicali.eu\/fr\/#\/schema\/logo\/image\/","url":"https:\/\/stmmedicali.eu\/wp-content\/uploads\/2025\/11\/cropped-favicon.png","contentUrl":"https:\/\/stmmedicali.eu\/wp-content\/uploads\/2025\/11\/cropped-favicon.png","width":512,"height":512,"caption":"STM Medicali"},"image":{"@id":"https:\/\/stmmedicali.eu\/fr\/#\/schema\/logo\/image\/"}}]}},"_links":{"self":[{"href":"https:\/\/stmmedicali.eu\/fr\/wp-json\/wp\/v2\/pages\/25056","targetHints":{"allow":["GET"]}}],"collection":[{"href":"https:\/\/stmmedicali.eu\/fr\/wp-json\/wp\/v2\/pages"}],"about":[{"href":"https:\/\/stmmedicali.eu\/fr\/wp-json\/wp\/v2\/types\/page"}],"author":[{"embeddable":true,"href":"https:\/\/stmmedicali.eu\/fr\/wp-json\/wp\/v2\/users\/2"}],"replies":[{"embeddable":true,"href":"https:\/\/stmmedicali.eu\/fr\/wp-json\/wp\/v2\/comments?post=25056"}],"version-history":[{"count":5,"href":"https:\/\/stmmedicali.eu\/fr\/wp-json\/wp\/v2\/pages\/25056\/revisions"}],"predecessor-version":[{"id":25062,"href":"https:\/\/stmmedicali.eu\/fr\/wp-json\/wp\/v2\/pages\/25056\/revisions\/25062"}],"wp:attachment":[{"href":"https:\/\/stmmedicali.eu\/fr\/wp-json\/wp\/v2\/media?parent=25056"}],"curies":[{"name":"wp","href":"https:\/\/api.w.org\/{rel}","templated":true}]}}