{"id":25063,"date":"2026-01-09T10:49:29","date_gmt":"2026-01-09T09:49:29","guid":{"rendered":"https:\/\/stmmedicali.eu\/flussometri-ossigenoterapia-e-umidificatori\/"},"modified":"2026-04-16T10:19:09","modified_gmt":"2026-04-16T08:19:09","slug":"debitmetres-oxygenotherapie-et-humidificateurs","status":"publish","type":"page","link":"https:\/\/stmmedicali.eu\/fr\/debitmetres-oxygenotherapie-et-humidificateurs","title":{"rendered":"D\u00e9bitm\u00e8tres et humidificateurs"},"content":{"rendered":"\t\t<div data-elementor-type=\"wp-page\" data-elementor-id=\"25063\" class=\"elementor elementor-25063 elementor-23757\" data-elementor-post-type=\"page\">\n\t\t\t\t\t\t<section class=\"elementor-section elementor-top-section elementor-element elementor-element-84f944f elementor-section-boxed elementor-section-height-default elementor-section-height-default\" data-id=\"84f944f\" data-element_type=\"section\" data-e-type=\"section\">\n\t\t\t\t\t\t<div class=\"elementor-container elementor-column-gap-default\">\n\t\t\t\t\t<div class=\"elementor-column elementor-col-100 elementor-top-column elementor-element elementor-element-4e772f8\" data-id=\"4e772f8\" data-element_type=\"column\" data-e-type=\"column\">\n\t\t\t<div class=\"elementor-widget-wrap elementor-element-populated\">\n\t\t\t\t\t\t<div class=\"elementor-element elementor-element-11808a3 elementor-widget elementor-widget-text-editor\" data-id=\"11808a3\" data-element_type=\"widget\" data-e-type=\"widget\" data-widget_type=\"text-editor.default\">\n\t\t\t\t<div class=\"elementor-widget-container\">\n\t\t\t\t\t\t\t\t\t<h2 style=\"text-align: left;\">D\u00e9bitm\u00e8tres pour oxyg\u00e8ne<\/h2><p style=\"text-align: left;\">Le <strong>d\u00e9bitm\u00e8tre<\/strong> destin\u00e9 \u00e0 l&rsquo;oxyg\u00e9noth\u00e9rapie est un dispositif con\u00e7u pour \u00eatre connect\u00e9 et d\u00e9connect\u00e9 directement par l&rsquo;op\u00e9rateur aux unit\u00e9s terminales d&rsquo;un r\u00e9seau de distribution de gaz m\u00e9dicaux. Le <strong>d\u00e9bitm\u00e8tre pour oxyg\u00e9noth\u00e9rapie<\/strong> permet de doser avec pr\u00e9cision le gaz distribu\u00e9, assurant une administration contr\u00f4l\u00e9e et s\u00fbre au patient en fonction des besoins cliniques. Selon le type de gaz et l&rsquo;application, la gamme comprend des solutions telles que le <strong>d\u00e9bitm\u00e8tre pour oxyg\u00e8ne et le d\u00e9bitm\u00e8tre pour air comprim\u00e9<\/strong>, chacun fabriqu\u00e9 avec des connexions et des caract\u00e9ristiques sp\u00e9cifiques pour \u00e9viter les \u00e9changes accidentels.<\/p><p style=\"text-align: left;\">Les mat\u00e9riaux utilis\u00e9s pour les d\u00e9bitm\u00e8tres sont compatibles avec l&rsquo;oxyg\u00e8ne et les autres gaz m\u00e9dicaux. Les composants m\u00e9talliques sont soumis \u00e0 des traitements sp\u00e9cifiques pour r\u00e9duire le niveau de contamination \u00e0 des valeurs largement inf\u00e9rieures \u00e0 celles requises par les r\u00e9glementations applicables, garantissant fiabilit\u00e9, s\u00e9curit\u00e9 et continuit\u00e9 d&rsquo;utilisation dans le temps.<\/p><h2 style=\"text-align: left;\">Humidificateurs pour gaz m\u00e9dicaux<\/h2><p style=\"text-align: left;\">Les <strong>humidificateurs pour gaz m\u00e9dicaux<\/strong> sont des dispositifs con\u00e7us pour am\u00e9liorer le confort respiratoire du patient pendant l&rsquo;administration d&rsquo;oxyg\u00e8ne. En particulier, l&rsquo;<strong>humidificateur barboteur<\/strong> avec diffuseur en acier INOX AISI 316, raccord\u00e9 \u00e0 un d\u00e9bitm\u00e8tre, permet d&rsquo;augmenter l&rsquo;humidit\u00e9 relative du gaz d\u00e9livr\u00e9 aux voies respiratoires. Cette fonction est essentielle car l&rsquo;oxyg\u00e8ne fourni \u00e0 usage m\u00e9dical est normalement d\u00e9pourvu d&rsquo;un niveau d&rsquo;humidit\u00e9 suffisant pour \u00eatre physiologiquement tol\u00e9r\u00e9, en particulier lors de traitements prolong\u00e9s.<\/p><p style=\"text-align: left;\">L&rsquo;<strong>humidificateur de gaz th\u00e9rapeutique<\/strong> trouve son application aussi bien en milieu hospitalier qu&rsquo;\u00e0 domicile, s&rsquo;int\u00e9grant facilement aux syst\u00e8mes de distribution existants. La conception est orient\u00e9e vers la simplicit\u00e9 d&rsquo;utilisation, la s\u00e9curit\u00e9 et la compatibilit\u00e9 avec les d\u00e9bitm\u00e8tres d&rsquo;oxyg\u00e9noth\u00e9rapie, contribuant \u00e0 rendre l&rsquo;administration du gaz plus confortable et adapt\u00e9e aux besoins cliniques du patient.<\/p>\t\t\t\t\t\t\t\t<\/div>\n\t\t\t\t<\/div>\n\t\t\t\t\t<\/div>\n\t\t<\/div>\n\t\t\t\t\t<\/div>\n\t\t<\/section>\n\t\t\t\t<section class=\"elementor-section elementor-top-section elementor-element elementor-element-d7b8b48 elementor-section-boxed elementor-section-height-default elementor-section-height-default\" data-id=\"d7b8b48\" data-element_type=\"section\" data-e-type=\"section\">\n\t\t\t\t\t\t<div class=\"elementor-container elementor-column-gap-default\">\n\t\t\t\t\t<div class=\"elementor-column elementor-col-100 elementor-top-column elementor-element elementor-element-8a756aa\" data-id=\"8a756aa\" data-element_type=\"column\" data-e-type=\"column\">\n\t\t\t<div class=\"elementor-widget-wrap elementor-element-populated\">\n\t\t\t\t\t\t<div class=\"elementor-element elementor-element-3684305 listing-pagination-border-style-gradient listing-pagination-background-style-solid elementor-widget elementor-widget-neuros_projects_listing\" data-id=\"3684305\" data-element_type=\"widget\" data-e-type=\"widget\" data-widget_type=\"neuros_projects_listing.default\">\n\t\t\t\t<div class=\"elementor-widget-container\">\n\t\t\t\t\t\n        <div class=\"neuros-projects-listing-widget\">\n\n            \n            \n            \n            <div class=\"archive-listing\" data-ajax='{&quot;post_type&quot;:&quot;neuros_project&quot;,&quot;post_status&quot;:&quot;publish&quot;,&quot;ignore_sticky_posts&quot;:true,&quot;suppress_filters&quot;:false,&quot;orderby&quot;:&quot;date&quot;,&quot;order&quot;:&quot;desc&quot;,&quot;link_base&quot;:&quot;https:\\\/\\\/stmmedicali.eu\\\/fr\\\/wp-json\\\/wp\\\/v2\\\/pages\\\/25063\\\/&quot;,&quot;neuros_project_category&quot;:[&quot;flussometri-e-umidificatori&quot;],&quot;posts_per_page&quot;:6,&quot;columns_number&quot;:2,&quot;paged&quot;:1}' data-widget='{&quot;item_class&quot;:&quot;project-item-wrapper&quot;,&quot;columns_number&quot;:2,&quot;listing_type&quot;:&quot;grid&quot;,&quot;text_position&quot;:&quot;inside&quot;,&quot;show_pagination&quot;:&quot;yes&quot;}'>\n                <div class=\"archive-listing-wrapper project-listing-wrapper text-position-inside project-grid-listing columns-2\">\n                    \n<div class=\"project-item-wrapper post-25260 neuros_project type-neuros_project status-publish has-post-thumbnail hentry neuros_project_category-debitmetres-et-humidificateurs\">\n    <div class=\"project-item\">\n    \t    \t\t\t<a href=\"https:\/\/stmmedicali.eu\/fr\/humidificateur\" class=\"project-item-link\">\n\t\t            <span class=\"project-item-media\"><img decoding=\"async\" alt=\"Umidificatore_STM Sistemi tecnologie Medicali\" srcset=\"https:\/\/stmmedicali.eu\/wp-content\/uploads\/2026\/01\/Umidificatore-STM-SIStemi-tecnologie-medicali.jpg 575w, https:\/\/stmmedicali.eu\/wp-content\/uploads\/2026\/01\/Umidificatore-STM-SIStemi-tecnologie-medicali-500x500.jpg 991w, https:\/\/stmmedicali.eu\/wp-content\/uploads\/2026\/01\/Umidificatore-STM-SIStemi-tecnologie-medicali.jpg 1340w\" sizes=\"(max-width: 575px) 575px, (max-width: 991px) 991px\" src=\"https:\/\/stmmedicali.eu\/wp-content\/uploads\/2026\/01\/Umidificatore-STM-SIStemi-tecnologie-medicali.jpg\" class=\"attachment-neuros_portfolio_grid_2_columns size-neuros_portfolio_grid_2_columns wp-post-image\" \/><\/span><span class=\"project-item-content-wrapper\"><span class=\"project-item-content\"><span class=\"post-title\">Humidificateur<\/span><\/span><\/span>\t\t        <\/a>\n\t\t            \t\t        \n    <\/div>\n<\/div>\n<div class=\"project-item-wrapper post-25256 neuros_project type-neuros_project status-publish has-post-thumbnail hentry neuros_project_category-debitmetres-et-humidificateurs\">\n    <div class=\"project-item\">\n    \t    \t\t\t<a href=\"https:\/\/stmmedicali.eu\/fr\/debitmetres\/\" class=\"project-item-link\">\n\t\t            <span class=\"project-item-media\"><img decoding=\"async\" alt=\"FLUSSOMETRI-STM\" srcset=\"https:\/\/stmmedicali.eu\/wp-content\/uploads\/2026\/01\/FLUSSOMETRI-STM.jpg 575w, https:\/\/stmmedicali.eu\/wp-content\/uploads\/2026\/01\/FLUSSOMETRI-STM-500x500.jpg 991w, https:\/\/stmmedicali.eu\/wp-content\/uploads\/2026\/01\/FLUSSOMETRI-STM.jpg 1340w\" sizes=\"(max-width: 575px) 575px, (max-width: 991px) 991px\" src=\"https:\/\/stmmedicali.eu\/wp-content\/uploads\/2026\/01\/FLUSSOMETRI-STM.jpg\" class=\"attachment-neuros_portfolio_grid_2_columns size-neuros_portfolio_grid_2_columns wp-post-image\" \/><\/span><span class=\"project-item-content-wrapper\"><span class=\"project-item-content\"><span class=\"post-title\">D\u00e9bitm\u00e8tres<\/span><\/span><\/span>\t\t        <\/a>\n\t\t            \t\t        \n    <\/div>\n<\/div>                <\/div>\n\n                            <\/div>\n\n            \n        <\/div>\n        \t\t\t\t<\/div>\n\t\t\t\t<\/div>\n\t\t\t\t\t<\/div>\n\t\t<\/div>\n\t\t\t\t\t<\/div>\n\t\t<\/section>\n\t\t\t\t<\/div>\n\t\t","protected":false},"excerpt":{"rendered":"<p>D\u00e9bitm\u00e8tres pour oxyg\u00e8ne Le d\u00e9bitm\u00e8tre destin\u00e9 \u00e0 l&rsquo;oxyg\u00e9noth\u00e9rapie est un dispositif con\u00e7u pour \u00eatre connect\u00e9 et d\u00e9connect\u00e9 directement par l&rsquo;op\u00e9rateur aux unit\u00e9s terminales d&rsquo;un r\u00e9seau de distribution de gaz m\u00e9dicaux. Le d\u00e9bitm\u00e8tre pour oxyg\u00e9noth\u00e9rapie permet de doser avec pr\u00e9cision le gaz&#8230;<\/p>\n","protected":false},"author":2,"featured_media":0,"parent":0,"menu_order":0,"comment_status":"closed","ping_status":"closed","template":"","meta":{"footnotes":""},"class_list":["post-25063","page","type-page","status-publish","hentry"],"yoast_head":"<!-- This site is optimized with the Yoast SEO plugin v27.4 - https:\/\/yoast.com\/product\/yoast-seo-wordpress\/ -->\n<title>D\u00e9bitm\u00e8tres et humidificateurs pour gaz m\u00e9dicaux | STM<\/title>\n<meta name=\"description\" content=\"D\u00e9bitm\u00e8tres d&#039;oxyg\u00e9noth\u00e9rapie et humidificateurs barboteurs pour gaz m\u00e9dicaux, compatibles avec les r\u00e9seaux hospitaliers et syst\u00e8mes de distribution.\" \/>\n<meta name=\"robots\" content=\"index, follow, max-snippet:-1, max-image-preview:large, max-video-preview:-1\" \/>\n<link rel=\"canonical\" href=\"https:\/\/stmmedicali.eu\/fr\/debitmetres-oxygenotherapie-et-humidificateurs\/\" \/>\n<meta property=\"og:locale\" content=\"fr_FR\" \/>\n<meta property=\"og:type\" content=\"article\" \/>\n<meta property=\"og:title\" content=\"D\u00e9bitm\u00e8tres et humidificateurs pour gaz m\u00e9dicaux | STM\" \/>\n<meta property=\"og:description\" content=\"D\u00e9bitm\u00e8tres d&#039;oxyg\u00e9noth\u00e9rapie et humidificateurs barboteurs pour gaz m\u00e9dicaux, compatibles avec les r\u00e9seaux hospitaliers et syst\u00e8mes de distribution.\" \/>\n<meta property=\"og:url\" content=\"https:\/\/stmmedicali.eu\/fr\/debitmetres-oxygenotherapie-et-humidificateurs\" \/>\n<meta property=\"og:site_name\" content=\"STM Medicali\" \/>\n<meta property=\"article:modified_time\" content=\"2026-04-16T08:19:09+00:00\" \/>\n<meta name=\"twitter:card\" content=\"summary_large_image\" \/>\n<meta name=\"twitter:label1\" content=\"Dur\u00e9e de lecture estim\u00e9e\" \/>\n\t<meta name=\"twitter:data1\" content=\"2 minutes\" \/>\n<script type=\"application\/ld+json\" class=\"yoast-schema-graph\">{\"@context\":\"https:\\\/\\\/schema.org\",\"@graph\":[{\"@type\":\"WebPage\",\"@id\":\"https:\\\/\\\/stmmedicali.eu\\\/fr\\\/debitmetres-oxygenotherapie-et-humidificateurs\",\"url\":\"https:\\\/\\\/stmmedicali.eu\\\/fr\\\/debitmetres-oxygenotherapie-et-humidificateurs\",\"name\":\"D\u00e9bitm\u00e8tres et humidificateurs pour gaz m\u00e9dicaux | STM\",\"isPartOf\":{\"@id\":\"https:\\\/\\\/stmmedicali.eu\\\/fr\\\/#website\"},\"datePublished\":\"2026-01-09T09:49:29+00:00\",\"dateModified\":\"2026-04-16T08:19:09+00:00\",\"description\":\"D\u00e9bitm\u00e8tres d'oxyg\u00e9noth\u00e9rapie et humidificateurs barboteurs pour gaz m\u00e9dicaux, compatibles avec les r\u00e9seaux hospitaliers et syst\u00e8mes de distribution.\",\"breadcrumb\":{\"@id\":\"https:\\\/\\\/stmmedicali.eu\\\/fr\\\/debitmetres-oxygenotherapie-et-humidificateurs#breadcrumb\"},\"inLanguage\":\"fr-FR\",\"potentialAction\":[{\"@type\":\"ReadAction\",\"target\":[\"https:\\\/\\\/stmmedicali.eu\\\/fr\\\/debitmetres-oxygenotherapie-et-humidificateurs\"]}]},{\"@type\":\"BreadcrumbList\",\"@id\":\"https:\\\/\\\/stmmedicali.eu\\\/fr\\\/debitmetres-oxygenotherapie-et-humidificateurs#breadcrumb\",\"itemListElement\":[{\"@type\":\"ListItem\",\"position\":1,\"name\":\"Home\",\"item\":\"https:\\\/\\\/stmmedicali.eu\\\/fr\\\/\"},{\"@type\":\"ListItem\",\"position\":2,\"name\":\"D\u00e9bitm\u00e8tres et humidificateurs\"}]},{\"@type\":\"WebSite\",\"@id\":\"https:\\\/\\\/stmmedicali.eu\\\/fr\\\/#website\",\"url\":\"https:\\\/\\\/stmmedicali.eu\\\/fr\\\/\",\"name\":\"STM Medicali\",\"description\":\"\",\"publisher\":{\"@id\":\"https:\\\/\\\/stmmedicali.eu\\\/fr\\\/#organization\"},\"potentialAction\":[{\"@type\":\"SearchAction\",\"target\":{\"@type\":\"EntryPoint\",\"urlTemplate\":\"https:\\\/\\\/stmmedicali.eu\\\/fr\\\/?s={search_term_string}\"},\"query-input\":{\"@type\":\"PropertyValueSpecification\",\"valueRequired\":true,\"valueName\":\"search_term_string\"}}],\"inLanguage\":\"fr-FR\"},{\"@type\":\"Organization\",\"@id\":\"https:\\\/\\\/stmmedicali.eu\\\/fr\\\/#organization\",\"name\":\"STM Medicali\",\"url\":\"https:\\\/\\\/stmmedicali.eu\\\/fr\\\/\",\"logo\":{\"@type\":\"ImageObject\",\"inLanguage\":\"fr-FR\",\"@id\":\"https:\\\/\\\/stmmedicali.eu\\\/fr\\\/#\\\/schema\\\/logo\\\/image\\\/\",\"url\":\"https:\\\/\\\/stmmedicali.eu\\\/wp-content\\\/uploads\\\/2025\\\/11\\\/cropped-favicon.png\",\"contentUrl\":\"https:\\\/\\\/stmmedicali.eu\\\/wp-content\\\/uploads\\\/2025\\\/11\\\/cropped-favicon.png\",\"width\":512,\"height\":512,\"caption\":\"STM Medicali\"},\"image\":{\"@id\":\"https:\\\/\\\/stmmedicali.eu\\\/fr\\\/#\\\/schema\\\/logo\\\/image\\\/\"}}]}<\/script>\n<!-- \/ Yoast SEO plugin. -->","yoast_head_json":{"title":"D\u00e9bitm\u00e8tres et humidificateurs pour gaz m\u00e9dicaux | STM","description":"D\u00e9bitm\u00e8tres d'oxyg\u00e9noth\u00e9rapie et humidificateurs barboteurs pour gaz m\u00e9dicaux, compatibles avec les r\u00e9seaux hospitaliers et syst\u00e8mes de distribution.","robots":{"index":"index","follow":"follow","max-snippet":"max-snippet:-1","max-image-preview":"max-image-preview:large","max-video-preview":"max-video-preview:-1"},"canonical":"https:\/\/stmmedicali.eu\/fr\/debitmetres-oxygenotherapie-et-humidificateurs\/","og_locale":"fr_FR","og_type":"article","og_title":"D\u00e9bitm\u00e8tres et humidificateurs pour gaz m\u00e9dicaux | STM","og_description":"D\u00e9bitm\u00e8tres d'oxyg\u00e9noth\u00e9rapie et humidificateurs barboteurs pour gaz m\u00e9dicaux, compatibles avec les r\u00e9seaux hospitaliers et syst\u00e8mes de distribution.","og_url":"https:\/\/stmmedicali.eu\/fr\/debitmetres-oxygenotherapie-et-humidificateurs","og_site_name":"STM Medicali","article_modified_time":"2026-04-16T08:19:09+00:00","twitter_card":"summary_large_image","twitter_misc":{"Dur\u00e9e de lecture estim\u00e9e":"2 minutes"},"schema":{"@context":"https:\/\/schema.org","@graph":[{"@type":"WebPage","@id":"https:\/\/stmmedicali.eu\/fr\/debitmetres-oxygenotherapie-et-humidificateurs","url":"https:\/\/stmmedicali.eu\/fr\/debitmetres-oxygenotherapie-et-humidificateurs","name":"D\u00e9bitm\u00e8tres et humidificateurs pour gaz m\u00e9dicaux | STM","isPartOf":{"@id":"https:\/\/stmmedicali.eu\/fr\/#website"},"datePublished":"2026-01-09T09:49:29+00:00","dateModified":"2026-04-16T08:19:09+00:00","description":"D\u00e9bitm\u00e8tres d'oxyg\u00e9noth\u00e9rapie et humidificateurs barboteurs pour gaz m\u00e9dicaux, compatibles avec les r\u00e9seaux hospitaliers et syst\u00e8mes de distribution.","breadcrumb":{"@id":"https:\/\/stmmedicali.eu\/fr\/debitmetres-oxygenotherapie-et-humidificateurs#breadcrumb"},"inLanguage":"fr-FR","potentialAction":[{"@type":"ReadAction","target":["https:\/\/stmmedicali.eu\/fr\/debitmetres-oxygenotherapie-et-humidificateurs"]}]},{"@type":"BreadcrumbList","@id":"https:\/\/stmmedicali.eu\/fr\/debitmetres-oxygenotherapie-et-humidificateurs#breadcrumb","itemListElement":[{"@type":"ListItem","position":1,"name":"Home","item":"https:\/\/stmmedicali.eu\/fr\/"},{"@type":"ListItem","position":2,"name":"D\u00e9bitm\u00e8tres et humidificateurs"}]},{"@type":"WebSite","@id":"https:\/\/stmmedicali.eu\/fr\/#website","url":"https:\/\/stmmedicali.eu\/fr\/","name":"STM Medicali","description":"","publisher":{"@id":"https:\/\/stmmedicali.eu\/fr\/#organization"},"potentialAction":[{"@type":"SearchAction","target":{"@type":"EntryPoint","urlTemplate":"https:\/\/stmmedicali.eu\/fr\/?s={search_term_string}"},"query-input":{"@type":"PropertyValueSpecification","valueRequired":true,"valueName":"search_term_string"}}],"inLanguage":"fr-FR"},{"@type":"Organization","@id":"https:\/\/stmmedicali.eu\/fr\/#organization","name":"STM Medicali","url":"https:\/\/stmmedicali.eu\/fr\/","logo":{"@type":"ImageObject","inLanguage":"fr-FR","@id":"https:\/\/stmmedicali.eu\/fr\/#\/schema\/logo\/image\/","url":"https:\/\/stmmedicali.eu\/wp-content\/uploads\/2025\/11\/cropped-favicon.png","contentUrl":"https:\/\/stmmedicali.eu\/wp-content\/uploads\/2025\/11\/cropped-favicon.png","width":512,"height":512,"caption":"STM Medicali"},"image":{"@id":"https:\/\/stmmedicali.eu\/fr\/#\/schema\/logo\/image\/"}}]}},"_links":{"self":[{"href":"https:\/\/stmmedicali.eu\/fr\/wp-json\/wp\/v2\/pages\/25063","targetHints":{"allow":["GET"]}}],"collection":[{"href":"https:\/\/stmmedicali.eu\/fr\/wp-json\/wp\/v2\/pages"}],"about":[{"href":"https:\/\/stmmedicali.eu\/fr\/wp-json\/wp\/v2\/types\/page"}],"author":[{"embeddable":true,"href":"https:\/\/stmmedicali.eu\/fr\/wp-json\/wp\/v2\/users\/2"}],"replies":[{"embeddable":true,"href":"https:\/\/stmmedicali.eu\/fr\/wp-json\/wp\/v2\/comments?post=25063"}],"version-history":[{"count":5,"href":"https:\/\/stmmedicali.eu\/fr\/wp-json\/wp\/v2\/pages\/25063\/revisions"}],"predecessor-version":[{"id":25069,"href":"https:\/\/stmmedicali.eu\/fr\/wp-json\/wp\/v2\/pages\/25063\/revisions\/25069"}],"wp:attachment":[{"href":"https:\/\/stmmedicali.eu\/fr\/wp-json\/wp\/v2\/media?parent=25063"}],"curies":[{"name":"wp","href":"https:\/\/api.w.org\/{rel}","templated":true}]}}