{"id":25070,"date":"2026-01-09T10:42:52","date_gmt":"2026-01-09T09:42:52","guid":{"rendered":"https:\/\/stmmedicali.eu\/centrali-bombole-gas-medicali\/"},"modified":"2026-03-27T10:36:52","modified_gmt":"2026-03-27T09:36:52","slug":"centrales-bouteilles-gaz-medicaux","status":"publish","type":"page","link":"https:\/\/stmmedicali.eu\/fr\/centrales-bouteilles-gaz-medicaux\/","title":{"rendered":"Centrales de bouteilles pour gaz m\u00e9dicaux"},"content":{"rendered":"\t\t<div data-elementor-type=\"wp-page\" data-elementor-id=\"25070\" class=\"elementor elementor-25070 elementor-23752\" data-elementor-post-type=\"page\">\n\t\t\t\t\t\t<section class=\"elementor-section elementor-top-section elementor-element elementor-element-84f944f elementor-section-boxed elementor-section-height-default elementor-section-height-default\" data-id=\"84f944f\" data-element_type=\"section\" data-e-type=\"section\">\n\t\t\t\t\t\t<div class=\"elementor-container elementor-column-gap-default\">\n\t\t\t\t\t<div class=\"elementor-column elementor-col-100 elementor-top-column elementor-element elementor-element-4e772f8\" data-id=\"4e772f8\" data-element_type=\"column\" data-e-type=\"column\">\n\t\t\t<div class=\"elementor-widget-wrap elementor-element-populated\">\n\t\t\t\t\t\t<div class=\"elementor-element elementor-element-11808a3 elementor-widget elementor-widget-text-editor\" data-id=\"11808a3\" data-element_type=\"widget\" data-e-type=\"widget\" data-widget_type=\"text-editor.default\">\n\t\t\t\t<div class=\"elementor-widget-container\">\n\t\t\t\t\t\t\t\t\t<p>Les <strong>centrales de bouteilles pour gaz m\u00e9dicaux<\/strong> sont des syst\u00e8mes d\u00e9di\u00e9s au stockage et \u00e0 la distribution de gaz m\u00e9dicinaux. Leur fonction est de garantir la continuit\u00e9 de l&rsquo;alimentation du r\u00e9seau, en maintenant des niveaux constants de puret\u00e9 et de s\u00e9curit\u00e9, avec des configurations con\u00e7ues pour respecter les r\u00e9glementations en vigueur, y compris la norme UNI EN ISO 7396-1. En milieu hospitalier, une centrale de gaz m\u00e9dicaux correctement dimensionn\u00e9e r\u00e9duit le risque d&rsquo;interruptions et permet une gestion plus efficace des stocks et des basculements entre les sources d&rsquo;alimentation en bouteilles.<\/p><p>Une centrale de gaz m\u00e9dicaux peut \u00eatre compos\u00e9e de plusieurs \u00e9l\u00e9ments int\u00e9gr\u00e9s, s\u00e9lectionn\u00e9s en fonction du gaz trait\u00e9 et des exigences de d\u00e9bit et de continuit\u00e9 de distribution :<\/p><ul><li>Centrale de d\u00e9tente: le c\u0153ur du syst\u00e8me, o\u00f9 s&rsquo;effectue la r\u00e9duction et la stabilisation de la pression avant l&rsquo;injection dans le r\u00e9seau.<\/li><li>Rampes pour gaz m\u00e9dicaux: pour la connexion \u00e0 la centrale de d\u00e9tente, con\u00e7ues pour un basculement fiable et pour la gestion ordonn\u00e9e des bouteilles.<\/li><li>Raccordements semi-rigides et lyres en cuivre haute pression: utilis\u00e9s pour le raccordement des bouteilles aux rampes ou pour la liaison entre les rampes et la centrale de d\u00e9tente.<\/li><li>Centrale de d\u00e9tente de secours: pour garantir la continuit\u00e9 de l&rsquo;alimentation en cas de besoin ou de maintenance, en maintenant le r\u00e9seau op\u00e9rationnel comme l&rsquo;exige la r\u00e9glementation en vigueur.<\/li><\/ul><p>Les centrales de d\u00e9tente d&rsquo;oxyg\u00e8ne peuvent \u00eatre r\u00e9alis\u00e9es avec 3 sources d&rsquo;alimentation ainsi qu&rsquo;avec une fonction de secours en appui d&rsquo;un r\u00e9servoir d&rsquo;oxyg\u00e8ne liquide (non fourni par nos soins) au moyen d&rsquo;un raccordement entre la ligne de distribution provenant de l&rsquo;\u00e9vaporateur et la centrale de d\u00e9tente \u00e9quip\u00e9e de collecteurs de rampe d&rsquo;oxyg\u00e8ne.<\/p><p>Les centrales produites par STM sont con\u00e7ues pour r\u00e9pondre aux exigences techniques et aux configurations demand\u00e9es en Italie et sur les march\u00e9s internationaux, en s&rsquo;adaptant aux diff\u00e9rentes pratiques de distribution :<\/p><ul><li><strong>Distribution \u00e0 double d\u00e9tente<\/strong>: r\u00e9pandue dans une partie de l&rsquo;Europe et dans les pays francophones.<\/li><li><strong>Syst\u00e8mes basse pression:<\/strong> plus fr\u00e9quents en Europe du Nord et dans la r\u00e9gion des Balkans.<\/li><li><strong>Ligne HTM<\/strong>: typiquement requise dans les pays anglophones, en coh\u00e9rence avec les approches et les normes locales.<\/li><\/ul><p>De cette mani\u00e8re, STM propose des <strong>centrales de gaz m\u00e9dicaux modulaires<\/strong>, con\u00e7ues pour s&rsquo;int\u00e9grer au r\u00e9seau de distribution de l&rsquo;\u00e9tablissement de sant\u00e9 et garantir une fiabilit\u00e9 op\u00e9rationnelle dans le temps.<\/p>\t\t\t\t\t\t\t\t<\/div>\n\t\t\t\t<\/div>\n\t\t\t\t\t<\/div>\n\t\t<\/div>\n\t\t\t\t\t<\/div>\n\t\t<\/section>\n\t\t\t\t<section class=\"elementor-section elementor-top-section elementor-element elementor-element-d7b8b48 elementor-section-boxed elementor-section-height-default elementor-section-height-default\" data-id=\"d7b8b48\" data-element_type=\"section\" data-e-type=\"section\">\n\t\t\t\t\t\t<div class=\"elementor-container elementor-column-gap-default\">\n\t\t\t\t\t<div class=\"elementor-column elementor-col-100 elementor-top-column elementor-element elementor-element-8a756aa\" data-id=\"8a756aa\" data-element_type=\"column\" data-e-type=\"column\">\n\t\t\t<div class=\"elementor-widget-wrap elementor-element-populated\">\n\t\t\t\t\t\t<div class=\"elementor-element elementor-element-3684305 listing-pagination-border-style-gradient listing-pagination-background-style-solid elementor-widget elementor-widget-neuros_projects_listing\" data-id=\"3684305\" data-element_type=\"widget\" data-e-type=\"widget\" data-widget_type=\"neuros_projects_listing.default\">\n\t\t\t\t<div class=\"elementor-widget-container\">\n\t\t\t\t\t\n        <div class=\"neuros-projects-listing-widget\">\n\n            \n            \n            \n            <div class=\"archive-listing\" data-ajax='{&quot;post_type&quot;:&quot;neuros_project&quot;,&quot;post_status&quot;:&quot;publish&quot;,&quot;ignore_sticky_posts&quot;:true,&quot;suppress_filters&quot;:false,&quot;orderby&quot;:&quot;date&quot;,&quot;order&quot;:&quot;desc&quot;,&quot;link_base&quot;:&quot;https:\\\/\\\/stmmedicali.eu\\\/fr\\\/wp-json\\\/wp\\\/v2\\\/pages\\\/25070\\\/&quot;,&quot;neuros_project_category&quot;:[&quot;centrali-in-bombole&quot;],&quot;posts_per_page&quot;:6,&quot;columns_number&quot;:2,&quot;paged&quot;:1}' data-widget='{&quot;item_class&quot;:&quot;project-item-wrapper&quot;,&quot;columns_number&quot;:2,&quot;listing_type&quot;:&quot;grid&quot;,&quot;text_position&quot;:&quot;inside&quot;,&quot;show_pagination&quot;:&quot;yes&quot;}'>\n                <div class=\"archive-listing-wrapper project-listing-wrapper text-position-inside project-grid-listing columns-2\">\n                    \n<div class=\"project-item-wrapper post-25223 neuros_project type-neuros_project status-publish has-post-thumbnail hentry neuros_project_category-centrales-electriques-cylindriques\">\n    <div class=\"project-item\">\n    \t    \t\t\t<a href=\"https:\/\/stmmedicali.eu\/fr\/panneau-de-commande-central-htm-100mh\" class=\"project-item-link\">\n\t\t            <span class=\"project-item-media\"><img decoding=\"async\" alt=\"Quadro di riduzione 1\u00b0 stadio 100 mc\/H_STM Sistemi tecnologie medicali\" srcset=\"https:\/\/stmmedicali.eu\/wp-content\/uploads\/2025\/11\/Quadro-di-riduzione-1\u00b0-stadio-100mc_h_DSC6967_STM.jpg 575w, https:\/\/stmmedicali.eu\/wp-content\/uploads\/2025\/11\/Quadro-di-riduzione-1\u00b0-stadio-100mc_h_DSC6967_STM-500x500.jpg 991w, https:\/\/stmmedicali.eu\/wp-content\/uploads\/2025\/11\/Quadro-di-riduzione-1\u00b0-stadio-100mc_h_DSC6967_STM.jpg 1340w\" sizes=\"(max-width: 575px) 575px, (max-width: 991px) 991px\" src=\"https:\/\/stmmedicali.eu\/wp-content\/uploads\/2025\/11\/Quadro-di-riduzione-1\u00b0-stadio-100mc_h_DSC6967_STM.jpg\" class=\"attachment-neuros_portfolio_grid_2_columns size-neuros_portfolio_grid_2_columns wp-post-image\" \/><\/span><span class=\"project-item-content-wrapper\"><span class=\"project-item-content\"><span class=\"post-title\">Panneau de commande central HTM 100 m\u00b3\/h<\/span><\/span><\/span>\t\t        <\/a>\n\t\t            \t\t        \n    <\/div>\n<\/div>\n<div class=\"project-item-wrapper post-25244 neuros_project type-neuros_project status-publish has-post-thumbnail hentry neuros_project_category-centrales-electriques-cylindriques\">\n    <div class=\"project-item\">\n    \t    \t\t\t<a href=\"https:\/\/stmmedicali.eu\/fr\/centrale-double-etage-100-mh-plus\" class=\"project-item-link\">\n\t\t            <span class=\"project-item-media\"><img decoding=\"async\" alt=\"Quadro doppio stadio 100 mc\/h (PLUS)\" srcset=\"https:\/\/stmmedicali.eu\/wp-content\/uploads\/2026\/01\/Quadro-doppio-stadio-100-mc_h-PLUS_DSC7005_STM.jpg 575w, https:\/\/stmmedicali.eu\/wp-content\/uploads\/2026\/01\/Quadro-doppio-stadio-100-mc_h-PLUS_DSC7005_STM-500x500.jpg 991w, https:\/\/stmmedicali.eu\/wp-content\/uploads\/2026\/01\/Quadro-doppio-stadio-100-mc_h-PLUS_DSC7005_STM.jpg 1340w\" sizes=\"(max-width: 575px) 575px, (max-width: 991px) 991px\" src=\"https:\/\/stmmedicali.eu\/wp-content\/uploads\/2026\/01\/Quadro-doppio-stadio-100-mc_h-PLUS_DSC7005_STM.jpg\" class=\"attachment-neuros_portfolio_grid_2_columns size-neuros_portfolio_grid_2_columns wp-post-image\" \/><\/span><span class=\"project-item-content-wrapper\"><span class=\"project-item-content\"><span class=\"post-title\">Centrale double \u00e9tage 100 m\u00b3\/h (PLUS)<\/span><\/span><\/span>\t\t        <\/a>\n\t\t            \t\t        \n    <\/div>\n<\/div>\n<div class=\"project-item-wrapper post-25305 neuros_project type-neuros_project status-publish has-post-thumbnail hentry neuros_project_category-centrales-electriques-cylindriques\">\n    <div class=\"project-item\">\n    \t    \t\t\t<a href=\"https:\/\/stmmedicali.eu\/fr\/centrale-de-decompression-de-1er-etage-40-nmh\" class=\"project-item-link\">\n\t\t            <span class=\"project-item-media\"><img decoding=\"async\" alt=\"Quadro di riduzione 1\u00b0stadio 40mc_h_DSC7073-STM\" srcset=\"https:\/\/stmmedicali.eu\/wp-content\/uploads\/2026\/01\/Quadro-di-riduzione-1\u00b0stadio-40mc_h_DSC7073-STM.jpg 575w, https:\/\/stmmedicali.eu\/wp-content\/uploads\/2026\/01\/Quadro-di-riduzione-1\u00b0stadio-40mc_h_DSC7073-STM-500x500.jpg 991w, https:\/\/stmmedicali.eu\/wp-content\/uploads\/2026\/01\/Quadro-di-riduzione-1\u00b0stadio-40mc_h_DSC7073-STM.jpg 1340w\" sizes=\"(max-width: 575px) 575px, (max-width: 991px) 991px\" src=\"https:\/\/stmmedicali.eu\/wp-content\/uploads\/2026\/01\/Quadro-di-riduzione-1\u00b0stadio-40mc_h_DSC7073-STM.jpg\" class=\"attachment-neuros_portfolio_grid_2_columns size-neuros_portfolio_grid_2_columns wp-post-image\" \/><\/span><span class=\"project-item-content-wrapper\"><span class=\"project-item-content\"><span class=\"post-title\">Centrale de d\u00e9compression de 1er \u00e9tage (Q = 40 Nm\u00b3\/h)<\/span><\/span><\/span>\t\t        <\/a>\n\t\t            \t\t        \n    <\/div>\n<\/div>\n<div class=\"project-item-wrapper post-25228 neuros_project type-neuros_project status-publish has-post-thumbnail hentry neuros_project_category-centrales-electriques-cylindriques\">\n    <div class=\"project-item\">\n    \t    \t\t\t<a href=\"https:\/\/stmmedicali.eu\/fr\/panneau-central-40-mh\" class=\"project-item-link\">\n\t\t            <span class=\"project-item-media\"><img decoding=\"async\" alt=\"Quadro di centrale 40mc\/h\" srcset=\"https:\/\/stmmedicali.eu\/wp-content\/uploads\/2026\/01\/Quadro-di-centrale-40mc_h._DSC6772-STM.jpg 575w, https:\/\/stmmedicali.eu\/wp-content\/uploads\/2026\/01\/Quadro-di-centrale-40mc_h._DSC6772-STM-500x500.jpg 991w, https:\/\/stmmedicali.eu\/wp-content\/uploads\/2026\/01\/Quadro-di-centrale-40mc_h._DSC6772-STM.jpg 1340w\" sizes=\"(max-width: 575px) 575px, (max-width: 991px) 991px\" src=\"https:\/\/stmmedicali.eu\/wp-content\/uploads\/2026\/01\/Quadro-di-centrale-40mc_h._DSC6772-STM.jpg\" class=\"attachment-neuros_portfolio_grid_2_columns size-neuros_portfolio_grid_2_columns wp-post-image\" \/><\/span><span class=\"project-item-content-wrapper\"><span class=\"project-item-content\"><span class=\"post-title\">Panneau central 40 m\u00b3\/h<\/span><\/span><\/span>\t\t        <\/a>\n\t\t            \t\t        \n    <\/div>\n<\/div>\n<div class=\"project-item-wrapper post-25240 neuros_project type-neuros_project status-publish has-post-thumbnail hentry neuros_project_category-centrales-electriques-cylindriques\">\n    <div class=\"project-item\">\n    \t    \t\t\t<a href=\"https:\/\/stmmedicali.eu\/fr\/centrale-double-etage-40-mh-plus\" class=\"project-item-link\">\n\t\t            <span class=\"project-item-media\"><img decoding=\"async\" alt=\"Quadro doppio stadio 40 mc\/h (PLUS)_STM Sistemi Tecnologie medicali\" srcset=\"https:\/\/stmmedicali.eu\/wp-content\/uploads\/2026\/01\/Quadro-doppio-stadio-40-mc_h-PLUS_DSC7033_STM.jpg 575w, https:\/\/stmmedicali.eu\/wp-content\/uploads\/2026\/01\/Quadro-doppio-stadio-40-mc_h-PLUS_DSC7033_STM-500x500.jpg 991w, https:\/\/stmmedicali.eu\/wp-content\/uploads\/2026\/01\/Quadro-doppio-stadio-40-mc_h-PLUS_DSC7033_STM.jpg 1340w\" sizes=\"(max-width: 575px) 575px, (max-width: 991px) 991px\" src=\"https:\/\/stmmedicali.eu\/wp-content\/uploads\/2026\/01\/Quadro-doppio-stadio-40-mc_h-PLUS_DSC7033_STM.jpg\" class=\"attachment-neuros_portfolio_grid_2_columns size-neuros_portfolio_grid_2_columns wp-post-image\" \/><\/span><span class=\"project-item-content-wrapper\"><span class=\"project-item-content\"><span class=\"post-title\">Centrale double \u00e9tage 40 m\u00b3\/h (PLUS)<\/span><\/span><\/span>\t\t        <\/a>\n\t\t            \t\t        \n    <\/div>\n<\/div>\n<div class=\"project-item-wrapper post-25301 neuros_project type-neuros_project status-publish has-post-thumbnail hentry neuros_project_category-centrales-electriques-cylindriques\">\n    <div class=\"project-item\">\n    \t    \t\t\t<a href=\"https:\/\/stmmedicali.eu\/fr\/centrale-de-decompression-urgence-q-100-nmh\" class=\"project-item-link\">\n\t\t            <span class=\"project-item-media\"><img decoding=\"async\" alt=\"Quadro di riserva (3\u00b0 fonte) 100 mc\/h\" srcset=\"https:\/\/stmmedicali.eu\/wp-content\/uploads\/2026\/01\/Quadro-di-riserva-3\u00b0-fonte-100-mc_h_DSC7125_STM.jpg 575w, https:\/\/stmmedicali.eu\/wp-content\/uploads\/2026\/01\/Quadro-di-riserva-3\u00b0-fonte-100-mc_h_DSC7125_STM-500x500.jpg 991w, https:\/\/stmmedicali.eu\/wp-content\/uploads\/2026\/01\/Quadro-di-riserva-3\u00b0-fonte-100-mc_h_DSC7125_STM.jpg 1340w\" sizes=\"(max-width: 575px) 575px, (max-width: 991px) 991px\" src=\"https:\/\/stmmedicali.eu\/wp-content\/uploads\/2026\/01\/Quadro-di-riserva-3\u00b0-fonte-100-mc_h_DSC7125_STM.jpg\" class=\"attachment-neuros_portfolio_grid_2_columns size-neuros_portfolio_grid_2_columns wp-post-image\" \/><\/span><span class=\"project-item-content-wrapper\"><span class=\"project-item-content\"><span class=\"post-title\">Centrale de d\u00e9compression d\u2019urgence (Q = 100 Nm\u00b3\/h)<\/span><\/span><\/span>\t\t        <\/a>\n\t\t            \t\t        \n    <\/div>\n<\/div>                <\/div>\n\n                <div class=\"content-pagination\"><nav class=\"navigation pagination\" role=\"navigation\"><h2 class=\"screen-reader-text\">Pagination<\/h2><div class=\"nav-links\"><span aria-current=\"page\" class=\"page-numbers current\"><span class=\"button-inner\"><\/span>1<\/span>\n<a class=\"page-numbers\" href=\"https:\/\/stmmedicali.eu\/fr\/wp-json\/wp\/v2\/pages\/25070\/?3684305-paged=2\"><span class=\"button-inner\"><\/span>2<\/a>\n<a class=\"next page-numbers\" href=\"https:\/\/stmmedicali.eu\/fr\/wp-json\/wp\/v2\/pages\/25070\/?3684305-paged=2\">Next<span class=\"button-inner\"><\/span><span class=\"icon-button-arrow left\"><\/span><span class=\"icon-button-arrow right\"><\/span><\/a><\/div><\/nav><\/div>            <\/div>\n\n            \n        <\/div>\n        \t\t\t\t<\/div>\n\t\t\t\t<\/div>\n\t\t\t\t\t<\/div>\n\t\t<\/div>\n\t\t\t\t\t<\/div>\n\t\t<\/section>\n\t\t\t\t<\/div>\n\t\t","protected":false},"excerpt":{"rendered":"<p>Les centrales de bouteilles pour gaz m\u00e9dicaux sont des syst\u00e8mes d\u00e9di\u00e9s au stockage et \u00e0 la distribution de gaz m\u00e9dicinaux. Leur fonction est de garantir la continuit\u00e9 de l&rsquo;alimentation du r\u00e9seau, en maintenant des niveaux constants de puret\u00e9 et de s\u00e9curit\u00e9,&#8230;<\/p>\n","protected":false},"author":2,"featured_media":0,"parent":0,"menu_order":0,"comment_status":"closed","ping_status":"closed","template":"","meta":{"footnotes":""},"class_list":["post-25070","page","type-page","status-publish","hentry"],"yoast_head":"<!-- This site is optimized with the Yoast SEO plugin v27.4 - https:\/\/yoast.com\/product\/yoast-seo-wordpress\/ -->\n<title>Centrales de bouteilles pour gaz m\u00e9dicaux | STM<\/title>\n<meta name=\"description\" content=\"Centrales de bouteilles et de d\u00e9tente pour gaz m\u00e9dicaux et oxyg\u00e8ne, con\u00e7ues pour assurer la continuit\u00e9 d&#039;alimentation et la s\u00e9curit\u00e9 du r\u00e9seau hospitalier.\" \/>\n<meta name=\"robots\" content=\"index, follow, max-snippet:-1, max-image-preview:large, max-video-preview:-1\" \/>\n<link rel=\"canonical\" href=\"https:\/\/stmmedicali.eu\/fr\/centrales-bouteilles-gaz-medicaux\/\" \/>\n<meta property=\"og:locale\" content=\"fr_FR\" \/>\n<meta property=\"og:type\" content=\"article\" \/>\n<meta property=\"og:title\" content=\"Centrales de bouteilles pour gaz m\u00e9dicaux | STM\" \/>\n<meta property=\"og:description\" content=\"Centrales de bouteilles et de d\u00e9tente pour gaz m\u00e9dicaux et oxyg\u00e8ne, con\u00e7ues pour assurer la continuit\u00e9 d&#039;alimentation et la s\u00e9curit\u00e9 du r\u00e9seau hospitalier.\" \/>\n<meta property=\"og:url\" content=\"https:\/\/stmmedicali.eu\/fr\/centrales-bouteilles-gaz-medicaux\/\" \/>\n<meta property=\"og:site_name\" content=\"STM Medicali\" \/>\n<meta property=\"article:modified_time\" content=\"2026-03-27T09:36:52+00:00\" \/>\n<meta name=\"twitter:card\" content=\"summary_large_image\" \/>\n<meta name=\"twitter:label1\" content=\"Dur\u00e9e de lecture estim\u00e9e\" \/>\n\t<meta name=\"twitter:data1\" content=\"2 minutes\" \/>\n<script type=\"application\/ld+json\" class=\"yoast-schema-graph\">{\"@context\":\"https:\\\/\\\/schema.org\",\"@graph\":[{\"@type\":\"WebPage\",\"@id\":\"https:\\\/\\\/stmmedicali.eu\\\/fr\\\/centrales-bouteilles-gaz-medicaux\\\/\",\"url\":\"https:\\\/\\\/stmmedicali.eu\\\/fr\\\/centrales-bouteilles-gaz-medicaux\\\/\",\"name\":\"Centrales de bouteilles pour gaz m\u00e9dicaux | STM\",\"isPartOf\":{\"@id\":\"https:\\\/\\\/stmmedicali.eu\\\/fr\\\/#website\"},\"datePublished\":\"2026-01-09T09:42:52+00:00\",\"dateModified\":\"2026-03-27T09:36:52+00:00\",\"description\":\"Centrales de bouteilles et de d\u00e9tente pour gaz m\u00e9dicaux et oxyg\u00e8ne, con\u00e7ues pour assurer la continuit\u00e9 d'alimentation et la s\u00e9curit\u00e9 du r\u00e9seau hospitalier.\",\"breadcrumb\":{\"@id\":\"https:\\\/\\\/stmmedicali.eu\\\/fr\\\/centrales-bouteilles-gaz-medicaux\\\/#breadcrumb\"},\"inLanguage\":\"fr-FR\",\"potentialAction\":[{\"@type\":\"ReadAction\",\"target\":[\"https:\\\/\\\/stmmedicali.eu\\\/fr\\\/centrales-bouteilles-gaz-medicaux\\\/\"]}]},{\"@type\":\"BreadcrumbList\",\"@id\":\"https:\\\/\\\/stmmedicali.eu\\\/fr\\\/centrales-bouteilles-gaz-medicaux\\\/#breadcrumb\",\"itemListElement\":[{\"@type\":\"ListItem\",\"position\":1,\"name\":\"Home\",\"item\":\"https:\\\/\\\/stmmedicali.eu\\\/fr\\\/\"},{\"@type\":\"ListItem\",\"position\":2,\"name\":\"Centrales de bouteilles pour gaz m\u00e9dicaux\"}]},{\"@type\":\"WebSite\",\"@id\":\"https:\\\/\\\/stmmedicali.eu\\\/fr\\\/#website\",\"url\":\"https:\\\/\\\/stmmedicali.eu\\\/fr\\\/\",\"name\":\"STM Medicali\",\"description\":\"\",\"publisher\":{\"@id\":\"https:\\\/\\\/stmmedicali.eu\\\/fr\\\/#organization\"},\"potentialAction\":[{\"@type\":\"SearchAction\",\"target\":{\"@type\":\"EntryPoint\",\"urlTemplate\":\"https:\\\/\\\/stmmedicali.eu\\\/fr\\\/?s={search_term_string}\"},\"query-input\":{\"@type\":\"PropertyValueSpecification\",\"valueRequired\":true,\"valueName\":\"search_term_string\"}}],\"inLanguage\":\"fr-FR\"},{\"@type\":\"Organization\",\"@id\":\"https:\\\/\\\/stmmedicali.eu\\\/fr\\\/#organization\",\"name\":\"STM Medicali\",\"url\":\"https:\\\/\\\/stmmedicali.eu\\\/fr\\\/\",\"logo\":{\"@type\":\"ImageObject\",\"inLanguage\":\"fr-FR\",\"@id\":\"https:\\\/\\\/stmmedicali.eu\\\/fr\\\/#\\\/schema\\\/logo\\\/image\\\/\",\"url\":\"https:\\\/\\\/stmmedicali.eu\\\/wp-content\\\/uploads\\\/2025\\\/11\\\/cropped-favicon.png\",\"contentUrl\":\"https:\\\/\\\/stmmedicali.eu\\\/wp-content\\\/uploads\\\/2025\\\/11\\\/cropped-favicon.png\",\"width\":512,\"height\":512,\"caption\":\"STM Medicali\"},\"image\":{\"@id\":\"https:\\\/\\\/stmmedicali.eu\\\/fr\\\/#\\\/schema\\\/logo\\\/image\\\/\"}}]}<\/script>\n<!-- \/ Yoast SEO plugin. -->","yoast_head_json":{"title":"Centrales de bouteilles pour gaz m\u00e9dicaux | STM","description":"Centrales de bouteilles et de d\u00e9tente pour gaz m\u00e9dicaux et oxyg\u00e8ne, con\u00e7ues pour assurer la continuit\u00e9 d'alimentation et la s\u00e9curit\u00e9 du r\u00e9seau hospitalier.","robots":{"index":"index","follow":"follow","max-snippet":"max-snippet:-1","max-image-preview":"max-image-preview:large","max-video-preview":"max-video-preview:-1"},"canonical":"https:\/\/stmmedicali.eu\/fr\/centrales-bouteilles-gaz-medicaux\/","og_locale":"fr_FR","og_type":"article","og_title":"Centrales de bouteilles pour gaz m\u00e9dicaux | STM","og_description":"Centrales de bouteilles et de d\u00e9tente pour gaz m\u00e9dicaux et oxyg\u00e8ne, con\u00e7ues pour assurer la continuit\u00e9 d'alimentation et la s\u00e9curit\u00e9 du r\u00e9seau hospitalier.","og_url":"https:\/\/stmmedicali.eu\/fr\/centrales-bouteilles-gaz-medicaux\/","og_site_name":"STM Medicali","article_modified_time":"2026-03-27T09:36:52+00:00","twitter_card":"summary_large_image","twitter_misc":{"Dur\u00e9e de lecture estim\u00e9e":"2 minutes"},"schema":{"@context":"https:\/\/schema.org","@graph":[{"@type":"WebPage","@id":"https:\/\/stmmedicali.eu\/fr\/centrales-bouteilles-gaz-medicaux\/","url":"https:\/\/stmmedicali.eu\/fr\/centrales-bouteilles-gaz-medicaux\/","name":"Centrales de bouteilles pour gaz m\u00e9dicaux | STM","isPartOf":{"@id":"https:\/\/stmmedicali.eu\/fr\/#website"},"datePublished":"2026-01-09T09:42:52+00:00","dateModified":"2026-03-27T09:36:52+00:00","description":"Centrales de bouteilles et de d\u00e9tente pour gaz m\u00e9dicaux et oxyg\u00e8ne, con\u00e7ues pour assurer la continuit\u00e9 d'alimentation et la s\u00e9curit\u00e9 du r\u00e9seau hospitalier.","breadcrumb":{"@id":"https:\/\/stmmedicali.eu\/fr\/centrales-bouteilles-gaz-medicaux\/#breadcrumb"},"inLanguage":"fr-FR","potentialAction":[{"@type":"ReadAction","target":["https:\/\/stmmedicali.eu\/fr\/centrales-bouteilles-gaz-medicaux\/"]}]},{"@type":"BreadcrumbList","@id":"https:\/\/stmmedicali.eu\/fr\/centrales-bouteilles-gaz-medicaux\/#breadcrumb","itemListElement":[{"@type":"ListItem","position":1,"name":"Home","item":"https:\/\/stmmedicali.eu\/fr\/"},{"@type":"ListItem","position":2,"name":"Centrales de bouteilles pour gaz m\u00e9dicaux"}]},{"@type":"WebSite","@id":"https:\/\/stmmedicali.eu\/fr\/#website","url":"https:\/\/stmmedicali.eu\/fr\/","name":"STM Medicali","description":"","publisher":{"@id":"https:\/\/stmmedicali.eu\/fr\/#organization"},"potentialAction":[{"@type":"SearchAction","target":{"@type":"EntryPoint","urlTemplate":"https:\/\/stmmedicali.eu\/fr\/?s={search_term_string}"},"query-input":{"@type":"PropertyValueSpecification","valueRequired":true,"valueName":"search_term_string"}}],"inLanguage":"fr-FR"},{"@type":"Organization","@id":"https:\/\/stmmedicali.eu\/fr\/#organization","name":"STM Medicali","url":"https:\/\/stmmedicali.eu\/fr\/","logo":{"@type":"ImageObject","inLanguage":"fr-FR","@id":"https:\/\/stmmedicali.eu\/fr\/#\/schema\/logo\/image\/","url":"https:\/\/stmmedicali.eu\/wp-content\/uploads\/2025\/11\/cropped-favicon.png","contentUrl":"https:\/\/stmmedicali.eu\/wp-content\/uploads\/2025\/11\/cropped-favicon.png","width":512,"height":512,"caption":"STM Medicali"},"image":{"@id":"https:\/\/stmmedicali.eu\/fr\/#\/schema\/logo\/image\/"}}]}},"_links":{"self":[{"href":"https:\/\/stmmedicali.eu\/fr\/wp-json\/wp\/v2\/pages\/25070","targetHints":{"allow":["GET"]}}],"collection":[{"href":"https:\/\/stmmedicali.eu\/fr\/wp-json\/wp\/v2\/pages"}],"about":[{"href":"https:\/\/stmmedicali.eu\/fr\/wp-json\/wp\/v2\/types\/page"}],"author":[{"embeddable":true,"href":"https:\/\/stmmedicali.eu\/fr\/wp-json\/wp\/v2\/users\/2"}],"replies":[{"embeddable":true,"href":"https:\/\/stmmedicali.eu\/fr\/wp-json\/wp\/v2\/comments?post=25070"}],"version-history":[{"count":4,"href":"https:\/\/stmmedicali.eu\/fr\/wp-json\/wp\/v2\/pages\/25070\/revisions"}],"predecessor-version":[{"id":25075,"href":"https:\/\/stmmedicali.eu\/fr\/wp-json\/wp\/v2\/pages\/25070\/revisions\/25075"}],"wp:attachment":[{"href":"https:\/\/stmmedicali.eu\/fr\/wp-json\/wp\/v2\/media?parent=25070"}],"curies":[{"name":"wp","href":"https:\/\/api.w.org\/{rel}","templated":true}]}}