{"id":25128,"date":"2025-12-06T11:25:22","date_gmt":"2025-12-06T10:25:22","guid":{"rendered":"https:\/\/stmmedicali.eu\/azienda\/"},"modified":"2026-04-07T09:03:00","modified_gmt":"2026-04-07T07:03:00","slug":"agence","status":"publish","type":"page","link":"https:\/\/stmmedicali.eu\/fr\/agence\/","title":{"rendered":"Agence"},"content":{"rendered":"\t\t<div data-elementor-type=\"wp-page\" data-elementor-id=\"25128\" class=\"elementor elementor-25128 elementor-23091\" data-elementor-post-type=\"page\">\n\t\t\t\t\t\t<section class=\"elementor-section elementor-top-section elementor-element elementor-element-ba270ea elementor-section-full_width elementor-section-stretched elementor-section-height-default elementor-section-height-default\" data-id=\"ba270ea\" data-element_type=\"section\" data-e-type=\"section\" data-settings=\"{&quot;stretch_section&quot;:&quot;section-stretched&quot;}\">\n\t\t\t\t\t\t<div class=\"elementor-container elementor-column-gap-no\">\n\t\t\t\t\t<div class=\"elementor-column elementor-col-50 elementor-top-column elementor-element elementor-element-64ee69d\" data-id=\"64ee69d\" data-element_type=\"column\" data-e-type=\"column\">\n\t\t\t<div class=\"elementor-widget-wrap elementor-element-populated\">\n\t\t\t\t\t\t<div class=\"elementor-element elementor-element-10eeadc elementor-widget elementor-widget-image\" data-id=\"10eeadc\" data-element_type=\"widget\" data-e-type=\"widget\" data-widget_type=\"image.default\">\n\t\t\t\t<div class=\"elementor-widget-container\">\n\t\t\t\t\t\t\t\t\t\t\t\t\t\t\t<img fetchpriority=\"high\" decoding=\"async\" width=\"693\" height=\"366\" src=\"https:\/\/stmmedicali.eu\/wp-content\/uploads\/2026\/01\/STM_SIStemi-Tecnologie-Medicali-Azienda.jpg\" class=\"attachment-large size-large wp-image-25129\" alt=\"\" srcset=\"https:\/\/stmmedicali.eu\/wp-content\/uploads\/2026\/01\/STM_SIStemi-Tecnologie-Medicali-Azienda.jpg 693w, https:\/\/stmmedicali.eu\/wp-content\/uploads\/2026\/01\/STM_SIStemi-Tecnologie-Medicali-Azienda-300x158.jpg 300w\" sizes=\"(max-width: 693px) 100vw, 693px\" \/>\t\t\t\t\t\t\t\t\t\t\t\t\t\t\t<\/div>\n\t\t\t\t<\/div>\n\t\t\t\t\t<\/div>\n\t\t<\/div>\n\t\t\t\t<div class=\"elementor-column elementor-col-50 elementor-top-column elementor-element elementor-element-8d9388c\" data-id=\"8d9388c\" data-element_type=\"column\" data-e-type=\"column\">\n\t\t\t<div class=\"elementor-widget-wrap elementor-element-populated\">\n\t\t\t\t\t\t<div class=\"elementor-element elementor-element-e2c808e elementor-widget elementor-widget-neuros_heading\" data-id=\"e2c808e\" data-element_type=\"widget\" data-e-type=\"widget\" data-widget_type=\"neuros_heading.default\">\n\t\t\t\t<div class=\"elementor-widget-container\">\n\t\t\t\t\t<div class=\"neuros-heading-widget\"><h2 class=\"neuros-heading\"><span class=\"neuros-heading-content has_gradient_color_text\">Id\u00e9es, solutions et simplicit\u00e9 se traduisent en un seul mot : <del>Qualit\u00e9<\/del><\/span><\/h2><\/div>\t\t\t\t<\/div>\n\t\t\t\t<\/div>\n\t\t\t\t\t<\/div>\n\t\t<\/div>\n\t\t\t\t\t<\/div>\n\t\t<\/section>\n\t\t\t\t<section class=\"elementor-section elementor-top-section elementor-element elementor-element-a33bd19 elementor-section-boxed elementor-section-height-default elementor-section-height-default\" data-id=\"a33bd19\" data-element_type=\"section\" data-e-type=\"section\">\n\t\t\t\t\t\t<div class=\"elementor-container elementor-column-gap-default\">\n\t\t\t\t\t<div class=\"elementor-column elementor-col-50 elementor-top-column elementor-element elementor-element-b37b706\" data-id=\"b37b706\" data-element_type=\"column\" data-e-type=\"column\">\n\t\t\t<div class=\"elementor-widget-wrap elementor-element-populated\">\n\t\t\t\t\t\t<section class=\"elementor-section elementor-inner-section elementor-element elementor-element-b74fafe elementor-section-boxed elementor-section-height-default elementor-section-height-default\" data-id=\"b74fafe\" data-element_type=\"section\" data-e-type=\"section\">\n\t\t\t\t\t\t<div class=\"elementor-container elementor-column-gap-default\">\n\t\t\t\t\t<div class=\"elementor-column elementor-col-100 elementor-inner-column elementor-element elementor-element-f05c030\" data-id=\"f05c030\" data-element_type=\"column\" data-e-type=\"column\">\n\t\t\t<div class=\"elementor-widget-wrap elementor-element-populated\">\n\t\t\t\t\t\t<div class=\"elementor-element elementor-element-7d34628 elementor-widget elementor-widget-text-editor\" data-id=\"7d34628\" data-element_type=\"widget\" data-e-type=\"widget\" data-widget_type=\"text-editor.default\">\n\t\t\t\t<div class=\"elementor-widget-container\">\n\t\t\t\t\t\t\t\t\t<p><strong>STM Sistemi Tecnologie Medicali<\/strong> est n\u00e9e en <strong>1997<\/strong> de la rencontre de professionnels du secteur des gaz m\u00e9dicaux, unis par un objectif profond : innover en mettant l\u2019exp\u00e9rience au service de la vie.<br \/>D\u00e8s le d\u00e9but, nous avons choisi de concevoir et de r\u00e9aliser des solutions qui ne soient pas seulement techniquement excellentes, mais aussi fiables, s\u00fbres et pens\u00e9es pour accompagner le travail quotidien des professionnels de sant\u00e9.<br \/>Chaque installation que nous r\u00e9alisons est le fruit de l\u2019\u00e9coute, de la comp\u00e9tence et du sens des responsabilit\u00e9s.<br \/>Nous savons que notre travail a un impact sur les environnements de soins, sur les op\u00e9rateurs sanitaires et sur les patients : c\u2019est pourquoi nous d\u00e9veloppons chaque projet avec attention, pr\u00e9cision et respect, en offrant un service complet allant de la conception \u00e0 la maintenance, et en construisant des relations fond\u00e9es sur la confiance et la continuit\u00e9 dans le temps.<br \/>Nous croyons en une technologie qui ne s\u2019impose pas, mais qui soutient.<br \/>Notre vision est celle d\u2019un syst\u00e8me de sant\u00e9 o\u00f9 l\u2019innovation na\u00eet de l\u2019\u00e9coute des besoins r\u00e9els, de la simplicit\u00e9 des solutions et d\u2019un fort sens \u00e9thique.<br \/>Nous souhaitons \u00eatre une r\u00e9f\u00e9rence dans le domaine des technologies m\u00e9dicales, reconnus pour notre capacit\u00e9 \u00e0 regarder vers l\u2019avenir sans perdre la valeur humaine de notre travail.<br \/>Nous imaginons un avenir fait de solutions toujours plus s\u00fbres, intelligentes et durables, capables de contribuer concr\u00e8tement au bien-\u00eatre des personnes et \u00e0 la s\u00e9r\u00e9nit\u00e9 des lieux de soins.<\/p>\t\t\t\t\t\t\t\t<\/div>\n\t\t\t\t<\/div>\n\t\t\t\t\t<\/div>\n\t\t<\/div>\n\t\t\t\t\t<\/div>\n\t\t<\/section>\n\t\t\t\t\t<\/div>\n\t\t<\/div>\n\t\t\t\t<div class=\"elementor-column elementor-col-50 elementor-top-column elementor-element elementor-element-d0612c4\" data-id=\"d0612c4\" data-element_type=\"column\" data-e-type=\"column\">\n\t\t\t<div class=\"elementor-widget-wrap elementor-element-populated\">\n\t\t\t\t\t\t<div class=\"elementor-element elementor-element-c25890b elementor-widget elementor-widget-image\" data-id=\"c25890b\" data-element_type=\"widget\" data-e-type=\"widget\" data-widget_type=\"image.default\">\n\t\t\t\t<div class=\"elementor-widget-container\">\n\t\t\t\t\t\t\t\t\t\t\t\t\t\t\t<img decoding=\"async\" width=\"872\" height=\"734\" src=\"https:\/\/stmmedicali.eu\/wp-content\/uploads\/2026\/01\/STM_Sistemi-Tecnologie-Medicali_Servizi-azienda.jpg\" class=\"attachment-large size-large wp-image-25130\" alt=\"\" srcset=\"https:\/\/stmmedicali.eu\/wp-content\/uploads\/2026\/01\/STM_Sistemi-Tecnologie-Medicali_Servizi-azienda.jpg 872w, https:\/\/stmmedicali.eu\/wp-content\/uploads\/2026\/01\/STM_Sistemi-Tecnologie-Medicali_Servizi-azienda-300x253.jpg 300w, https:\/\/stmmedicali.eu\/wp-content\/uploads\/2026\/01\/STM_Sistemi-Tecnologie-Medicali_Servizi-azienda-768x646.jpg 768w\" sizes=\"(max-width: 872px) 100vw, 872px\" \/>\t\t\t\t\t\t\t\t\t\t\t\t\t\t\t<\/div>\n\t\t\t\t<\/div>\n\t\t\t\t\t<\/div>\n\t\t<\/div>\n\t\t\t\t\t<\/div>\n\t\t<\/section>\n\t\t\t\t<\/div>\n\t\t","protected":false},"excerpt":{"rendered":"<p>STM Sistemi Tecnologie Medicali est n\u00e9e en 1997 de la rencontre de professionnels du secteur des gaz m\u00e9dicaux, unis par un objectif profond : innover en mettant l\u2019exp\u00e9rience au service de la vie.D\u00e8s le d\u00e9but, nous avons choisi de concevoir et&#8230;<\/p>\n","protected":false},"author":1,"featured_media":0,"parent":0,"menu_order":0,"comment_status":"closed","ping_status":"closed","template":"","meta":{"footnotes":""},"class_list":["post-25128","page","type-page","status-publish","hentry"],"yoast_head":"<!-- This site is optimized with the Yoast SEO plugin v27.4 - https:\/\/yoast.com\/product\/yoast-seo-wordpress\/ -->\n<title>Agence - STM Medicali<\/title>\n<meta name=\"description\" content=\"STM Sistemi Tecnologie Medicali est n\u00e9e en 1997 de la rencontre de professionnels du secteur des gaz m\u00e9dicaux, unis par un objectif profond : innover en\" \/>\n<meta name=\"robots\" content=\"index, follow, max-snippet:-1, max-image-preview:large, max-video-preview:-1\" \/>\n<link rel=\"canonical\" href=\"https:\/\/stmmedicali.eu\/fr\/agence\/\" \/>\n<meta property=\"og:locale\" content=\"fr_FR\" \/>\n<meta property=\"og:type\" content=\"article\" \/>\n<meta property=\"og:title\" content=\"Agence - STM Medicali\" \/>\n<meta property=\"og:description\" content=\"STM Sistemi Tecnologie Medicali est n\u00e9e en 1997 de la rencontre de professionnels du secteur des gaz m\u00e9dicaux, unis par un objectif profond : innover en\" \/>\n<meta property=\"og:url\" content=\"https:\/\/stmmedicali.eu\/fr\/agence\/\" \/>\n<meta property=\"og:site_name\" content=\"STM Medicali\" \/>\n<meta property=\"article:modified_time\" content=\"2026-04-07T07:03:00+00:00\" \/>\n<meta property=\"og:image\" content=\"https:\/\/stmmedicali.eu\/wp-content\/uploads\/2026\/01\/STM_SIStemi-Tecnologie-Medicali-Azienda.jpg\" \/>\n\t<meta property=\"og:image:width\" content=\"693\" \/>\n\t<meta property=\"og:image:height\" content=\"366\" \/>\n\t<meta property=\"og:image:type\" content=\"image\/jpeg\" \/>\n<meta name=\"twitter:card\" content=\"summary_large_image\" \/>\n<meta name=\"twitter:label1\" content=\"Dur\u00e9e de lecture estim\u00e9e\" \/>\n\t<meta name=\"twitter:data1\" content=\"2 minutes\" \/>\n<script type=\"application\/ld+json\" class=\"yoast-schema-graph\">{\"@context\":\"https:\\\/\\\/schema.org\",\"@graph\":[{\"@type\":\"WebPage\",\"@id\":\"https:\\\/\\\/stmmedicali.eu\\\/fr\\\/agence\\\/\",\"url\":\"https:\\\/\\\/stmmedicali.eu\\\/fr\\\/agence\\\/\",\"name\":\"Agence - STM Medicali\",\"isPartOf\":{\"@id\":\"https:\\\/\\\/stmmedicali.eu\\\/fr\\\/#website\"},\"primaryImageOfPage\":{\"@id\":\"https:\\\/\\\/stmmedicali.eu\\\/fr\\\/agence\\\/#primaryimage\"},\"image\":{\"@id\":\"https:\\\/\\\/stmmedicali.eu\\\/fr\\\/agence\\\/#primaryimage\"},\"thumbnailUrl\":\"https:\\\/\\\/stmmedicali.eu\\\/wp-content\\\/uploads\\\/2026\\\/01\\\/STM_SIStemi-Tecnologie-Medicali-Azienda.jpg\",\"datePublished\":\"2025-12-06T10:25:22+00:00\",\"dateModified\":\"2026-04-07T07:03:00+00:00\",\"description\":\"STM Sistemi Tecnologie Medicali est n\u00e9e en 1997 de la rencontre de professionnels du secteur des gaz m\u00e9dicaux, unis par un objectif profond : innover en\",\"breadcrumb\":{\"@id\":\"https:\\\/\\\/stmmedicali.eu\\\/fr\\\/agence\\\/#breadcrumb\"},\"inLanguage\":\"fr-FR\",\"potentialAction\":[{\"@type\":\"ReadAction\",\"target\":[\"https:\\\/\\\/stmmedicali.eu\\\/fr\\\/agence\\\/\"]}]},{\"@type\":\"ImageObject\",\"inLanguage\":\"fr-FR\",\"@id\":\"https:\\\/\\\/stmmedicali.eu\\\/fr\\\/agence\\\/#primaryimage\",\"url\":\"https:\\\/\\\/stmmedicali.eu\\\/wp-content\\\/uploads\\\/2026\\\/01\\\/STM_SIStemi-Tecnologie-Medicali-Azienda.jpg\",\"contentUrl\":\"https:\\\/\\\/stmmedicali.eu\\\/wp-content\\\/uploads\\\/2026\\\/01\\\/STM_SIStemi-Tecnologie-Medicali-Azienda.jpg\"},{\"@type\":\"BreadcrumbList\",\"@id\":\"https:\\\/\\\/stmmedicali.eu\\\/fr\\\/agence\\\/#breadcrumb\",\"itemListElement\":[{\"@type\":\"ListItem\",\"position\":1,\"name\":\"Home\",\"item\":\"https:\\\/\\\/stmmedicali.eu\\\/fr\\\/\"},{\"@type\":\"ListItem\",\"position\":2,\"name\":\"Agence\"}]},{\"@type\":\"WebSite\",\"@id\":\"https:\\\/\\\/stmmedicali.eu\\\/fr\\\/#website\",\"url\":\"https:\\\/\\\/stmmedicali.eu\\\/fr\\\/\",\"name\":\"STM Medicali\",\"description\":\"\",\"publisher\":{\"@id\":\"https:\\\/\\\/stmmedicali.eu\\\/fr\\\/#organization\"},\"potentialAction\":[{\"@type\":\"SearchAction\",\"target\":{\"@type\":\"EntryPoint\",\"urlTemplate\":\"https:\\\/\\\/stmmedicali.eu\\\/fr\\\/?s={search_term_string}\"},\"query-input\":{\"@type\":\"PropertyValueSpecification\",\"valueRequired\":true,\"valueName\":\"search_term_string\"}}],\"inLanguage\":\"fr-FR\"},{\"@type\":\"Organization\",\"@id\":\"https:\\\/\\\/stmmedicali.eu\\\/fr\\\/#organization\",\"name\":\"STM Medicali\",\"url\":\"https:\\\/\\\/stmmedicali.eu\\\/fr\\\/\",\"logo\":{\"@type\":\"ImageObject\",\"inLanguage\":\"fr-FR\",\"@id\":\"https:\\\/\\\/stmmedicali.eu\\\/fr\\\/#\\\/schema\\\/logo\\\/image\\\/\",\"url\":\"https:\\\/\\\/stmmedicali.eu\\\/wp-content\\\/uploads\\\/2025\\\/11\\\/cropped-favicon.png\",\"contentUrl\":\"https:\\\/\\\/stmmedicali.eu\\\/wp-content\\\/uploads\\\/2025\\\/11\\\/cropped-favicon.png\",\"width\":512,\"height\":512,\"caption\":\"STM Medicali\"},\"image\":{\"@id\":\"https:\\\/\\\/stmmedicali.eu\\\/fr\\\/#\\\/schema\\\/logo\\\/image\\\/\"}}]}<\/script>\n<!-- \/ Yoast SEO plugin. -->","yoast_head_json":{"title":"Agence - STM Medicali","description":"STM Sistemi Tecnologie Medicali est n\u00e9e en 1997 de la rencontre de professionnels du secteur des gaz m\u00e9dicaux, unis par un objectif profond : innover en","robots":{"index":"index","follow":"follow","max-snippet":"max-snippet:-1","max-image-preview":"max-image-preview:large","max-video-preview":"max-video-preview:-1"},"canonical":"https:\/\/stmmedicali.eu\/fr\/agence\/","og_locale":"fr_FR","og_type":"article","og_title":"Agence - STM Medicali","og_description":"STM Sistemi Tecnologie Medicali est n\u00e9e en 1997 de la rencontre de professionnels du secteur des gaz m\u00e9dicaux, unis par un objectif profond : innover en","og_url":"https:\/\/stmmedicali.eu\/fr\/agence\/","og_site_name":"STM Medicali","article_modified_time":"2026-04-07T07:03:00+00:00","og_image":[{"width":693,"height":366,"url":"https:\/\/stmmedicali.eu\/wp-content\/uploads\/2026\/01\/STM_SIStemi-Tecnologie-Medicali-Azienda.jpg","type":"image\/jpeg"}],"twitter_card":"summary_large_image","twitter_misc":{"Dur\u00e9e de lecture estim\u00e9e":"2 minutes"},"schema":{"@context":"https:\/\/schema.org","@graph":[{"@type":"WebPage","@id":"https:\/\/stmmedicali.eu\/fr\/agence\/","url":"https:\/\/stmmedicali.eu\/fr\/agence\/","name":"Agence - STM Medicali","isPartOf":{"@id":"https:\/\/stmmedicali.eu\/fr\/#website"},"primaryImageOfPage":{"@id":"https:\/\/stmmedicali.eu\/fr\/agence\/#primaryimage"},"image":{"@id":"https:\/\/stmmedicali.eu\/fr\/agence\/#primaryimage"},"thumbnailUrl":"https:\/\/stmmedicali.eu\/wp-content\/uploads\/2026\/01\/STM_SIStemi-Tecnologie-Medicali-Azienda.jpg","datePublished":"2025-12-06T10:25:22+00:00","dateModified":"2026-04-07T07:03:00+00:00","description":"STM Sistemi Tecnologie Medicali est n\u00e9e en 1997 de la rencontre de professionnels du secteur des gaz m\u00e9dicaux, unis par un objectif profond : innover en","breadcrumb":{"@id":"https:\/\/stmmedicali.eu\/fr\/agence\/#breadcrumb"},"inLanguage":"fr-FR","potentialAction":[{"@type":"ReadAction","target":["https:\/\/stmmedicali.eu\/fr\/agence\/"]}]},{"@type":"ImageObject","inLanguage":"fr-FR","@id":"https:\/\/stmmedicali.eu\/fr\/agence\/#primaryimage","url":"https:\/\/stmmedicali.eu\/wp-content\/uploads\/2026\/01\/STM_SIStemi-Tecnologie-Medicali-Azienda.jpg","contentUrl":"https:\/\/stmmedicali.eu\/wp-content\/uploads\/2026\/01\/STM_SIStemi-Tecnologie-Medicali-Azienda.jpg"},{"@type":"BreadcrumbList","@id":"https:\/\/stmmedicali.eu\/fr\/agence\/#breadcrumb","itemListElement":[{"@type":"ListItem","position":1,"name":"Home","item":"https:\/\/stmmedicali.eu\/fr\/"},{"@type":"ListItem","position":2,"name":"Agence"}]},{"@type":"WebSite","@id":"https:\/\/stmmedicali.eu\/fr\/#website","url":"https:\/\/stmmedicali.eu\/fr\/","name":"STM Medicali","description":"","publisher":{"@id":"https:\/\/stmmedicali.eu\/fr\/#organization"},"potentialAction":[{"@type":"SearchAction","target":{"@type":"EntryPoint","urlTemplate":"https:\/\/stmmedicali.eu\/fr\/?s={search_term_string}"},"query-input":{"@type":"PropertyValueSpecification","valueRequired":true,"valueName":"search_term_string"}}],"inLanguage":"fr-FR"},{"@type":"Organization","@id":"https:\/\/stmmedicali.eu\/fr\/#organization","name":"STM Medicali","url":"https:\/\/stmmedicali.eu\/fr\/","logo":{"@type":"ImageObject","inLanguage":"fr-FR","@id":"https:\/\/stmmedicali.eu\/fr\/#\/schema\/logo\/image\/","url":"https:\/\/stmmedicali.eu\/wp-content\/uploads\/2025\/11\/cropped-favicon.png","contentUrl":"https:\/\/stmmedicali.eu\/wp-content\/uploads\/2025\/11\/cropped-favicon.png","width":512,"height":512,"caption":"STM Medicali"},"image":{"@id":"https:\/\/stmmedicali.eu\/fr\/#\/schema\/logo\/image\/"}}]}},"_links":{"self":[{"href":"https:\/\/stmmedicali.eu\/fr\/wp-json\/wp\/v2\/pages\/25128","targetHints":{"allow":["GET"]}}],"collection":[{"href":"https:\/\/stmmedicali.eu\/fr\/wp-json\/wp\/v2\/pages"}],"about":[{"href":"https:\/\/stmmedicali.eu\/fr\/wp-json\/wp\/v2\/types\/page"}],"author":[{"embeddable":true,"href":"https:\/\/stmmedicali.eu\/fr\/wp-json\/wp\/v2\/users\/1"}],"replies":[{"embeddable":true,"href":"https:\/\/stmmedicali.eu\/fr\/wp-json\/wp\/v2\/comments?post=25128"}],"version-history":[{"count":5,"href":"https:\/\/stmmedicali.eu\/fr\/wp-json\/wp\/v2\/pages\/25128\/revisions"}],"predecessor-version":[{"id":25136,"href":"https:\/\/stmmedicali.eu\/fr\/wp-json\/wp\/v2\/pages\/25128\/revisions\/25136"}],"wp:attachment":[{"href":"https:\/\/stmmedicali.eu\/fr\/wp-json\/wp\/v2\/media?parent=25128"}],"curies":[{"name":"wp","href":"https:\/\/api.w.org\/{rel}","templated":true}]}}